{"id":611559,"date":"2025-08-10T16:22:18","date_gmt":"2025-08-10T14:22:18","guid":{"rendered":"https:\/\/lucacastelli.com\/prodotto\/milwaukee-diamant-zylinderschneider-m14\/"},"modified":"2025-08-10T16:22:18","modified_gmt":"2025-08-10T14:22:18","slug":"milwaukee-diamant-zylinderschneider-m14","status":"publish","type":"product","link":"https:\/\/lucacastelli.com\/de\/produkt\/milwaukee-diamant-zylinderschneider-m14\/","title":{"rendered":"Milwaukee Diamant-Zylinderschneider M14"},"content":{"rendered":"<p>M14 Diamantfr\u00e4ser 20mm-1pc<br \/>\nZum Fr\u00e4sen und Gestalten von verschiedenen Materialien, z.B. Feinsteinzeug, Granit, Naturstein, Marmor, Ziegel, Fliesen und Beton;Zum Anfasen der oben genannten Materialien;Zum Vergr\u00f6\u00dfern von bestehenden L\u00f6chern;M14-Aufsatz zur direkten Montage auf Schleifmaschinen;Lebensdauer: Hochwertiger Diamant f\u00fcr maximale Haltbarkeit und hohe Abziehleistung<\/p>\n<p>4932479078<br \/>\n4058546368722<\/p>\n","protected":false},"excerpt":{"rendered":"<p>M14 Diamant-Fr\u00e4sbohrer 20mm-1St.<\/p>\n","protected":false},"featured_media":543084,"template":"","meta":{"_seopress_robots_primary_cat":"","_seopress_titles_title":"","_seopress_titles_desc":"","_seopress_robots_index":""},"product_brand":[3407],"product_cat":[5531,29],"product_tag":[3270],"class_list":{"0":"post-611559","1":"product","2":"type-product","3":"status-publish","4":"has-post-thumbnail","6":"product_brand-milwaukee","7":"product_cat-vari-macchinari-milwaukee","8":"product_cat-macchinari","9":"product_tag-import-milwau","10":"sws-conto-ricavi-merci-rivendita-macchinari-de","11":"sws-gruppo-iva-iva81-de","13":"first","14":"onbackorder","15":"sale","16":"shipping-taxable","17":"purchasable","18":"product-type-simple"},"_links":{"self":[{"href":"https:\/\/lucacastelli.com\/de\/wp-json\/wp\/v2\/product\/611559","targetHints":{"allow":["GET"]}}],"collection":[{"href":"https:\/\/lucacastelli.com\/de\/wp-json\/wp\/v2\/product"}],"about":[{"href":"https:\/\/lucacastelli.com\/de\/wp-json\/wp\/v2\/types\/product"}],"wp:featuredmedia":[{"embeddable":true,"href":"https:\/\/lucacastelli.com\/de\/wp-json\/wp\/v2\/media\/543084"}],"wp:attachment":[{"href":"https:\/\/lucacastelli.com\/de\/wp-json\/wp\/v2\/media?parent=611559"}],"wp:term":[{"taxonomy":"product_brand","embeddable":true,"href":"https:\/\/lucacastelli.com\/de\/wp-json\/wp\/v2\/product_brand?post=611559"},{"taxonomy":"product_cat","embeddable":true,"href":"https:\/\/lucacastelli.com\/de\/wp-json\/wp\/v2\/product_cat?post=611559"},{"taxonomy":"product_tag","embeddable":true,"href":"https:\/\/lucacastelli.com\/de\/wp-json\/wp\/v2\/product_tag?post=611559"}],"curies":[{"name":"wp","href":"https:\/\/api.w.org\/{rel}","templated":true}]}}