{"id":611552,"date":"2025-08-10T16:13:25","date_gmt":"2025-08-10T14:13:25","guid":{"rendered":"https:\/\/lucacastelli.com\/prodotto\/milwaukee-mehrzweckschere\/"},"modified":"2025-08-10T16:13:25","modified_gmt":"2025-08-10T14:13:25","slug":"milwaukee-mehrzweckschere","status":"publish","type":"product","link":"https:\/\/lucacastelli.com\/de\/produkt\/milwaukee-mehrzweckschere\/","title":{"rendered":"Milwaukee Mehrzweckschere"},"content":{"rendered":"<p>Gekr\u00f6pfte Schere<br \/>\nKarbidstruktur aus Eisen f\u00fcr maximale Haltbarkeit. L\u00e4ngere Lebensdauer im Vergleich zu rostfreiem Stahl;Verchromte Klingen f\u00fcr maximalen Schutz vor Rost;Die gesamte Scherenstruktur besteht aus Metall f\u00fcr maximale Haltbarkeit bei St\u00fcrzen, wodurch die Bruchgefahr verringert wird;Die \u00fcberdimensionierte Mutter verhindert, dass sich die Klingen l\u00f6sen, und sorgt so f\u00fcr eine hohe Schnittpr\u00e4zision;Gro\u00dfer Griff f\u00fcr eine einfache Anwendung auch mit Handschuhen;Geformter Griff f\u00fcr mehr Komfort;Lasergravierte metrische Skala am Rand der Klinge, mit der du gleichzeitig messen und schneiden kannst;Mikrogezahnte Klinge f\u00fcr maximale Haltbarkeit und besseren Halt auf dem zu schneidenden Material;60\u00b0 abgewinkelte Klingen, damit der Benutzer seine Hand \u00fcber dem zu schneidenden Material halten kann <\/p>\n<p>4932479410<br \/>\n4058546372040<\/p>\n","protected":false},"excerpt":{"rendered":"<p>Versetzte Schere<\/p>\n","protected":false},"featured_media":543720,"template":"","meta":{"_seopress_robots_primary_cat":"","_seopress_titles_title":"","_seopress_titles_desc":"","_seopress_robots_index":""},"product_brand":[3407],"product_cat":[5416,33],"product_tag":[3270],"class_list":{"0":"post-611552","1":"product","2":"type-product","3":"status-publish","4":"has-post-thumbnail","6":"product_brand-milwaukee","7":"product_cat-utensili-per-officina","8":"product_cat-attrezzature","9":"product_tag-import-milwau","10":"sws-conto-ricavi-merci-rivendita-macchinari-de","11":"sws-gruppo-iva-iva81-de","13":"first","14":"onbackorder","15":"shipping-taxable","16":"purchasable","17":"product-type-simple"},"_links":{"self":[{"href":"https:\/\/lucacastelli.com\/de\/wp-json\/wp\/v2\/product\/611552","targetHints":{"allow":["GET"]}}],"collection":[{"href":"https:\/\/lucacastelli.com\/de\/wp-json\/wp\/v2\/product"}],"about":[{"href":"https:\/\/lucacastelli.com\/de\/wp-json\/wp\/v2\/types\/product"}],"wp:featuredmedia":[{"embeddable":true,"href":"https:\/\/lucacastelli.com\/de\/wp-json\/wp\/v2\/media\/543720"}],"wp:attachment":[{"href":"https:\/\/lucacastelli.com\/de\/wp-json\/wp\/v2\/media?parent=611552"}],"wp:term":[{"taxonomy":"product_brand","embeddable":true,"href":"https:\/\/lucacastelli.com\/de\/wp-json\/wp\/v2\/product_brand?post=611552"},{"taxonomy":"product_cat","embeddable":true,"href":"https:\/\/lucacastelli.com\/de\/wp-json\/wp\/v2\/product_cat?post=611552"},{"taxonomy":"product_tag","embeddable":true,"href":"https:\/\/lucacastelli.com\/de\/wp-json\/wp\/v2\/product_tag?post=611552"}],"curies":[{"name":"wp","href":"https:\/\/api.w.org\/{rel}","templated":true}]}}