{"id":611545,"date":"2025-08-10T16:13:18","date_gmt":"2025-08-10T14:13:18","guid":{"rendered":"https:\/\/lucacastelli.com\/prodotto\/milwaukee-elektrikerschere\/"},"modified":"2025-08-10T16:13:18","modified_gmt":"2025-08-10T14:13:18","slug":"milwaukee-elektrikerschere","status":"publish","type":"product","link":"https:\/\/lucacastelli.com\/de\/produkt\/milwaukee-elektrikerschere\/","title":{"rendered":"Milwaukee Elektrikerschere"},"content":{"rendered":"<p>Elektrikerschere<br \/>\nKabelschneidrille f\u00fcr mehr Hebelwirkung; abgerundete Rille erm\u00f6glicht einfaches Abisolieren von Kabeln; Crimpmaschine f\u00fcr Crimps bis zu 6 mm; verstellbare Klemmschraube erm\u00f6glicht Einstellung der gew\u00fcnschten St\u00e4rke; Koffer f\u00fcr einfache Aufbewahrung<\/p>\n<p>4932478620<br \/>\n4058546348137<\/p>\n","protected":false},"excerpt":{"rendered":"<p>Elektriker Schere<\/p>\n","protected":false},"featured_media":541323,"template":"","meta":{"_seopress_robots_primary_cat":"","_seopress_titles_title":"","_seopress_titles_desc":"","_seopress_robots_index":""},"product_brand":[3407],"product_cat":[5416,33],"product_tag":[3270],"class_list":{"0":"post-611545","1":"product","2":"type-product","3":"status-publish","4":"has-post-thumbnail","6":"product_brand-milwaukee","7":"product_cat-utensili-per-officina","8":"product_cat-attrezzature","9":"product_tag-import-milwau","10":"sws-conto-ricavi-merci-rivendita-macchinari-de","11":"sws-gruppo-iva-iva81-de","13":"first","14":"onbackorder","15":"shipping-taxable","16":"purchasable","17":"product-type-simple"},"_links":{"self":[{"href":"https:\/\/lucacastelli.com\/de\/wp-json\/wp\/v2\/product\/611545","targetHints":{"allow":["GET"]}}],"collection":[{"href":"https:\/\/lucacastelli.com\/de\/wp-json\/wp\/v2\/product"}],"about":[{"href":"https:\/\/lucacastelli.com\/de\/wp-json\/wp\/v2\/types\/product"}],"wp:featuredmedia":[{"embeddable":true,"href":"https:\/\/lucacastelli.com\/de\/wp-json\/wp\/v2\/media\/541323"}],"wp:attachment":[{"href":"https:\/\/lucacastelli.com\/de\/wp-json\/wp\/v2\/media?parent=611545"}],"wp:term":[{"taxonomy":"product_brand","embeddable":true,"href":"https:\/\/lucacastelli.com\/de\/wp-json\/wp\/v2\/product_brand?post=611545"},{"taxonomy":"product_cat","embeddable":true,"href":"https:\/\/lucacastelli.com\/de\/wp-json\/wp\/v2\/product_cat?post=611545"},{"taxonomy":"product_tag","embeddable":true,"href":"https:\/\/lucacastelli.com\/de\/wp-json\/wp\/v2\/product_tag?post=611545"}],"curies":[{"name":"wp","href":"https:\/\/api.w.org\/{rel}","templated":true}]}}