{"id":611538,"date":"2025-08-10T16:30:56","date_gmt":"2025-08-10T14:30:56","guid":{"rendered":"https:\/\/lucacastelli.com\/prodotto\/milwaukee-rotationsschneider-9\/"},"modified":"2025-08-10T16:30:56","modified_gmt":"2025-08-10T14:30:56","slug":"milwaukee-rotationsschneider-9","status":"publish","type":"product","link":"https:\/\/lucacastelli.com\/de\/produkt\/milwaukee-rotationsschneider-9\/","title":{"rendered":"Milwaukee Rotationsschneider"},"content":{"rendered":"<p>DREHFR\u00c4SER TYP H 6&#215;10 MM<br \/>\nNach DIN 8033;Zweischneidige Zahngeometrie sorgt f\u00fcr hervorragenden Materialabtrag, geringe Vibration f\u00fcr einfache Handhabung;Geeignet f\u00fcr ungeh\u00e4rteten und geh\u00e4rteten Stahl, Gusseisen und Buntmetalle (Aluminium, Messing, Kupfer);Typ H: Flamme;Geeignet f\u00fcr M18 FDGRB<\/p>\n<p>4932493984<br \/>\n4058546511449<\/p>\n","protected":false},"excerpt":{"rendered":"<p>DREHFRAESEN TYP H 6&#215;10 MM<\/p>\n","protected":false},"featured_media":564808,"template":"","meta":{"_seopress_robots_primary_cat":"","_seopress_titles_title":"","_seopress_titles_desc":"","_seopress_robots_index":""},"product_brand":[3407],"product_cat":[5531,29],"product_tag":[3270],"class_list":{"0":"post-611538","1":"product","2":"type-product","3":"status-publish","4":"has-post-thumbnail","6":"product_brand-milwaukee","7":"product_cat-vari-macchinari-milwaukee","8":"product_cat-macchinari","9":"product_tag-import-milwau","10":"sws-conto-ricavi-merci-rivendita-macchinari-de","11":"sws-gruppo-iva-iva81-de","13":"first","14":"onbackorder","15":"sale","16":"shipping-taxable","17":"purchasable","18":"product-type-simple"},"_links":{"self":[{"href":"https:\/\/lucacastelli.com\/de\/wp-json\/wp\/v2\/product\/611538","targetHints":{"allow":["GET"]}}],"collection":[{"href":"https:\/\/lucacastelli.com\/de\/wp-json\/wp\/v2\/product"}],"about":[{"href":"https:\/\/lucacastelli.com\/de\/wp-json\/wp\/v2\/types\/product"}],"wp:featuredmedia":[{"embeddable":true,"href":"https:\/\/lucacastelli.com\/de\/wp-json\/wp\/v2\/media\/564808"}],"wp:attachment":[{"href":"https:\/\/lucacastelli.com\/de\/wp-json\/wp\/v2\/media?parent=611538"}],"wp:term":[{"taxonomy":"product_brand","embeddable":true,"href":"https:\/\/lucacastelli.com\/de\/wp-json\/wp\/v2\/product_brand?post=611538"},{"taxonomy":"product_cat","embeddable":true,"href":"https:\/\/lucacastelli.com\/de\/wp-json\/wp\/v2\/product_cat?post=611538"},{"taxonomy":"product_tag","embeddable":true,"href":"https:\/\/lucacastelli.com\/de\/wp-json\/wp\/v2\/product_tag?post=611538"}],"curies":[{"name":"wp","href":"https:\/\/api.w.org\/{rel}","templated":true}]}}