{"id":611515,"date":"2025-08-10T16:31:03","date_gmt":"2025-08-10T14:31:03","guid":{"rendered":"https:\/\/lucacastelli.com\/prodotto\/milwaukee-rotationsschneider\/"},"modified":"2025-08-10T16:31:03","modified_gmt":"2025-08-10T14:31:03","slug":"milwaukee-rotationsschneider","status":"publish","type":"product","link":"https:\/\/lucacastelli.com\/de\/produkt\/milwaukee-rotationsschneider\/","title":{"rendered":"Milwaukee Rotationsschneider"},"content":{"rendered":"<p>DREHFRAESER TYP C 6&#215;10 MM<br \/>\nNach DIN 8033;Zweischneidige Zahngeometrie garantiert hervorragenden Materialabtrag, geringe Vibration f\u00fcr einfache Handhabung;Geeignet f\u00fcr ungeh\u00e4rteten und geh\u00e4rteten Stahl, Gusseisen und Nichteisenmetalle (Aluminium, Messing, Kupfer);Typ C: Zylinder mit rundem Kopf;Geeignet f\u00fcr M18 FDGRB<\/p>\n<p>4932493982<br \/>\n4058546511425<\/p>\n","protected":false},"excerpt":{"rendered":"<p>DREHFRAESEN TYP C 6&#215;10 MM<\/p>\n","protected":false},"featured_media":564797,"template":"","meta":{"_seopress_robots_primary_cat":"","_seopress_titles_title":"","_seopress_titles_desc":"","_seopress_robots_index":""},"product_brand":[3656],"product_cat":[169,5534],"product_tag":[3272],"class_list":{"0":"post-611515","1":"product","2":"type-product","3":"status-publish","4":"has-post-thumbnail","6":"product_brand-milwaukee-de","7":"product_cat-maschinen","8":"product_cat-verschiedene-maschinen-von-milwaukee","9":"product_tag-import-milwau-de","10":"sws-conto-ricavi-merci-rivendita-macchinari-de","11":"sws-gruppo-iva-iva81-de","13":"first","14":"onbackorder","15":"sale","16":"shipping-taxable","17":"purchasable","18":"product-type-simple"},"_links":{"self":[{"href":"https:\/\/lucacastelli.com\/de\/wp-json\/wp\/v2\/product\/611515","targetHints":{"allow":["GET"]}}],"collection":[{"href":"https:\/\/lucacastelli.com\/de\/wp-json\/wp\/v2\/product"}],"about":[{"href":"https:\/\/lucacastelli.com\/de\/wp-json\/wp\/v2\/types\/product"}],"wp:featuredmedia":[{"embeddable":true,"href":"https:\/\/lucacastelli.com\/de\/wp-json\/wp\/v2\/media\/564797"}],"wp:attachment":[{"href":"https:\/\/lucacastelli.com\/de\/wp-json\/wp\/v2\/media?parent=611515"}],"wp:term":[{"taxonomy":"product_brand","embeddable":true,"href":"https:\/\/lucacastelli.com\/de\/wp-json\/wp\/v2\/product_brand?post=611515"},{"taxonomy":"product_cat","embeddable":true,"href":"https:\/\/lucacastelli.com\/de\/wp-json\/wp\/v2\/product_cat?post=611515"},{"taxonomy":"product_tag","embeddable":true,"href":"https:\/\/lucacastelli.com\/de\/wp-json\/wp\/v2\/product_tag?post=611515"}],"curies":[{"name":"wp","href":"https:\/\/api.w.org\/{rel}","templated":true}]}}