{"id":611511,"date":"2025-08-10T15:17:33","date_gmt":"2025-08-10T13:17:33","guid":{"rendered":"https:\/\/lucacastelli.com\/prodotto\/milwaukee-performance-schutzbrillen-6\/"},"modified":"2025-08-17T00:09:22","modified_gmt":"2025-08-16T22:09:22","slug":"milwaukee-performance-schutzbrillen-6","status":"publish","type":"product","link":"https:\/\/lucacastelli.com\/de\/produkt\/milwaukee-performance-schutzbrillen-6\/","title":{"rendered":"Milwaukee PERFORMANCE Schutzbrillen"},"content":{"rendered":"<p>PERFORMANCE SAFETY GLASSES YELLOW &#8211; 1PC<br \/>\nGl\u00e4ser mit Anti-Kratz-Behandlung; Gl\u00e4ser mit Anti-Beschlag-Behandlung; Weiche, flexible B\u00fcgel f\u00fcr lang anhaltenden Tragekomfort; Europ\u00e4ische Zertifizierung: EN166, EN168 und EN172<\/p>\n<p>4932478928<br \/>\n4058546362102<\/p>\n","protected":false},"excerpt":{"rendered":"<p>PERFORMANCE SCHUTZBRILLE GELB &#8211; 1ST.<\/p>\n","protected":false},"featured_media":542448,"template":"","meta":{"_seopress_robots_primary_cat":"","_seopress_titles_title":"","_seopress_titles_desc":"","_seopress_robots_index":""},"product_brand":[3407],"product_cat":[33,537,816],"product_tag":[3270],"class_list":{"0":"post-611511","1":"product","2":"type-product","3":"status-publish","4":"has-post-thumbnail","6":"product_brand-milwaukee","7":"product_cat-attrezzature","8":"product_cat-attrezzatura-da-lavoro","9":"product_cat-visiere-e-occhiali-protettivi","10":"product_tag-import-milwau","11":"sws-conto-ricavi-merci-rivendita-macchinari-de","12":"sws-gruppo-iva-iva81-de","14":"first","15":"onbackorder","16":"shipping-taxable","17":"purchasable","18":"product-type-simple"},"_links":{"self":[{"href":"https:\/\/lucacastelli.com\/de\/wp-json\/wp\/v2\/product\/611511","targetHints":{"allow":["GET"]}}],"collection":[{"href":"https:\/\/lucacastelli.com\/de\/wp-json\/wp\/v2\/product"}],"about":[{"href":"https:\/\/lucacastelli.com\/de\/wp-json\/wp\/v2\/types\/product"}],"wp:featuredmedia":[{"embeddable":true,"href":"https:\/\/lucacastelli.com\/de\/wp-json\/wp\/v2\/media\/542448"}],"wp:attachment":[{"href":"https:\/\/lucacastelli.com\/de\/wp-json\/wp\/v2\/media?parent=611511"}],"wp:term":[{"taxonomy":"product_brand","embeddable":true,"href":"https:\/\/lucacastelli.com\/de\/wp-json\/wp\/v2\/product_brand?post=611511"},{"taxonomy":"product_cat","embeddable":true,"href":"https:\/\/lucacastelli.com\/de\/wp-json\/wp\/v2\/product_cat?post=611511"},{"taxonomy":"product_tag","embeddable":true,"href":"https:\/\/lucacastelli.com\/de\/wp-json\/wp\/v2\/product_tag?post=611511"}],"curies":[{"name":"wp","href":"https:\/\/api.w.org\/{rel}","templated":true}]}}