{"id":611495,"date":"2025-08-10T15:17:25","date_gmt":"2025-08-10T13:17:25","guid":{"rendered":"https:\/\/lucacastelli.com\/prodotto\/milwaukee-premium-schutzbrille-mit-schaumstoffeinsatz-2\/"},"modified":"2025-08-10T15:17:25","modified_gmt":"2025-08-10T13:17:25","slug":"milwaukee-premium-schutzbrille-mit-schaumstoffeinsatz-2","status":"publish","type":"product","link":"https:\/\/lucacastelli.com\/de\/produkt\/milwaukee-premium-schutzbrille-mit-schaumstoffeinsatz-2\/","title":{"rendered":"Milwaukee PREMIUM Schutzbrille mit Schaumstoffeinsatz"},"content":{"rendered":"<p>OCCH SICUR HPERFORMANCE dark polar 1pcs<br \/>\nPolarisierte Gl\u00e4ser bieten Schutz vor Blendung durch die Sonne; Herausnehmbarer Schaumstoffeinsatz f\u00fcr zus\u00e4tzlichen Schutz gegen das Eindringen von Schmutz; Weiche, flexible St\u00e4bchen f\u00fcr l\u00e4ngeren Tragekomfort; Gl\u00e4ser mit Anti-Kratz-Behandlung; Gl\u00e4ser mit Anti-Beschlag-Behandlung; Inklusive Etui; Europ\u00e4isches Zertifikat: EN166, EN168 und EN 172<\/p>\n<p> 4058546297855<\/p>\n","protected":false},"excerpt":{"rendered":"<p>OCCH SICUR HPERFORMANCE dunkel polar 1 Stk.<\/p>\n","protected":false},"featured_media":549862,"template":"","meta":{"_seopress_robots_primary_cat":"","_seopress_titles_title":"","_seopress_titles_desc":"","_seopress_robots_index":""},"product_brand":[3407],"product_cat":[33,537,816],"product_tag":[3270],"class_list":{"0":"post-611495","1":"product","2":"type-product","3":"status-publish","4":"has-post-thumbnail","6":"product_brand-milwaukee","7":"product_cat-attrezzature","8":"product_cat-attrezzatura-da-lavoro","9":"product_cat-visiere-e-occhiali-protettivi","10":"product_tag-import-milwau","11":"sws-conto-ricavi-merci-rivendita-macchinari-de","12":"sws-gruppo-iva-iva81-de","14":"first","15":"onbackorder","16":"shipping-taxable","17":"purchasable","18":"product-type-simple"},"_links":{"self":[{"href":"https:\/\/lucacastelli.com\/de\/wp-json\/wp\/v2\/product\/611495","targetHints":{"allow":["GET"]}}],"collection":[{"href":"https:\/\/lucacastelli.com\/de\/wp-json\/wp\/v2\/product"}],"about":[{"href":"https:\/\/lucacastelli.com\/de\/wp-json\/wp\/v2\/types\/product"}],"wp:featuredmedia":[{"embeddable":true,"href":"https:\/\/lucacastelli.com\/de\/wp-json\/wp\/v2\/media\/549862"}],"wp:attachment":[{"href":"https:\/\/lucacastelli.com\/de\/wp-json\/wp\/v2\/media?parent=611495"}],"wp:term":[{"taxonomy":"product_brand","embeddable":true,"href":"https:\/\/lucacastelli.com\/de\/wp-json\/wp\/v2\/product_brand?post=611495"},{"taxonomy":"product_cat","embeddable":true,"href":"https:\/\/lucacastelli.com\/de\/wp-json\/wp\/v2\/product_cat?post=611495"},{"taxonomy":"product_tag","embeddable":true,"href":"https:\/\/lucacastelli.com\/de\/wp-json\/wp\/v2\/product_tag?post=611495"}],"curies":[{"name":"wp","href":"https:\/\/api.w.org\/{rel}","templated":true}]}}