{"id":611477,"date":"2025-08-10T16:22:45","date_gmt":"2025-08-10T14:22:45","guid":{"rendered":"https:\/\/lucacastelli.com\/prodotto\/milwaukee-off-centre-base-zum-fraesen-in-der-naehe-von-hindernissen-fuer-m18-ftr\/"},"modified":"2025-08-10T16:22:45","modified_gmt":"2025-08-10T14:22:45","slug":"milwaukee-off-centre-base-zum-fraesen-in-der-naehe-von-hindernissen-fuer-m18-ftr","status":"publish","type":"product","link":"https:\/\/lucacastelli.com\/de\/produkt\/milwaukee-off-centre-base-zum-fraesen-in-der-naehe-von-hindernissen-fuer-m18-ftr\/","title":{"rendered":"Milwaukee Off-centre Base zum Fr\u00e4sen in der N\u00e4he von Hindernissen f\u00fcr M18 FTR"},"content":{"rendered":"<p>DECEN-BASIS F\u00dcR DAS FR\u00c4SEN IN DER N\u00c4HE VON HINDERDERN<br \/>\nDezentrale Basis f\u00fcr das Fr\u00e4sen in der N\u00e4he von Hindernissen f\u00fcr M18 FTR8<\/p>\n<p>4932471946<br \/>\n4058546298456<\/p>\n","protected":false},"excerpt":{"rendered":"<p>DEZENTE BASIS F\u00dcR DAS FR\u00c4SEN IN DER N\u00c4HE VON HINDERNISSEN<\/p>\n","protected":false},"featured_media":538630,"template":"","meta":{"_seopress_robots_primary_cat":"","_seopress_titles_title":"","_seopress_titles_desc":"","_seopress_robots_index":""},"product_brand":[3656],"product_cat":[169,5534],"product_tag":[3272],"class_list":{"0":"post-611477","1":"product","2":"type-product","3":"status-publish","4":"has-post-thumbnail","6":"product_brand-milwaukee-de","7":"product_cat-maschinen","8":"product_cat-verschiedene-maschinen-von-milwaukee","9":"product_tag-import-milwau-de","10":"sws-conto-ricavi-merci-rivendita-macchinari-de","11":"sws-gruppo-iva-iva81-de","13":"first","14":"onbackorder","15":"sale","16":"shipping-taxable","17":"purchasable","18":"product-type-simple"},"_links":{"self":[{"href":"https:\/\/lucacastelli.com\/de\/wp-json\/wp\/v2\/product\/611477","targetHints":{"allow":["GET"]}}],"collection":[{"href":"https:\/\/lucacastelli.com\/de\/wp-json\/wp\/v2\/product"}],"about":[{"href":"https:\/\/lucacastelli.com\/de\/wp-json\/wp\/v2\/types\/product"}],"wp:featuredmedia":[{"embeddable":true,"href":"https:\/\/lucacastelli.com\/de\/wp-json\/wp\/v2\/media\/538630"}],"wp:attachment":[{"href":"https:\/\/lucacastelli.com\/de\/wp-json\/wp\/v2\/media?parent=611477"}],"wp:term":[{"taxonomy":"product_brand","embeddable":true,"href":"https:\/\/lucacastelli.com\/de\/wp-json\/wp\/v2\/product_brand?post=611477"},{"taxonomy":"product_cat","embeddable":true,"href":"https:\/\/lucacastelli.com\/de\/wp-json\/wp\/v2\/product_cat?post=611477"},{"taxonomy":"product_tag","embeddable":true,"href":"https:\/\/lucacastelli.com\/de\/wp-json\/wp\/v2\/product_tag?post=611477"}],"curies":[{"name":"wp","href":"https:\/\/api.w.org\/{rel}","templated":true}]}}