{"id":611475,"date":"2025-08-10T16:22:42","date_gmt":"2025-08-10T14:22:42","guid":{"rendered":"https:\/\/lucacastelli.com\/prodotto\/milwaukee-anschluss-fuer-automatische-zufuehrung\/"},"modified":"2025-08-10T16:22:42","modified_gmt":"2025-08-10T14:22:42","slug":"milwaukee-anschluss-fuer-automatische-zufuehrung","status":"publish","type":"product","link":"https:\/\/lucacastelli.com\/de\/produkt\/milwaukee-anschluss-fuer-automatische-zufuehrung\/","title":{"rendered":"Milwaukee Anschluss f\u00fcr automatische Zuf\u00fchrung"},"content":{"rendered":"<p>BASISPLATTE F\u00dcR M18FFSDC<br \/>\nFlacher Sockel f\u00fcr die automatische Zuf\u00fchrung f\u00fcr M18 FFSDC;Geeignet f\u00fcr alle M18 FFSDC-Trommeln<\/p>\n<p>4932478225<br \/>\n4058546344023<\/p>\n","protected":false},"excerpt":{"rendered":"<p>BASISPLATTE f\u00fcr M18FFSDC<\/p>\n","protected":false},"featured_media":540341,"template":"","meta":{"_seopress_robots_primary_cat":"","_seopress_titles_title":"","_seopress_titles_desc":"","_seopress_robots_index":""},"product_brand":[3407],"product_cat":[5531,29],"product_tag":[3270],"class_list":{"0":"post-611475","1":"product","2":"type-product","3":"status-publish","4":"has-post-thumbnail","6":"product_brand-milwaukee","7":"product_cat-vari-macchinari-milwaukee","8":"product_cat-macchinari","9":"product_tag-import-milwau","10":"sws-conto-ricavi-merci-rivendita-macchinari-de","11":"sws-gruppo-iva-iva81-de","13":"first","14":"onbackorder","15":"sale","16":"shipping-taxable","17":"purchasable","18":"product-type-simple"},"_links":{"self":[{"href":"https:\/\/lucacastelli.com\/de\/wp-json\/wp\/v2\/product\/611475","targetHints":{"allow":["GET"]}}],"collection":[{"href":"https:\/\/lucacastelli.com\/de\/wp-json\/wp\/v2\/product"}],"about":[{"href":"https:\/\/lucacastelli.com\/de\/wp-json\/wp\/v2\/types\/product"}],"wp:featuredmedia":[{"embeddable":true,"href":"https:\/\/lucacastelli.com\/de\/wp-json\/wp\/v2\/media\/540341"}],"wp:attachment":[{"href":"https:\/\/lucacastelli.com\/de\/wp-json\/wp\/v2\/media?parent=611475"}],"wp:term":[{"taxonomy":"product_brand","embeddable":true,"href":"https:\/\/lucacastelli.com\/de\/wp-json\/wp\/v2\/product_brand?post=611475"},{"taxonomy":"product_cat","embeddable":true,"href":"https:\/\/lucacastelli.com\/de\/wp-json\/wp\/v2\/product_cat?post=611475"},{"taxonomy":"product_tag","embeddable":true,"href":"https:\/\/lucacastelli.com\/de\/wp-json\/wp\/v2\/product_tag?post=611475"}],"curies":[{"name":"wp","href":"https:\/\/api.w.org\/{rel}","templated":true}]}}