{"id":611448,"date":"2025-08-14T07:42:48","date_gmt":"2025-08-14T05:42:48","guid":{"rendered":"https:\/\/lucacastelli.com\/prodotto\/protos-gehoerschutzkapseln-20\/"},"modified":"2026-03-24T10:05:26","modified_gmt":"2026-03-24T09:05:26","slug":"protos-gehoerschutzkapseln-20","status":"publish","type":"product","link":"https:\/\/lucacastelli.com\/de\/produkt\/protos-gehoerschutzkapseln-20\/","title":{"rendered":"Protos\u00ae Geh\u00f6rschutzkapseln"},"content":{"rendered":"<p>Die Ohrkapseln des Protos\u00ae Integral sind als Ersatzteil erh\u00e4ltlich, sofern die Geh\u00f6rschutzstangen noch in einwandfreiem Zustand sind. Die Kapseln bieten eine Schalld\u00e4mmung von SNR=27 dB und erf\u00fcllen damit alle Anforderungen. <\/p>\n<p>Material: 50% ABS 50% Polyamid<br \/>\nGewicht: 158 g<br \/>\nEinheiten: paarweise<br \/>\nIsolationswert: SNR=27 dB (H=34 dB, M=24 dB, L=17 dB)<\/p>\n","protected":false},"excerpt":{"rendered":"<p>Die Ohrkapseln des Protos\u00ae Integral sind als Ersatzteil erh\u00e4ltlich, sofern die Geh\u00f6rschutzstangen noch in einwandfreiem Zustand sind. Die Kapseln bieten<\/p>\n","protected":false},"featured_media":608652,"template":"","meta":{"_seopress_robots_primary_cat":"none","_seopress_titles_title":"","_seopress_titles_desc":"","_seopress_robots_index":""},"product_brand":[3458,4381],"product_cat":[33,537,815],"product_tag":[],"class_list":{"0":"post-611448","1":"product","2":"type-product","3":"status-publish","4":"has-post-thumbnail","6":"product_brand-pfanner","7":"product_brand-protos","8":"product_cat-attrezzature","9":"product_cat-attrezzatura-da-lavoro","10":"product_cat-caschi","11":"sws-gruppo-no-gruppo","12":"sws-categoria-sito","13":"sws-conto-ricavi-merci-rivendita-abbigliamento","14":"sws-gruppo-iva-iva81","16":"first","17":"instock","18":"shipping-taxable","19":"purchasable","20":"product-type-variable","21":"has-default-attributes"},"_links":{"self":[{"href":"https:\/\/lucacastelli.com\/de\/wp-json\/wp\/v2\/product\/611448","targetHints":{"allow":["GET"]}}],"collection":[{"href":"https:\/\/lucacastelli.com\/de\/wp-json\/wp\/v2\/product"}],"about":[{"href":"https:\/\/lucacastelli.com\/de\/wp-json\/wp\/v2\/types\/product"}],"wp:featuredmedia":[{"embeddable":true,"href":"https:\/\/lucacastelli.com\/de\/wp-json\/wp\/v2\/media\/608652"}],"wp:attachment":[{"href":"https:\/\/lucacastelli.com\/de\/wp-json\/wp\/v2\/media?parent=611448"}],"wp:term":[{"taxonomy":"product_brand","embeddable":true,"href":"https:\/\/lucacastelli.com\/de\/wp-json\/wp\/v2\/product_brand?post=611448"},{"taxonomy":"product_cat","embeddable":true,"href":"https:\/\/lucacastelli.com\/de\/wp-json\/wp\/v2\/product_cat?post=611448"},{"taxonomy":"product_tag","embeddable":true,"href":"https:\/\/lucacastelli.com\/de\/wp-json\/wp\/v2\/product_tag?post=611448"}],"curies":[{"name":"wp","href":"https:\/\/api.w.org\/{rel}","templated":true}]}}