{"id":611335,"date":"2025-08-14T07:40:52","date_gmt":"2025-08-14T05:40:52","guid":{"rendered":"https:\/\/lucacastelli.com\/prodotto\/protos-gehoerschutzkapseln\/"},"modified":"2026-04-15T10:16:06","modified_gmt":"2026-04-15T08:16:06","slug":"protos-gehoerschutzkapseln","status":"publish","type":"product","link":"https:\/\/lucacastelli.com\/de\/produkt\/protos-gehoerschutzkapseln\/","title":{"rendered":"Protos\u00ae Geh\u00f6rschutzkapseln"},"content":{"rendered":"<p>Die Geh\u00f6rschutzkapseln f\u00fcr den Protos\u00ae Integral sind als Ersatzteile erh\u00e4ltlich, sofern die Geh\u00f6rschutzb\u00fcgel noch in einwandfreiem Zustand sind. Die Kapseln bieten eine Schalld\u00e4mmung von SNR=27 dB und erf\u00fcllen somit alle Anforderungen. <\/p>\n<p>Material: 50 % ABS, 50 % Polyamid<br \/>\nGewicht: 158 g<br \/>\nEinheit: paarweise<br \/>\nD\u00e4mmwert: SNR=27 dB (H=34 dB, M=24 dB, L=17 dB)<\/p>\n","protected":false},"excerpt":{"rendered":"<p>Die Geh\u00f6rschutzkapseln f\u00fcr den Protos\u00ae Integral sind als Ersatzteile erh\u00e4ltlich, sofern die Geh\u00f6rschutzb\u00fcgel noch in einwandfreiem Zustand sind. Die Kapseln<\/p>\n","protected":false},"featured_media":608539,"template":"","meta":{"_seopress_robots_primary_cat":"none","_seopress_titles_title":"","_seopress_titles_desc":"","_seopress_robots_index":""},"product_brand":[3670,4720],"product_cat":[150,1396,1404],"product_tag":[],"class_list":{"0":"post-611335","1":"product","2":"type-product","3":"status-publish","4":"has-post-thumbnail","6":"product_brand-pfanner-de","7":"product_brand-protos-de","8":"product_cat-ausrustung","9":"product_cat-arbeitsausrustung","10":"product_cat-helme","11":"sws-gruppo-no-gruppo-de","12":"sws-categoria-sito-de","13":"sws-conto-ricavi-merci-rivendita-abbigliamento-de","14":"sws-gruppo-iva-iva81-de","16":"first","17":"instock","18":"shipping-taxable","19":"purchasable","20":"product-type-variable","21":"has-default-attributes"},"_links":{"self":[{"href":"https:\/\/lucacastelli.com\/de\/wp-json\/wp\/v2\/product\/611335","targetHints":{"allow":["GET"]}}],"collection":[{"href":"https:\/\/lucacastelli.com\/de\/wp-json\/wp\/v2\/product"}],"about":[{"href":"https:\/\/lucacastelli.com\/de\/wp-json\/wp\/v2\/types\/product"}],"wp:featuredmedia":[{"embeddable":true,"href":"https:\/\/lucacastelli.com\/de\/wp-json\/wp\/v2\/media\/608539"}],"wp:attachment":[{"href":"https:\/\/lucacastelli.com\/de\/wp-json\/wp\/v2\/media?parent=611335"}],"wp:term":[{"taxonomy":"product_brand","embeddable":true,"href":"https:\/\/lucacastelli.com\/de\/wp-json\/wp\/v2\/product_brand?post=611335"},{"taxonomy":"product_cat","embeddable":true,"href":"https:\/\/lucacastelli.com\/de\/wp-json\/wp\/v2\/product_cat?post=611335"},{"taxonomy":"product_tag","embeddable":true,"href":"https:\/\/lucacastelli.com\/de\/wp-json\/wp\/v2\/product_tag?post=611335"}],"curies":[{"name":"wp","href":"https:\/\/api.w.org\/{rel}","templated":true}]}}