{"id":611303,"date":"2025-08-15T17:48:13","date_gmt":"2025-08-15T15:48:13","guid":{"rendered":"https:\/\/lucacastelli.com\/prodotto\/protos-inuit-weste-7\/"},"modified":"2026-04-15T03:52:38","modified_gmt":"2026-04-15T01:52:38","slug":"protos-inuit-weste-7","status":"publish","type":"product","link":"https:\/\/lucacastelli.com\/de\/produkt\/protos-inuit-weste-7\/","title":{"rendered":"Protos\u00ae Inuit Weste"},"content":{"rendered":"<p>Die Protos\u00ae Inuit Weste ist glatt gestrickt und dadurch gut vor Schmutz und Feuchtigkeit gesch\u00fctzt. Sie verf\u00fcgt \u00fcber wasserabweisende Verst\u00e4rkungen an den Schultern, Zipp2Zipp\u00ae-Taschensystem und innen weichen Rauhflanell f\u00fcr ein angenehmes Tragegef\u00fchl. Elastischer Armausschnitt. Der Kragen und der verl\u00e4ngerte Nierenschutz sch\u00fctzen vor K\u00e4lte, w\u00e4hrend das 3CON\u00ae-Reflexmaterial auf der R\u00fcckseite f\u00fcr bessere Sichtbarkeit sorgt. Die Farben Orange und Gelb sind auch mit Reflexstreifen erh\u00e4ltlich.<br \/>\n&#8211; Zipp2Zipp\u00ae-Taschensystem mit Autolock-Reissverschl\u00fcssen<br \/>\n&#8211; Robustes, schmutzabweisendes Strickgewebe<br \/>\n&#8211; Weicher Flanell auf der Innenseite<br \/>\n&#8211; Wasserabweisende Verst\u00e4rkung an den Schultern<br \/>\n&#8211; 3CON\u00ae-Reflexmaterial auf der verl\u00e4ngerten R\u00fcckseite<br \/>\n&#8211; Reflexstreifen in den Farben Gelb und Orange    <\/p>\n<p>&nbsp;<\/p>\n<p>Material: 100 % Polyester<\/p>\n<p>&nbsp;<\/p>\n","protected":false},"excerpt":{"rendered":"<p>Die Protos\u00ae Inuit Weste ist glatt gestrickt und dadurch gut vor Schmutz und Feuchtigkeit gesch\u00fctzt. Sie verf\u00fcgt \u00fcber wasserabweisende Verst\u00e4rkungen<\/p>\n","protected":false},"featured_media":610382,"template":"","meta":{"_seopress_robots_primary_cat":"none","_seopress_titles_title":"","_seopress_titles_desc":"","_seopress_robots_index":""},"product_brand":[3670,4720],"product_cat":[1382,974,975,82],"product_tag":[],"class_list":{"0":"post-611303","1":"product","2":"type-product","3":"status-publish","4":"has-post-thumbnail","6":"product_brand-pfanner-de","7":"product_brand-protos-de","8":"product_cat-arbeitskleidung","9":"product_cat-freizeitkleidung","10":"product_cat-herrenbekleidung","11":"product_cat-kleidung","12":"sws-gruppo-no-gruppo-de","13":"sws-categoria-sito-de","14":"sws-conto-ricavi-merci-rivendita-abbigliamento-de","15":"sws-gruppo-iva-iva81-de","17":"first","18":"instock","19":"shipping-taxable","20":"purchasable","21":"product-type-variable","22":"has-default-attributes"},"_links":{"self":[{"href":"https:\/\/lucacastelli.com\/de\/wp-json\/wp\/v2\/product\/611303","targetHints":{"allow":["GET"]}}],"collection":[{"href":"https:\/\/lucacastelli.com\/de\/wp-json\/wp\/v2\/product"}],"about":[{"href":"https:\/\/lucacastelli.com\/de\/wp-json\/wp\/v2\/types\/product"}],"wp:featuredmedia":[{"embeddable":true,"href":"https:\/\/lucacastelli.com\/de\/wp-json\/wp\/v2\/media\/610382"}],"wp:attachment":[{"href":"https:\/\/lucacastelli.com\/de\/wp-json\/wp\/v2\/media?parent=611303"}],"wp:term":[{"taxonomy":"product_brand","embeddable":true,"href":"https:\/\/lucacastelli.com\/de\/wp-json\/wp\/v2\/product_brand?post=611303"},{"taxonomy":"product_cat","embeddable":true,"href":"https:\/\/lucacastelli.com\/de\/wp-json\/wp\/v2\/product_cat?post=611303"},{"taxonomy":"product_tag","embeddable":true,"href":"https:\/\/lucacastelli.com\/de\/wp-json\/wp\/v2\/product_tag?post=611303"}],"curies":[{"name":"wp","href":"https:\/\/api.w.org\/{rel}","templated":true}]}}