{"id":611098,"date":"2025-08-15T17:02:52","date_gmt":"2025-08-15T15:02:52","guid":{"rendered":"https:\/\/lucacastelli.com\/prodotto\/zipp4fit-warnweste-en-20471\/"},"modified":"2025-08-15T17:02:52","modified_gmt":"2025-08-15T15:02:52","slug":"zipp4fit-warnweste-en-20471","status":"publish","type":"product","link":"https:\/\/lucacastelli.com\/de\/produkt\/zipp4fit-warnweste-en-20471\/","title":{"rendered":"Zipp4Fit\u00ae Warnweste EN 20471"},"content":{"rendered":"<p>Die patentierte Zipp4Fit\u00ae Weste ist in jedem Fahrzeug unverzichtbar und kann sowohl bei der Arbeit als auch in der Freizeit getragen werden.<br \/>\nDas Motto lautet: nicht nur sehen, sondern auch gesehen werden!<br \/>\nDunkel gekleidete Menschen sind in der D\u00e4mmerung und im Dunkeln kaum zu sehen. Wenn es dann noch regnet, wird die Sichtbarkeit noch schlechter. Deshalb hat Pfanner die patentierte Zipp4Fit\u00ae Weste in verschiedenen Farben in sein Sortiment aufgenommen.<br \/>\nDie Weste ist mit dem Zipp4Fit\u00ae System ausgestattet, das eine Gr\u00f6\u00dfenanpassung in 10 verschiedenen Gr\u00f6\u00dfen erm\u00f6glicht. Der elastische und leichte R\u00fccken garantiert maximalen Komfort. Au\u00dferdem ist die Weste auf beiden Seiten mit dem Zipp2Zipp\u00ae Taschensystem ausgestattet. Der Stifthalter auf beiden Seiten ist unten offen, so dass sich kein Schmutz ansammeln kann. Reflektierende Streifen um den gesamten Umfang garantieren die Sichtbarkeitsklasse 2 nach EN 20471. Wenn alle seitlichen Rei\u00dfverschl\u00fcsse ge\u00f6ffnet sind, wird die Sichtbarkeit maximiert.<br \/>\nInformationen:<br \/>\nDie Warnweste ist in der Grundfarbe Orange (25) und in sechs Kontrastfarben erh\u00e4ltlich.<br \/>\n-Weiter Halsausschnitt<br \/>\n-Zipp2Zipp\u00ae Taschensystem<br \/>\n-10 seitliche Gr\u00f6\u00dfenanpassungen dank Zipp4Fit\u00ae Rei\u00dfverschluss von XS bis 5XL<br \/>\n-Unisex<br \/>\n-Leichtes elastisches R\u00fcckenteil<br \/>\n-Leichtgewichtige EN 20471 Klasse 2 zertifizierte Warnfarben<br \/>\n-3CON\u00ae reflektierend      <\/p>\n<p>Material: 100% Polyester<br \/>\nGr\u00f6\u00dfen: Einheitsgr\u00f6\u00dfe, verstellbar durch seitlichen Rei\u00dfverschluss von Gr\u00f6\u00dfe XS bis 5XL<br \/>\nNormen:<br \/>\nEN 20471 \/ Klasse 2<\/p>\n","protected":false},"excerpt":{"rendered":"<p>Die patentierte Zipp4Fit\u00ae Weste ist in jedem Fahrzeug unverzichtbar und kann sowohl bei der Arbeit als auch in der Freizeit<\/p>\n","protected":false},"featured_media":610224,"template":"","meta":{"_seopress_robots_primary_cat":"","_seopress_titles_title":"","_seopress_titles_desc":"","_seopress_robots_index":""},"product_brand":[3670],"product_cat":[82,1382],"product_tag":[],"class_list":{"0":"post-611098","1":"product","2":"type-product","3":"status-publish","4":"has-post-thumbnail","6":"product_brand-pfanner-de","7":"product_cat-kleidung","8":"product_cat-arbeitskleidung","9":"sws-gruppo-no-gruppo","10":"sws-categoria-sito","11":"sws-conto-ricavi-merci-rivendita-abbigliamento","12":"sws-gruppo-iva-iva81","14":"first","15":"instock","16":"shipping-taxable","17":"purchasable","18":"product-type-variable","19":"has-default-attributes"},"_links":{"self":[{"href":"https:\/\/lucacastelli.com\/de\/wp-json\/wp\/v2\/product\/611098","targetHints":{"allow":["GET"]}}],"collection":[{"href":"https:\/\/lucacastelli.com\/de\/wp-json\/wp\/v2\/product"}],"about":[{"href":"https:\/\/lucacastelli.com\/de\/wp-json\/wp\/v2\/types\/product"}],"wp:featuredmedia":[{"embeddable":true,"href":"https:\/\/lucacastelli.com\/de\/wp-json\/wp\/v2\/media\/610224"}],"wp:attachment":[{"href":"https:\/\/lucacastelli.com\/de\/wp-json\/wp\/v2\/media?parent=611098"}],"wp:term":[{"taxonomy":"product_brand","embeddable":true,"href":"https:\/\/lucacastelli.com\/de\/wp-json\/wp\/v2\/product_brand?post=611098"},{"taxonomy":"product_cat","embeddable":true,"href":"https:\/\/lucacastelli.com\/de\/wp-json\/wp\/v2\/product_cat?post=611098"},{"taxonomy":"product_tag","embeddable":true,"href":"https:\/\/lucacastelli.com\/de\/wp-json\/wp\/v2\/product_tag?post=611098"}],"curies":[{"name":"wp","href":"https:\/\/api.w.org\/{rel}","templated":true}]}}