{"id":610564,"date":"2025-08-15T18:39:43","date_gmt":"2025-08-15T16:39:43","guid":{"rendered":"https:\/\/lucacastelli.com\/prodotto\/pfanner-nanoshield-regenjacke\/"},"modified":"2026-04-14T13:56:37","modified_gmt":"2026-04-14T11:56:37","slug":"pfanner-nanoshield-regenjacke","status":"publish","type":"product","link":"https:\/\/lucacastelli.com\/de\/produkt\/pfanner-nanoshield-regenjacke\/","title":{"rendered":"PFANNER Nanoshield\u00ae Regenjacke"},"content":{"rendered":"<p>Die Nanoshield\u00ae Regenjacke hat eine Wassers\u00e4ule von 20.000 mm und ist dank der wasserdichten Rei\u00dfverschl\u00fcsse und der Sympatex-Membran zu 100 % wasserdicht. Die Innentasche, das innovative Zipp2Zipp\u00ae-Taschensystem und die Seitentaschen bieten ausreichend Platz f\u00fcr das Mobiltelefon und andere Gegenst\u00e4nde. Der verl\u00e4ngerte R\u00fccken sch\u00fctzt<br \/>\nzuverl\u00e4ssig den Nierenbereich vor Ausk\u00fchlung und die reflektierenden 3CON\u00ae-Icons garantieren maximale Sichtbarkeit. Die Jacke ist<br \/>\nzu 100 % recycelbar, inklusive Membran, und schont somit die Umwelt. Die 4 Modelle (neongelb, orange, orange\/neongelb und rot\/neongelb mit Reflektoren) entsprechen zudem der Norm EN 20471 \/ Klasse 2.<br \/>\n&#8211; Zipp2Zipp\u00ae-Taschensystem<br \/>\n&#8211; Jackenverschluss mit Rei\u00dfverschluss und Regenblende<br \/>\n&#8211; Innentasche mit Rei\u00dfverschluss<br \/>\n&#8211; Verl\u00e4ngerter R\u00fccken<br \/>\n&#8211; Netzfutter<br \/>\n&#8211; Wassers\u00e4ule 20.000 mm<br \/>\n&#8211; 100 % recycelbar<br \/>\n&#8211; Inklusive Kapuze<br \/>\n&#8211; 3CON\u00ae Reflex<br \/>\n&#8211; KlimaAIR\u00ae-Einsatz zum Kletten (optional)<br \/>\n&#8211; Reflexstreifen    <\/p>\n<p>Material: 100 % Polyester<br \/>\nNormen:<br \/>\nEN 20471 \/ Klasse 2 (neongelb, orange, orange\/neongelb und rot\/neongelb mit Reflektoren)<\/p>\n","protected":false},"excerpt":{"rendered":"<p>Die Nanoshield\u00ae Regenjacke hat eine Wassers\u00e4ule von 20.000 mm und ist dank der wasserdichten Rei\u00dfverschl\u00fcsse und der Sympatex-Membran zu 100<\/p>\n","protected":false},"featured_media":610504,"template":"","meta":{"_seopress_robots_primary_cat":"none","_seopress_titles_title":"","_seopress_titles_desc":"","_seopress_robots_index":""},"product_brand":[3458],"product_cat":[21,284],"product_tag":[],"class_list":{"0":"post-610564","1":"product","2":"type-product","3":"status-publish","4":"has-post-thumbnail","6":"product_brand-pfanner","7":"product_cat-abbigliamento","8":"product_cat-abbigliamento-da-lavoro","9":"sws-gruppo-no-gruppo-de","10":"sws-categoria-sito-de","11":"sws-conto-ricavi-merci-rivendita-abbigliamento-de","12":"sws-gruppo-iva-iva81-de","14":"first","15":"instock","16":"shipping-taxable","17":"purchasable","18":"product-type-variable","19":"has-default-attributes"},"_links":{"self":[{"href":"https:\/\/lucacastelli.com\/de\/wp-json\/wp\/v2\/product\/610564","targetHints":{"allow":["GET"]}}],"collection":[{"href":"https:\/\/lucacastelli.com\/de\/wp-json\/wp\/v2\/product"}],"about":[{"href":"https:\/\/lucacastelli.com\/de\/wp-json\/wp\/v2\/types\/product"}],"wp:featuredmedia":[{"embeddable":true,"href":"https:\/\/lucacastelli.com\/de\/wp-json\/wp\/v2\/media\/610504"}],"wp:attachment":[{"href":"https:\/\/lucacastelli.com\/de\/wp-json\/wp\/v2\/media?parent=610564"}],"wp:term":[{"taxonomy":"product_brand","embeddable":true,"href":"https:\/\/lucacastelli.com\/de\/wp-json\/wp\/v2\/product_brand?post=610564"},{"taxonomy":"product_cat","embeddable":true,"href":"https:\/\/lucacastelli.com\/de\/wp-json\/wp\/v2\/product_cat?post=610564"},{"taxonomy":"product_tag","embeddable":true,"href":"https:\/\/lucacastelli.com\/de\/wp-json\/wp\/v2\/product_tag?post=610564"}],"curies":[{"name":"wp","href":"https:\/\/api.w.org\/{rel}","templated":true}]}}