{"id":610545,"date":"2025-08-15T18:12:41","date_gmt":"2025-08-15T16:12:41","guid":{"rendered":"https:\/\/lucacastelli.com\/prodotto\/nanoshield-regenjacke-en-20471\/"},"modified":"2026-04-14T13:57:07","modified_gmt":"2026-04-14T11:57:07","slug":"nanoshield-regenjacke-en-20471","status":"publish","type":"product","link":"https:\/\/lucacastelli.com\/de\/produkt\/nanoshield-regenjacke-en-20471\/","title":{"rendered":"Nanoshield\u00ae Regenjacke EN 20471"},"content":{"rendered":"<p>Die Nanoshield\u00ae Regenjacke EN 20471 hat eine Wassers\u00e4ule von 20.000 mm und ist dank wasserdichter Rei\u00dfverschl\u00fcsse und Sympatex-Membran zu 100% wasserdicht. Die Innentasche, das innovative Zipp2Zipp\u00ae-Taschensystem und die Seitentaschen bieten ausreichend Platz f\u00fcr Handy und andere Gegenst\u00e4nde. Der verl\u00e4ngerte R\u00fccken sch\u00fctzt die Nierenpartie wirksam vor Ausk\u00fchlung und die reflektierenden 3CON\u00ae-Icons sorgen f\u00fcr maximale Sichtbarkeit. Die Jacke ist<br \/>\nzu 100% recycelbar, inklusive Membran, und somit umweltfreundlich. Die Nanoshield\u00ae Regenjacke EN 20471 entspricht zudem der Norm EN 20471 \/ Klasse 2.<br \/>\n-EN 20471 \/ Klasse 2<br \/>\n-Zipp2Zipp\u00ae-Taschensystem<br \/>\n-Rei\u00dfverschluss mit Regenschutz<br \/>\n-Innentasche mit Rei\u00dfverschluss<br \/>\n-Verl\u00e4ngertes R\u00fcckenteil<br \/>\n-Netzfutter<br \/>\n-Wassers\u00e4ule 20.000 mm<br \/>\n-100% recycelbar<br \/>\n-Kapuze inklusive<br \/>\n-3CON\u00ae Reflex<br \/>\n-KlimaAIR\u00ae-Einsatz zum Einkleben (optional)<br \/>\n-Reflektierende Streifen    <\/p>\n<p>Material: 100% Polyester<br \/>\nNormen:<br \/>\nEN 20471 \/ Klasse 2<\/p>\n","protected":false},"excerpt":{"rendered":"<p>Die Nanoshield\u00ae Regenjacke EN 20471 hat eine Wassers\u00e4ule von 20.000 mm und ist dank wasserdichter Rei\u00dfverschl\u00fcsse und Sympatex-Membran zu 100%<\/p>\n","protected":false},"featured_media":610446,"template":"","meta":{"_seopress_robots_primary_cat":"none","_seopress_titles_title":"","_seopress_titles_desc":"","_seopress_robots_index":""},"product_brand":[3458],"product_cat":[21,284],"product_tag":[],"class_list":{"0":"post-610545","1":"product","2":"type-product","3":"status-publish","4":"has-post-thumbnail","6":"product_brand-pfanner","7":"product_cat-abbigliamento","8":"product_cat-abbigliamento-da-lavoro","9":"sws-gruppo-no-gruppo-de","10":"sws-categoria-sito-de","11":"sws-conto-ricavi-merci-rivendita-abbigliamento-de","12":"sws-gruppo-iva-iva81-de","14":"first","15":"instock","16":"shipping-taxable","17":"purchasable","18":"product-type-variable","19":"has-default-attributes"},"_links":{"self":[{"href":"https:\/\/lucacastelli.com\/de\/wp-json\/wp\/v2\/product\/610545","targetHints":{"allow":["GET"]}}],"collection":[{"href":"https:\/\/lucacastelli.com\/de\/wp-json\/wp\/v2\/product"}],"about":[{"href":"https:\/\/lucacastelli.com\/de\/wp-json\/wp\/v2\/types\/product"}],"wp:featuredmedia":[{"embeddable":true,"href":"https:\/\/lucacastelli.com\/de\/wp-json\/wp\/v2\/media\/610446"}],"wp:attachment":[{"href":"https:\/\/lucacastelli.com\/de\/wp-json\/wp\/v2\/media?parent=610545"}],"wp:term":[{"taxonomy":"product_brand","embeddable":true,"href":"https:\/\/lucacastelli.com\/de\/wp-json\/wp\/v2\/product_brand?post=610545"},{"taxonomy":"product_cat","embeddable":true,"href":"https:\/\/lucacastelli.com\/de\/wp-json\/wp\/v2\/product_cat?post=610545"},{"taxonomy":"product_tag","embeddable":true,"href":"https:\/\/lucacastelli.com\/de\/wp-json\/wp\/v2\/product_tag?post=610545"}],"curies":[{"name":"wp","href":"https:\/\/api.w.org\/{rel}","templated":true}]}}