{"id":609996,"date":"2025-08-14T16:43:55","date_gmt":"2025-08-14T14:43:55","guid":{"rendered":"https:\/\/lucacastelli.com\/prodotto\/fjaellraeven-vaermland-wool-ls-m-2\/"},"modified":"2025-12-02T14:48:01","modified_gmt":"2025-12-02T13:48:01","slug":"fjaellraeven-vaermland-wool-ls-m-2","status":"publish","type":"product","link":"https:\/\/lucacastelli.com\/de\/produkt\/fjaellraeven-vaermland-wool-ls-m-2\/","title":{"rendered":"Fj\u00e4llr\u00e4ven V\u00c4RMLAND WOOL LS M"},"content":{"rendered":"<p>Bequemes und funktionelles Langarm-T-Shirt aus einer r\u00fcckverfolgbaren Woll-Polyester-Mischung. Hergestellt ohne PFC, f\u00fcr ein ganzes Leben. <\/p>\n<p>PRODUKTEIGENSCHAFTEN<br \/>\nBequemes und funktionelles Langarm-T-Shirt.<br \/>\nIdeale Basisschicht f\u00fcr die Jagd.<br \/>\nHergestellt aus einem weichen, r\u00fcckverfolgbaren Woll-Polyester-Gemisch.<br \/>\nTemperaturregulierend, schnelltrocknend und langlebig.<\/p>\n<p>PRODUKTBESCHREIBUNG<br \/>\nBequemes und funktionelles Langarm-T-Shirt aus einer r\u00fcckverfolgbaren Wollmischung, die die temperaturregulierenden Eigenschaften von Wolle mit der Schnelltrocknung und Haltbarkeit von Polyester kombiniert. Eine ideale Basisschicht, die das ganze Jahr \u00fcber f\u00fcr die Jagd verwendet werden kann. <\/p>\n<p>Artikelnummer: F86673<br \/>\nGeschlecht: M\u00e4nnlich<br \/>\nFamilie: V\u00e4rmland<br \/>\nAktivit\u00e4t: Jagd<br \/>\nUmweltinformationen: PFC-freies Produkt, Zertifizierte Tierfaser, R\u00fcckverfolgbare Wolle<br \/>\nEigenschaften: Feuchtigkeitsableitend, Isolierend bei N\u00e4sse, Isolierend, Geruchshemmend, Schnell trocknend<\/p>\n","protected":false},"excerpt":{"rendered":"<p>Bequemes und funktionelles Langarm-T-Shirt aus einer r\u00fcckverfolgbaren Woll-Polyester-Mischung. Hergestellt ohne PFC, f\u00fcr ein ganzes Leben. PRODUKTEIGENSCHAFTEN Bequemes und funktionelles Langarm-T-Shirt.<\/p>\n","protected":false},"featured_media":609916,"template":"","meta":{"_seopress_robots_primary_cat":"","_seopress_titles_title":"","_seopress_titles_desc":"","_seopress_robots_index":""},"product_brand":[5672],"product_cat":[21,189,190],"product_tag":[],"class_list":{"0":"post-609996","1":"product","2":"type-product","3":"status-publish","4":"has-post-thumbnail","6":"product_brand-fjallraven","7":"product_cat-abbigliamento","8":"product_cat-abbigliamento-per-il-tempo-libero","9":"product_cat-abbigliamento-da-uomo","10":"sws-gruppo-abb-libero-de","11":"sws-categoria-sito-de","12":"sws-conto-ricavi-merci-rivendita-abbigliamento-de","13":"sws-gruppo-iva-iva81-de","15":"first","16":"instock","17":"shipping-taxable","18":"purchasable","19":"product-type-variable"},"_links":{"self":[{"href":"https:\/\/lucacastelli.com\/de\/wp-json\/wp\/v2\/product\/609996","targetHints":{"allow":["GET"]}}],"collection":[{"href":"https:\/\/lucacastelli.com\/de\/wp-json\/wp\/v2\/product"}],"about":[{"href":"https:\/\/lucacastelli.com\/de\/wp-json\/wp\/v2\/types\/product"}],"wp:featuredmedia":[{"embeddable":true,"href":"https:\/\/lucacastelli.com\/de\/wp-json\/wp\/v2\/media\/609916"}],"wp:attachment":[{"href":"https:\/\/lucacastelli.com\/de\/wp-json\/wp\/v2\/media?parent=609996"}],"wp:term":[{"taxonomy":"product_brand","embeddable":true,"href":"https:\/\/lucacastelli.com\/de\/wp-json\/wp\/v2\/product_brand?post=609996"},{"taxonomy":"product_cat","embeddable":true,"href":"https:\/\/lucacastelli.com\/de\/wp-json\/wp\/v2\/product_cat?post=609996"},{"taxonomy":"product_tag","embeddable":true,"href":"https:\/\/lucacastelli.com\/de\/wp-json\/wp\/v2\/product_tag?post=609996"}],"curies":[{"name":"wp","href":"https:\/\/api.w.org\/{rel}","templated":true}]}}