{"id":609981,"date":"2025-08-14T16:44:08","date_gmt":"2025-08-14T14:44:08","guid":{"rendered":"https:\/\/lucacastelli.com\/prodotto\/fjaellraeven-keb-agile-trousers-m-kurz\/"},"modified":"2025-12-02T14:48:02","modified_gmt":"2025-12-02T13:48:02","slug":"fjaellraeven-keb-agile-trousers-m-kurz","status":"publish","type":"product","link":"https:\/\/lucacastelli.com\/de\/produkt\/fjaellraeven-keb-agile-trousers-m-kurz\/","title":{"rendered":"Fj\u00e4llr\u00e4ven Keb Agile Trousers M kurz"},"content":{"rendered":"<p>Leichte und robuste Stretch-Hose f\u00fcr technisches Trekking. PFC-freie Produkte f\u00fcr ein ganzes Leben. <\/p>\n<p>PRODUKTEIGENSCHAFTEN<br \/>\nDoppellagiges Stretchgewebe aus teilweise recyceltem Polyamid und Elastan.<br \/>\nVerst\u00e4rkungen an den Knien und am unteren Bein aus G-1000 Lite Stretch f\u00fcr zus\u00e4tzliche Strapazierf\u00e4higkeit.<br \/>\nBel\u00fcftungs\u00f6ffnungen mit Rei\u00dfverschluss an den Seiten.<br \/>\nNormale Passform und in drei L\u00e4ngen erh\u00e4ltlich: kurz, normal und lang.<br \/>\nUPDATE: Jetzt mit einer neuen, breiteren Passform f\u00fcr mehr Bewegungsfreiheit und Komfort.<\/p>\n<p>PRODUKTBESCHREIBUNG<br \/>\nDie Keb Agile Hose f\u00fcr M\u00e4nner wurde entwickelt, um in den w\u00e4rmeren Monaten deine Lieblings-Wanderhose zu sein, und kombiniert geringes Gewicht mit gro\u00dfer Bewegungsfreiheit. Sie besteht aus einem strapazierf\u00e4higen, doppellagigen Stretchgewebe, das schnell trocknet und die Beine vor unwegsamem Gel\u00e4nde sch\u00fctzt. Das Design ist minimalistisch mit offenen Handtaschen und spitz zulaufenden Beinen, w\u00e4hrend die Beintaschen und Knie aus G-1000 Lite Stretch f\u00fcr Strapazierf\u00e4higkeit sorgen. Jetzt mit einer neuen, f\u00fclligeren Passform f\u00fcr mehr Bewegungsfreiheit und Komfort.   <\/p>\n<p>Wenn du bereits ein Fan unserer Hosen bist, solltest du in unserer verbesserten Passform eine Nummer gr\u00f6\u00dfer bestellen. Wenn dies deine erste Hose ist, sieh bitte in unserer Gr\u00f6\u00dfentabelle nach, um deine beste Passform zu finden. <\/p>\n<p>Artikelnummer: F86411<br \/>\nGeschlecht: M\u00e4nner<br \/>\nFamilie: Keb<br \/>\nAktivit\u00e4t: Trekking<br \/>\nUmweltinformationen: PFC-freies Produkt, Bio-Baumwolle, Recyceltes Polyester, Recyceltes Polyamid<br \/>\nEigenschaften: Gr\u00f6nlandwachs, Langlebigkeit, Stretch, Ventilation<\/p>\n","protected":false},"excerpt":{"rendered":"<p>Leichte und robuste Stretch-Hose f\u00fcr technisches Trekking. PFC-freie Produkte f\u00fcr ein ganzes Leben. PRODUKTEIGENSCHAFTEN Doppellagiges Stretchgewebe aus teilweise recyceltem Polyamid<\/p>\n","protected":false},"featured_media":609921,"template":"","meta":{"_seopress_robots_primary_cat":"","_seopress_titles_title":"","_seopress_titles_desc":"","_seopress_robots_index":""},"product_brand":[5672],"product_cat":[21,189,190],"product_tag":[],"class_list":{"0":"post-609981","1":"product","2":"type-product","3":"status-publish","4":"has-post-thumbnail","6":"product_brand-fjallraven","7":"product_cat-abbigliamento","8":"product_cat-abbigliamento-per-il-tempo-libero","9":"product_cat-abbigliamento-da-uomo","10":"sws-gruppo-abb-libero-de","11":"sws-categoria-sito-de","12":"sws-conto-ricavi-merci-rivendita-abbigliamento-de","13":"sws-gruppo-iva-iva81-de","15":"first","16":"instock","17":"shipping-taxable","18":"purchasable","19":"product-type-variable"},"_links":{"self":[{"href":"https:\/\/lucacastelli.com\/de\/wp-json\/wp\/v2\/product\/609981","targetHints":{"allow":["GET"]}}],"collection":[{"href":"https:\/\/lucacastelli.com\/de\/wp-json\/wp\/v2\/product"}],"about":[{"href":"https:\/\/lucacastelli.com\/de\/wp-json\/wp\/v2\/types\/product"}],"wp:featuredmedia":[{"embeddable":true,"href":"https:\/\/lucacastelli.com\/de\/wp-json\/wp\/v2\/media\/609921"}],"wp:attachment":[{"href":"https:\/\/lucacastelli.com\/de\/wp-json\/wp\/v2\/media?parent=609981"}],"wp:term":[{"taxonomy":"product_brand","embeddable":true,"href":"https:\/\/lucacastelli.com\/de\/wp-json\/wp\/v2\/product_brand?post=609981"},{"taxonomy":"product_cat","embeddable":true,"href":"https:\/\/lucacastelli.com\/de\/wp-json\/wp\/v2\/product_cat?post=609981"},{"taxonomy":"product_tag","embeddable":true,"href":"https:\/\/lucacastelli.com\/de\/wp-json\/wp\/v2\/product_tag?post=609981"}],"curies":[{"name":"wp","href":"https:\/\/api.w.org\/{rel}","templated":true}]}}