{"id":609969,"date":"2025-08-14T16:43:15","date_gmt":"2025-08-14T14:43:15","guid":{"rendered":"https:\/\/lucacastelli.com\/prodotto\/fjaellraeven-keb-trousers-m-kurz\/"},"modified":"2025-12-02T14:48:02","modified_gmt":"2025-12-02T13:48:02","slug":"fjaellraeven-keb-trousers-m-kurz","status":"publish","type":"product","link":"https:\/\/lucacastelli.com\/de\/produkt\/fjaellraeven-keb-trousers-m-kurz\/","title":{"rendered":"Fj\u00e4llr\u00e4ven Keb Trousers M kurz"},"content":{"rendered":"<p>Preisgekr\u00f6nte Trekkinghose aus Stretchmaterial und G-1000. Jetzt aktualisiert f\u00fcr noch bessere Leistung, Komfort und Haltbarkeit. PFC-freie Produkte f\u00fcr ein ganzes Leben.  <\/p>\n<p>PRODUKTEIGENSCHAFTEN<br \/>\nPreisgekr\u00f6nte, technisch fortschrittliche Trekkinghose mit entwickelter Passform.<br \/>\nAus Stretchgewebe und G-1000 f\u00fcr Bewegungsfreiheit, Strapazierf\u00e4higkeit und Schutz.<br \/>\nSeitliche Zwei-Wege-Bel\u00fcftungsrei\u00dfverschl\u00fcsse und zus\u00e4tzliche Bel\u00fcftungsrei\u00dfverschl\u00fcsse an den Waden.<br \/>\nZwei Hand- und zwei Beintaschen mit gekn\u00f6pfter Klappe, eine mit Netzinnentasche. Erh\u00e4ltlich in drei L\u00e4ngen: kurz, normal und lang.<br \/>\nUPDATE: jetzt mit einer breiteren Passform f\u00fcr mehr Bewegungsfreiheit und Komfort. <\/p>\n<p>PRODUKTBESCHREIBUNG<br \/>\nPreisgekr\u00f6nte Trekkinghose aus Stretchgewebe und G-1000, jetzt aktualisiert, um Leistung, Komfort und Haltbarkeit weiter zu verbessern. Die Hose verf\u00fcgt \u00fcber klassische, ger\u00e4umige Taschen, gro\u00dfz\u00fcgige Bel\u00fcftungsrei\u00dfverschl\u00fcsse und \u00d6ffnungen f\u00fcr Knieschoner (ein Zubeh\u00f6r). Eine klassische, gut sitzende und strapazierf\u00e4hige Hose f\u00fcr maximale Bewegungsfreiheit in den Bergen. Erh\u00e4ltlich in drei L\u00e4ngen: kurz, normal und lang.   <\/p>\n<p>Wenn du bereits ein Fan unserer Hosen bist, solltest du in unserer verbesserten Passform eine Nummer gr\u00f6\u00dfer bestellen. Wenn dies deine erste Hose ist, sieh bitte in unserer Gr\u00f6\u00dfentabelle nach, um deine beste Passform zu finden. <\/p>\n<p>Artikelnummer: F87176<br \/>\nGeschlecht: M\u00e4nner<br \/>\nFamilie: Keb<br \/>\nAktivit\u00e4t: Trekking<br \/>\nUmweltinformationen: PFC-freies Produkt, Bio-Baumwolle, Recyceltes Polyester<br \/>\nEigenschaften: Anpassungsf\u00e4hig mit Gr\u00f6nlandwachs, Atmungsaktiv, Langlebig, Wasserabweisend, Windabweisend, Stretch, Ventilation<\/p>\n","protected":false},"excerpt":{"rendered":"<p>Preisgekr\u00f6nte Trekkinghose aus Stretchmaterial und G-1000. Jetzt aktualisiert f\u00fcr noch bessere Leistung, Komfort und Haltbarkeit. PFC-freie Produkte f\u00fcr ein ganzes<\/p>\n","protected":false},"featured_media":609894,"template":"","meta":{"_seopress_robots_primary_cat":"","_seopress_titles_title":"","_seopress_titles_desc":"","_seopress_robots_index":""},"product_brand":[5680],"product_cat":[974,975,82],"product_tag":[],"class_list":{"0":"post-609969","1":"product","2":"type-product","3":"status-publish","4":"has-post-thumbnail","6":"product_brand-fjallraven-de","7":"product_cat-freizeitkleidung","8":"product_cat-herrenbekleidung","9":"product_cat-kleidung","10":"sws-gruppo-abb-libero-de","11":"sws-categoria-sito-de","12":"sws-conto-ricavi-merci-rivendita-abbigliamento-de","13":"sws-gruppo-iva-iva81-de","15":"first","16":"instock","17":"shipping-taxable","18":"purchasable","19":"product-type-variable"},"_links":{"self":[{"href":"https:\/\/lucacastelli.com\/de\/wp-json\/wp\/v2\/product\/609969","targetHints":{"allow":["GET"]}}],"collection":[{"href":"https:\/\/lucacastelli.com\/de\/wp-json\/wp\/v2\/product"}],"about":[{"href":"https:\/\/lucacastelli.com\/de\/wp-json\/wp\/v2\/types\/product"}],"wp:featuredmedia":[{"embeddable":true,"href":"https:\/\/lucacastelli.com\/de\/wp-json\/wp\/v2\/media\/609894"}],"wp:attachment":[{"href":"https:\/\/lucacastelli.com\/de\/wp-json\/wp\/v2\/media?parent=609969"}],"wp:term":[{"taxonomy":"product_brand","embeddable":true,"href":"https:\/\/lucacastelli.com\/de\/wp-json\/wp\/v2\/product_brand?post=609969"},{"taxonomy":"product_cat","embeddable":true,"href":"https:\/\/lucacastelli.com\/de\/wp-json\/wp\/v2\/product_cat?post=609969"},{"taxonomy":"product_tag","embeddable":true,"href":"https:\/\/lucacastelli.com\/de\/wp-json\/wp\/v2\/product_tag?post=609969"}],"curies":[{"name":"wp","href":"https:\/\/api.w.org\/{rel}","templated":true}]}}