{"id":609965,"date":"2025-08-14T16:43:40","date_gmt":"2025-08-14T14:43:40","guid":{"rendered":"https:\/\/lucacastelli.com\/prodotto\/fjaellraeven-abisko-wool-ss-m\/"},"modified":"2026-01-31T00:02:35","modified_gmt":"2026-01-30T23:02:35","slug":"fjaellraeven-abisko-wool-ss-m","status":"publish","type":"product","link":"https:\/\/lucacastelli.com\/de\/produkt\/fjaellraeven-abisko-wool-ss-m\/","title":{"rendered":"Fj\u00e4llr\u00e4ven ABISKO WOOL SS M"},"content":{"rendered":"<p>Leichtes T-Shirt aus Merinowolle f\u00fcr warme und kalte Klimazonen. Hergestellt ohne PFC, f\u00fcr ein ganzes Leben. <\/p>\n<p>PRODUKTEIGENSCHAFTEN<br \/>\nLeichtes Trikot aus Merinowolle und Polyester.<br \/>\nWarm, wenn es kalt ist, angenehm k\u00fchl, wenn es hei\u00df ist.<br \/>\nNat\u00fcrlicher Geruchsschutz.<br \/>\nLockerer Schnitt, der die Luft um den K\u00f6rper zirkulieren l\u00e4sst.<\/p>\n<p>PRODUKTBESCHREIBUNG<br \/>\nLeichtes Kurzarm-T-Shirt aus weicher Merinowolle und recyceltem Polyester-Jersey. Es kombiniert die temperaturregulierenden Eigenschaften von Wollfasern mit der Strapazierf\u00e4higkeit und den feuchtigkeitsableitenden Eigenschaften von Kunstfasern. Es ist die perfekte erste Schicht f\u00fcr hei\u00dfe und kalte Klimazonen und besonders n\u00fctzlich auf mehrt\u00e4gigen Reisen, da Wolle von Natur aus geruchsresistent ist.  <\/p>\n<p>Artikelnummer: F87193<br \/>\nGeschlecht: M\u00e4nner<br \/>\nFamilie: Abisko<br \/>\nAktivit\u00e4t: Trekking<br \/>\nUmweltinformationen: PFC-freies Produkt, r\u00fcckverfolgbare Wolle<br \/>\nEigenschaften: Kanalisiert Feuchtigkeit, Isoliert bei N\u00e4sse, Isolierend, Geruchshemmend, Schnell trocknend<\/p>\n","protected":false},"excerpt":{"rendered":"<p>Leichtes T-Shirt aus Merinowolle f\u00fcr warme und kalte Klimazonen. Hergestellt ohne PFC, f\u00fcr ein ganzes Leben. PRODUKTEIGENSCHAFTEN Leichtes Trikot aus<\/p>\n","protected":false},"featured_media":609910,"template":"","meta":{"_seopress_robots_primary_cat":"","_seopress_titles_title":"","_seopress_titles_desc":"","_seopress_robots_index":""},"product_brand":[5672],"product_cat":[21,189,190],"product_tag":[],"class_list":{"0":"post-609965","1":"product","2":"type-product","3":"status-publish","4":"has-post-thumbnail","6":"product_brand-fjallraven","7":"product_cat-abbigliamento","8":"product_cat-abbigliamento-per-il-tempo-libero","9":"product_cat-abbigliamento-da-uomo","10":"sws-gruppo-abb-libero-de","11":"sws-categoria-sito-de","12":"sws-conto-ricavi-merci-rivendita-abbigliamento-de","13":"sws-gruppo-iva-iva81-de","15":"first","16":"instock","17":"shipping-taxable","18":"purchasable","19":"product-type-variable"},"_links":{"self":[{"href":"https:\/\/lucacastelli.com\/de\/wp-json\/wp\/v2\/product\/609965","targetHints":{"allow":["GET"]}}],"collection":[{"href":"https:\/\/lucacastelli.com\/de\/wp-json\/wp\/v2\/product"}],"about":[{"href":"https:\/\/lucacastelli.com\/de\/wp-json\/wp\/v2\/types\/product"}],"wp:featuredmedia":[{"embeddable":true,"href":"https:\/\/lucacastelli.com\/de\/wp-json\/wp\/v2\/media\/609910"}],"wp:attachment":[{"href":"https:\/\/lucacastelli.com\/de\/wp-json\/wp\/v2\/media?parent=609965"}],"wp:term":[{"taxonomy":"product_brand","embeddable":true,"href":"https:\/\/lucacastelli.com\/de\/wp-json\/wp\/v2\/product_brand?post=609965"},{"taxonomy":"product_cat","embeddable":true,"href":"https:\/\/lucacastelli.com\/de\/wp-json\/wp\/v2\/product_cat?post=609965"},{"taxonomy":"product_tag","embeddable":true,"href":"https:\/\/lucacastelli.com\/de\/wp-json\/wp\/v2\/product_tag?post=609965"}],"curies":[{"name":"wp","href":"https:\/\/api.w.org\/{rel}","templated":true}]}}