{"id":609952,"date":"2025-08-14T16:44:40","date_gmt":"2025-08-14T14:44:40","guid":{"rendered":"https:\/\/lucacastelli.com\/prodotto\/fjaellraeven-abisko-lite-fleece-jacke-m\/"},"modified":"2025-12-02T14:48:02","modified_gmt":"2025-12-02T13:48:02","slug":"fjaellraeven-abisko-lite-fleece-jacke-m","status":"publish","type":"product","link":"https:\/\/lucacastelli.com\/de\/produkt\/fjaellraeven-abisko-lite-fleece-jacke-m\/","title":{"rendered":"Fj\u00e4llr\u00e4ven Abisko Lite Fleece Jacke M"},"content":{"rendered":"<p>Leichte, verpackbare Fleecejacke f\u00fcr Tagesausfl\u00fcge und Reisen.<\/p>\n<p>PRODUKTEIGENSCHAFTEN<br \/>\nHervorragend zum Schichten geeignet.<br \/>\nAus recyceltem Polyester, das Feuchtigkeit transportiert und schnell trocknet.<br \/>\nZwei Hand- und eine Brusttasche mit Rei\u00dfverschluss.<br \/>\nDiskrete Daumenl\u00f6cher in den \u00c4rmelb\u00fcndchen.<br \/>\nGef\u00e4rbt mit einer nachhaltigen Closed-Loop-Methode mit C02 statt Wasser.<\/p>\n<p>PRODUKTBESCHREIBUNG<br \/>\nLeichte, packbare und bequeme Fleecejacke f\u00fcr Tagesausfl\u00fcge und Wanderungen bei warmem Wetter &#8211; die Abisko Lite Fleece Jacket M eignet sich hervorragend zum Schichten. Sie besteht aus recyceltem Polyester, das die Feuchtigkeit vom K\u00f6rper wegleitet und schnell trocknet. Diese leichte Fleecejacke hat einen durchgehenden Rei\u00dfverschluss und ist vielseitig und bequem. Er l\u00e4sst sich leicht im Rucksack verstauen und eignet sich f\u00fcr alle Arten von Wanderungen und Outdoor-Aktivit\u00e4ten. Zwei Handtaschen mit Rei\u00dfverschluss, eine Brusttasche mit Rei\u00dfverschluss und diskrete Daumenl\u00f6cher an den \u00c4rmeln.    <\/p>\n<p>Artikelnummer: F86971<br \/>\nGeschlecht: M\u00e4nner<br \/>\nFamilie: Abisko<br \/>\nAktivit\u00e4t: Trekking<br \/>\nUmweltinformationen: Beste Prozesse, Recyceltes Polyester<br \/>\nEigenschaften: Feuchtigkeitsableitung, Packbar, Atmungsaktiv, Leichtgewicht<\/p>\n","protected":false},"excerpt":{"rendered":"<p>Leichte, verpackbare Fleecejacke f\u00fcr Tagesausfl\u00fcge und Reisen. PRODUKTEIGENSCHAFTEN Hervorragend zum Schichten geeignet. Aus recyceltem Polyester, das Feuchtigkeit transportiert und schnell<\/p>\n","protected":false},"featured_media":609939,"template":"","meta":{"_seopress_robots_primary_cat":"","_seopress_titles_title":"","_seopress_titles_desc":"","_seopress_robots_index":""},"product_brand":[5680],"product_cat":[974,975,82],"product_tag":[],"class_list":{"0":"post-609952","1":"product","2":"type-product","3":"status-publish","4":"has-post-thumbnail","6":"product_brand-fjallraven-de","7":"product_cat-freizeitkleidung","8":"product_cat-herrenbekleidung","9":"product_cat-kleidung","10":"sws-gruppo-abb-libero-de","11":"sws-categoria-sito-de","12":"sws-conto-ricavi-merci-rivendita-abbigliamento-de","13":"sws-gruppo-iva-iva81-de","15":"first","16":"instock","17":"shipping-taxable","18":"purchasable","19":"product-type-variable"},"_links":{"self":[{"href":"https:\/\/lucacastelli.com\/de\/wp-json\/wp\/v2\/product\/609952","targetHints":{"allow":["GET"]}}],"collection":[{"href":"https:\/\/lucacastelli.com\/de\/wp-json\/wp\/v2\/product"}],"about":[{"href":"https:\/\/lucacastelli.com\/de\/wp-json\/wp\/v2\/types\/product"}],"wp:featuredmedia":[{"embeddable":true,"href":"https:\/\/lucacastelli.com\/de\/wp-json\/wp\/v2\/media\/609939"}],"wp:attachment":[{"href":"https:\/\/lucacastelli.com\/de\/wp-json\/wp\/v2\/media?parent=609952"}],"wp:term":[{"taxonomy":"product_brand","embeddable":true,"href":"https:\/\/lucacastelli.com\/de\/wp-json\/wp\/v2\/product_brand?post=609952"},{"taxonomy":"product_cat","embeddable":true,"href":"https:\/\/lucacastelli.com\/de\/wp-json\/wp\/v2\/product_cat?post=609952"},{"taxonomy":"product_tag","embeddable":true,"href":"https:\/\/lucacastelli.com\/de\/wp-json\/wp\/v2\/product_tag?post=609952"}],"curies":[{"name":"wp","href":"https:\/\/api.w.org\/{rel}","templated":true}]}}