{"id":609882,"date":"2025-08-14T15:28:06","date_gmt":"2025-08-14T13:28:06","guid":{"rendered":"https:\/\/lucacastelli.com\/prodotto\/protos-headset-6\/"},"modified":"2026-03-18T12:32:28","modified_gmt":"2026-03-18T11:32:28","slug":"protos-headset-6","status":"publish","type":"product","link":"https:\/\/lucacastelli.com\/de\/produkt\/protos-headset-6\/","title":{"rendered":"Protos\u00ae Headset"},"content":{"rendered":"<p>Mit dem Protos\u00ae Headset Integral bist du f\u00fcr jeden Einsatz ger\u00fcstet. Durch die einfache Kombination mit dem BT-COM kann der Kopfb\u00fcgel f\u00fcr jede Situation individuell angepasst werden und ist somit der ideale Begleiter. Dank seiner leichten Bauweise und den speziellen Polstern und ihrer besonderen Position am Kopfb\u00fcgel entstehen keine Druckstellen. Trotzdem bleibt das Stirnband an Ort und Stelle und verrutscht nicht.<br \/>\n&#8211; Das Stirnband liegt eng an, ohne Druckstellen am Kopf zu verursachen<br \/>\n&#8211; Keine abstehenden Teile<br \/>\n&#8211; Extrem leicht<br \/>\n&#8211; Praktisch f\u00fcr die Aufbewahrung<br \/>\n&#8211; Kombinierbar mit BT-COM und Protos\u00ae Integral Schutzbrille<br \/>\n&#8211; Schutzbrille und Brillenhalter m\u00fcssen separat bestellt werden<br \/>\n-SNR=28 dB (H=32dB, M=25dB, L=19dB)   <\/p>\n<p>Material: 50% ABS 50% Polyamid<br \/>\nGewicht: 273 g<br \/>\nVerpackungseinheit: 1 St\u00fcck, mit Geh\u00f6rschutzkapseln<br \/>\nSchalld\u00e4mmwert: SNR=28 dB (H=32dB, M=25dB, L=19dB)<\/p>\n","protected":false},"excerpt":{"rendered":"<p>Mit dem Protos\u00ae Headset Integral bist du f\u00fcr jeden Einsatz ger\u00fcstet. Durch die einfache Kombination mit dem BT-COM kann der<\/p>\n","protected":false},"featured_media":609699,"template":"","meta":{"_seopress_robots_primary_cat":"none","_seopress_titles_title":"","_seopress_titles_desc":"","_seopress_robots_index":""},"product_brand":[3458,4381],"product_cat":[33,537,815,816],"product_tag":[],"class_list":{"0":"post-609882","1":"product","2":"type-product","3":"status-publish","4":"has-post-thumbnail","6":"product_brand-pfanner","7":"product_brand-protos","8":"product_cat-attrezzature","9":"product_cat-attrezzatura-da-lavoro","10":"product_cat-caschi","11":"product_cat-visiere-e-occhiali-protettivi","12":"sws-gruppo-no-gruppo","13":"sws-conto-ricavi-merci-rivendita-abbigliamento","14":"sws-gruppo-iva-iva81","16":"first","17":"instock","18":"shipping-taxable","19":"purchasable","20":"product-type-variable","21":"has-default-attributes"},"_links":{"self":[{"href":"https:\/\/lucacastelli.com\/de\/wp-json\/wp\/v2\/product\/609882","targetHints":{"allow":["GET"]}}],"collection":[{"href":"https:\/\/lucacastelli.com\/de\/wp-json\/wp\/v2\/product"}],"about":[{"href":"https:\/\/lucacastelli.com\/de\/wp-json\/wp\/v2\/types\/product"}],"wp:featuredmedia":[{"embeddable":true,"href":"https:\/\/lucacastelli.com\/de\/wp-json\/wp\/v2\/media\/609699"}],"wp:attachment":[{"href":"https:\/\/lucacastelli.com\/de\/wp-json\/wp\/v2\/media?parent=609882"}],"wp:term":[{"taxonomy":"product_brand","embeddable":true,"href":"https:\/\/lucacastelli.com\/de\/wp-json\/wp\/v2\/product_brand?post=609882"},{"taxonomy":"product_cat","embeddable":true,"href":"https:\/\/lucacastelli.com\/de\/wp-json\/wp\/v2\/product_cat?post=609882"},{"taxonomy":"product_tag","embeddable":true,"href":"https:\/\/lucacastelli.com\/de\/wp-json\/wp\/v2\/product_tag?post=609882"}],"curies":[{"name":"wp","href":"https:\/\/api.w.org\/{rel}","templated":true}]}}