{"id":609820,"date":"2025-08-14T09:30:41","date_gmt":"2025-08-14T07:30:41","guid":{"rendered":"https:\/\/lucacastelli.com\/prodotto\/protos-steuersatzhalterung-6\/"},"modified":"2026-04-15T09:55:36","modified_gmt":"2026-04-15T07:55:36","slug":"protos-steuersatzhalterung-6","status":"publish","type":"product","link":"https:\/\/lucacastelli.com\/de\/produkt\/protos-steuersatzhalterung-6\/","title":{"rendered":"Protos\u00ae Headset Bracket"},"content":{"rendered":"<p>Mit dem Protos\u00ae Integral Helm sind Sie f\u00fcr jeden Einsatz ger\u00fcstet. Dank der einfachen Kombination mit dem BT-COM und der Schutzbrille Protos\u00ae Integral kann der B\u00fcgel individuell f\u00fcr jede Situation angepasst werden und ist somit der ideale Begleiter. Seine leichte Bauweise und die speziellen Auflagekissen sowie deren besondere Position am B\u00fcgel verhindern die Bildung von Druckstellen. Dennoch bleibt der B\u00fcgel stets in derselben Position und rutscht nicht, unabh\u00e4ngig von der Lage.<br \/>\n-Der B\u00fcgel verursacht keine Druckstellen am Kopf<br \/>\n-Keine vorstehenden Teile<br \/>\n-Extrem leicht<br \/>\n-Praktisch zu verstauen<br \/>\n-Kombinierbar mit BT-COM und Schutzbrille Protos\u00ae Integral.<br \/>\n-Die Kapselgeh\u00f6rsch\u00fctzer, die Schutzbrille und der Brillenhalter m\u00fcssen separat bestellt werden. In diesem Set wird der B\u00fcgel ohne Kapselgeh\u00f6rsch\u00fctzer geliefert.<br \/>\n-SNR=28 dB (H=32 dB, M=25 dB, L=19 dB)<\/p>\n<p>Material: 50 % ABS 50 % Polyamid<br \/>\nGewicht: 114 g<br \/>\nVerpackungseinheit: 1 St\u00fcck, ohne Kapselgeh\u00f6rsch\u00fctzer<br \/>\nSchalld\u00e4mmwert: SNR=28 dB (H=32 dB, M=25 dB, L=19 dB)<\/p>\n","protected":false},"excerpt":{"rendered":"<p>Mit dem Protos\u00ae Integral Helm sind Sie f\u00fcr jeden Einsatz ger\u00fcstet. Dank der einfachen Kombination mit dem BT-COM und der<\/p>\n","protected":false},"featured_media":608880,"template":"","meta":{"_seopress_robots_primary_cat":"none","_seopress_titles_title":"","_seopress_titles_desc":"","_seopress_robots_index":""},"product_brand":[3458,4381],"product_cat":[33,537,815],"product_tag":[],"class_list":{"0":"post-609820","1":"product","2":"type-product","3":"status-publish","4":"has-post-thumbnail","6":"product_brand-pfanner","7":"product_brand-protos","8":"product_cat-attrezzature","9":"product_cat-attrezzatura-da-lavoro","10":"product_cat-caschi","11":"sws-gruppo-no-gruppo-de","12":"sws-conto-ricavi-merci-rivendita-abbigliamento-de","13":"sws-gruppo-iva-iva81-de","15":"first","16":"instock","17":"shipping-taxable","18":"purchasable","19":"product-type-variable","20":"has-default-attributes"},"_links":{"self":[{"href":"https:\/\/lucacastelli.com\/de\/wp-json\/wp\/v2\/product\/609820","targetHints":{"allow":["GET"]}}],"collection":[{"href":"https:\/\/lucacastelli.com\/de\/wp-json\/wp\/v2\/product"}],"about":[{"href":"https:\/\/lucacastelli.com\/de\/wp-json\/wp\/v2\/types\/product"}],"wp:featuredmedia":[{"embeddable":true,"href":"https:\/\/lucacastelli.com\/de\/wp-json\/wp\/v2\/media\/608880"}],"wp:attachment":[{"href":"https:\/\/lucacastelli.com\/de\/wp-json\/wp\/v2\/media?parent=609820"}],"wp:term":[{"taxonomy":"product_brand","embeddable":true,"href":"https:\/\/lucacastelli.com\/de\/wp-json\/wp\/v2\/product_brand?post=609820"},{"taxonomy":"product_cat","embeddable":true,"href":"https:\/\/lucacastelli.com\/de\/wp-json\/wp\/v2\/product_cat?post=609820"},{"taxonomy":"product_tag","embeddable":true,"href":"https:\/\/lucacastelli.com\/de\/wp-json\/wp\/v2\/product_tag?post=609820"}],"curies":[{"name":"wp","href":"https:\/\/api.w.org\/{rel}","templated":true}]}}