{"id":609796,"date":"2025-08-14T09:30:32","date_gmt":"2025-08-14T07:30:32","guid":{"rendered":"https:\/\/lucacastelli.com\/prodotto\/protos-steuersatzhalterung-3\/"},"modified":"2026-04-15T09:56:40","modified_gmt":"2026-04-15T07:56:40","slug":"protos-steuersatzhalterung-3","status":"publish","type":"product","link":"https:\/\/lucacastelli.com\/de\/produkt\/protos-steuersatzhalterung-3\/","title":{"rendered":"Protos\u00ae Headset-B\u00fcgel"},"content":{"rendered":"<p>Mit dem Protos\u00ae Integral Helm sind Sie f\u00fcr jeden Einsatz bereit. Dank der einfachen Kombination mit dem BT-COM und der Protos\u00ae Integral Schutzbrille l\u00e4sst sich der B\u00fcgel individuell f\u00fcr jede Situation anpassen und ist somit der ideale Begleiter. Seine leichte Bauweise und die speziellen Auflagepolster sowie deren besondere Position am B\u00fcgel verhindern die Entstehung von Druckstellen. Dennoch bleibt der B\u00fcgel stets in der gleichen Position und verrutscht nicht, unabh\u00e4ngig von der K\u00f6rperhaltung.<br \/>\n-Der B\u00fcgel verursacht keine Druckstellen am Kopf<br \/>\n-Keine vorstehenden Teile<br \/>\n-Extrem leicht<br \/>\n-Praktisch zu verstauen<br \/>\n-Kombinierbar mit BT-COM und Protos\u00ae Integral Schutzbrille.<br \/>\n-Die Geh\u00f6rschutzkapseln, die Schutzbrille und der Brillenb\u00fcgel m\u00fcssen separat bestellt werden. In diesem Set wird der B\u00fcgel ohne Geh\u00f6rschutzkapseln geliefert.<br \/>\n-SNR=28 dB (H=32 dB, M=25 dB, L=19 dB)<\/p>\n<p>Material: 50 % ABS, 50 % Polyamid<br \/>\nGewicht: 114 g<br \/>\nVerpackungseinheit: 1 St\u00fcck, ohne Geh\u00f6rschutzkapseln<br \/>\nSchalld\u00e4mmwert: SNR=28 dB (H=32 dB, M=25 dB, L=19 dB)<\/p>\n","protected":false},"excerpt":{"rendered":"<p>Mit dem Protos\u00ae Integral Helm sind Sie f\u00fcr jeden Einsatz bereit. Dank der einfachen Kombination mit dem BT-COM und der<\/p>\n","protected":false},"featured_media":608872,"template":"","meta":{"_seopress_robots_primary_cat":"none","_seopress_titles_title":"","_seopress_titles_desc":"","_seopress_robots_index":""},"product_brand":[3670,4720],"product_cat":[150,1396,1404],"product_tag":[],"class_list":{"0":"post-609796","1":"product","2":"type-product","3":"status-publish","4":"has-post-thumbnail","6":"product_brand-pfanner-de","7":"product_brand-protos-de","8":"product_cat-ausrustung","9":"product_cat-arbeitsausrustung","10":"product_cat-helme","11":"sws-gruppo-no-gruppo-de","12":"sws-conto-ricavi-merci-rivendita-abbigliamento-de","13":"sws-gruppo-iva-iva81-de","15":"first","16":"instock","17":"shipping-taxable","18":"purchasable","19":"product-type-variable","20":"has-default-attributes"},"_links":{"self":[{"href":"https:\/\/lucacastelli.com\/de\/wp-json\/wp\/v2\/product\/609796","targetHints":{"allow":["GET"]}}],"collection":[{"href":"https:\/\/lucacastelli.com\/de\/wp-json\/wp\/v2\/product"}],"about":[{"href":"https:\/\/lucacastelli.com\/de\/wp-json\/wp\/v2\/types\/product"}],"wp:featuredmedia":[{"embeddable":true,"href":"https:\/\/lucacastelli.com\/de\/wp-json\/wp\/v2\/media\/608872"}],"wp:attachment":[{"href":"https:\/\/lucacastelli.com\/de\/wp-json\/wp\/v2\/media?parent=609796"}],"wp:term":[{"taxonomy":"product_brand","embeddable":true,"href":"https:\/\/lucacastelli.com\/de\/wp-json\/wp\/v2\/product_brand?post=609796"},{"taxonomy":"product_cat","embeddable":true,"href":"https:\/\/lucacastelli.com\/de\/wp-json\/wp\/v2\/product_cat?post=609796"},{"taxonomy":"product_tag","embeddable":true,"href":"https:\/\/lucacastelli.com\/de\/wp-json\/wp\/v2\/product_tag?post=609796"}],"curies":[{"name":"wp","href":"https:\/\/api.w.org\/{rel}","templated":true}]}}