{"id":609772,"date":"2025-08-14T15:28:02","date_gmt":"2025-08-14T13:28:02","guid":{"rendered":"https:\/\/lucacastelli.com\/prodotto\/protos-headset-2\/"},"modified":"2026-04-15T09:53:13","modified_gmt":"2026-04-15T07:53:13","slug":"protos-headset-2","status":"publish","type":"product","link":"https:\/\/lucacastelli.com\/de\/produkt\/protos-headset-2\/","title":{"rendered":"Protos\u00ae Headset"},"content":{"rendered":"<p>Mit dem Protos\u00ae Headset Integral sind Sie f\u00fcr jeden Einsatz bereit. Durch die einfache Kombination mit dem BT-COM l\u00e4sst sich der Kopfb\u00fcgel individuell f\u00fcr jede Situation anpassen und ist somit der ideale Begleiter. Dank der leichten Bauweise und der speziellen Auflagepolster sowie deren besonderer Positionierung am B\u00fcgel entstehen keine Druckstellen. Dennoch bleibt der B\u00fcgel an seinem Platz und verrutscht nicht.<br \/>\n&#8211; Eng anliegender Kopfb\u00fcgel ohne Druckstellen am Kopf<br \/>\n&#8211; Keine vorstehenden Teile<br \/>\n&#8211; Extrem leicht<br \/>\n&#8211; Praktisch zu verstauen<br \/>\n&#8211; Kombinierbar mit BT-COM und Protos\u00ae Integral Schutzbrille<br \/>\n&#8211; Schutzbrille und Brillenb\u00fcgel m\u00fcssen separat bestellt werden<br \/>\n&#8211; SNR=28 dB (H=32 dB, M=25 dB, L=19 dB)   <\/p>\n<p>Material: 50 % ABS, 50 % Polyamid<br \/>\nGewicht: 273 g<br \/>\nVerpackungseinheit: 1 St\u00fcck, inkl. Geh\u00f6rschutzkapseln<br \/>\nD\u00e4mmwert: SNR=28 dB (H=32 dB, M=25 dB, L=19 dB)<\/p>\n","protected":false},"excerpt":{"rendered":"<p>Mit dem Protos\u00ae Headset Integral sind Sie f\u00fcr jeden Einsatz bereit. Durch die einfache Kombination mit dem BT-COM l\u00e4sst sich<\/p>\n","protected":false},"featured_media":609707,"template":"","meta":{"_seopress_robots_primary_cat":"none","_seopress_titles_title":"","_seopress_titles_desc":"","_seopress_robots_index":""},"product_brand":[3670,4720],"product_cat":[1396,150,1404,1411],"product_tag":[],"class_list":{"0":"post-609772","1":"product","2":"type-product","3":"status-publish","4":"has-post-thumbnail","6":"product_brand-pfanner-de","7":"product_brand-protos-de","8":"product_cat-arbeitsausrustung","9":"product_cat-ausrustung","10":"product_cat-helme","11":"product_cat-visiere-und-schutzbrillen","12":"sws-gruppo-no-gruppo-de","13":"sws-conto-ricavi-merci-rivendita-abbigliamento-de","14":"sws-gruppo-iva-iva81-de","16":"first","17":"instock","18":"shipping-taxable","19":"purchasable","20":"product-type-variable","21":"has-default-attributes"},"_links":{"self":[{"href":"https:\/\/lucacastelli.com\/de\/wp-json\/wp\/v2\/product\/609772","targetHints":{"allow":["GET"]}}],"collection":[{"href":"https:\/\/lucacastelli.com\/de\/wp-json\/wp\/v2\/product"}],"about":[{"href":"https:\/\/lucacastelli.com\/de\/wp-json\/wp\/v2\/types\/product"}],"wp:featuredmedia":[{"embeddable":true,"href":"https:\/\/lucacastelli.com\/de\/wp-json\/wp\/v2\/media\/609707"}],"wp:attachment":[{"href":"https:\/\/lucacastelli.com\/de\/wp-json\/wp\/v2\/media?parent=609772"}],"wp:term":[{"taxonomy":"product_brand","embeddable":true,"href":"https:\/\/lucacastelli.com\/de\/wp-json\/wp\/v2\/product_brand?post=609772"},{"taxonomy":"product_cat","embeddable":true,"href":"https:\/\/lucacastelli.com\/de\/wp-json\/wp\/v2\/product_cat?post=609772"},{"taxonomy":"product_tag","embeddable":true,"href":"https:\/\/lucacastelli.com\/de\/wp-json\/wp\/v2\/product_tag?post=609772"}],"curies":[{"name":"wp","href":"https:\/\/api.w.org\/{rel}","templated":true}]}}