{"id":609752,"date":"2025-08-14T11:14:34","date_gmt":"2025-08-14T09:14:34","guid":{"rendered":"https:\/\/lucacastelli.com\/prodotto\/protos-nackenverschluss-uebergroesse-2\/"},"modified":"2026-03-16T13:07:47","modified_gmt":"2026-03-16T12:07:47","slug":"protos-nackenverschluss-uebergroesse-2","status":"publish","type":"product","link":"https:\/\/lucacastelli.com\/de\/produkt\/protos-nackenverschluss-uebergroesse-2\/","title":{"rendered":"Protos\u00ae Nackenverschluss \u00dcbergr\u00f6sse"},"content":{"rendered":"<p>Wenn die Standardgr\u00f6\u00dfe des Protos\u00ae zu klein ist, kann der hintere Verschluss ausgetauscht werden. So kannst du die Gr\u00f6\u00dfe des Protos\u00ae von 56 bis 64 cm Kopfumfang anpassen.<br \/>\nInformationen<br \/>\nDieses Zubeh\u00f6r kann bei der Bestellung angefordert werden. <\/p>\n<p>&nbsp;<\/p>\n<p>Gr\u00f6\u00dfe: Kopfgr\u00f6\u00dfenanpassung f\u00fcr Kopfumf\u00e4nge von 56 bis 64 cm.<\/p>\n","protected":false},"excerpt":{"rendered":"<p>Wenn die Standardgr\u00f6\u00dfe des Protos\u00ae zu klein ist, kann der hintere Verschluss ausgetauscht werden. So kannst du die Gr\u00f6\u00dfe des<\/p>\n","protected":false},"featured_media":609010,"template":"","meta":{"_seopress_robots_primary_cat":"","_seopress_titles_title":"","_seopress_titles_desc":"","_seopress_robots_index":""},"product_brand":[3670,4720],"product_cat":[1396,150,1404],"product_tag":[],"class_list":{"0":"post-609752","1":"product","2":"type-product","3":"status-publish","4":"has-post-thumbnail","6":"product_brand-pfanner-de","7":"product_brand-protos-de","8":"product_cat-arbeitsausrustung","9":"product_cat-ausrustung","10":"product_cat-helme","11":"sws-gruppo-no-gruppo","12":"sws-conto-ricavi-merci-rivendita-abbigliamento","13":"sws-gruppo-iva-iva81","15":"first","16":"instock","17":"shipping-taxable","18":"purchasable","19":"product-type-variable"},"_links":{"self":[{"href":"https:\/\/lucacastelli.com\/de\/wp-json\/wp\/v2\/product\/609752","targetHints":{"allow":["GET"]}}],"collection":[{"href":"https:\/\/lucacastelli.com\/de\/wp-json\/wp\/v2\/product"}],"about":[{"href":"https:\/\/lucacastelli.com\/de\/wp-json\/wp\/v2\/types\/product"}],"wp:featuredmedia":[{"embeddable":true,"href":"https:\/\/lucacastelli.com\/de\/wp-json\/wp\/v2\/media\/609010"}],"wp:attachment":[{"href":"https:\/\/lucacastelli.com\/de\/wp-json\/wp\/v2\/media?parent=609752"}],"wp:term":[{"taxonomy":"product_brand","embeddable":true,"href":"https:\/\/lucacastelli.com\/de\/wp-json\/wp\/v2\/product_brand?post=609752"},{"taxonomy":"product_cat","embeddable":true,"href":"https:\/\/lucacastelli.com\/de\/wp-json\/wp\/v2\/product_cat?post=609752"},{"taxonomy":"product_tag","embeddable":true,"href":"https:\/\/lucacastelli.com\/de\/wp-json\/wp\/v2\/product_tag?post=609752"}],"curies":[{"name":"wp","href":"https:\/\/api.w.org\/{rel}","templated":true}]}}