{"id":609749,"date":"2025-08-14T11:15:39","date_gmt":"2025-08-14T09:15:39","guid":{"rendered":"https:\/\/lucacastelli.com\/prodotto\/protos-nackenverschluss-uebergroesse\/"},"modified":"2026-04-15T09:45:17","modified_gmt":"2026-04-15T07:45:17","slug":"protos-nackenverschluss-uebergroesse","status":"publish","type":"product","link":"https:\/\/lucacastelli.com\/de\/produkt\/protos-nackenverschluss-uebergroesse\/","title":{"rendered":"Protos\u00ae Nackenverschluss \u00dcbergr\u00f6sse"},"content":{"rendered":"<p>Wenn die Standardgr\u00f6sse des Protos\u00ae zu klein ist, kann der hintere Verschluss ausgetauscht werden. Dadurch l\u00e4sst sich die Gr\u00f6sse des Protos\u00ae von 56 auf 64 cm Kopfumfang einstellen.<br \/>\nInformationen<br \/>\nDieses Zubeh\u00f6r kann bei der Bestellung angefordert werden. <\/p>\n<p>&nbsp;<\/p>\n<p>Gr\u00f6sse: Kopfweitenverstellung f\u00fcr Kopfumf\u00e4nge von 56 bis 64 cm.<\/p>\n","protected":false},"excerpt":{"rendered":"<p>Wenn die Standardgr\u00f6sse des Protos\u00ae zu klein ist, kann der hintere Verschluss ausgetauscht werden. Dadurch l\u00e4sst sich die Gr\u00f6sse des<\/p>\n","protected":false},"featured_media":609048,"template":"","meta":{"_seopress_robots_primary_cat":"none","_seopress_titles_title":"","_seopress_titles_desc":"","_seopress_robots_index":""},"product_brand":[3458,4381],"product_cat":[33,537,815],"product_tag":[],"class_list":{"0":"post-609749","1":"product","2":"type-product","3":"status-publish","4":"has-post-thumbnail","6":"product_brand-pfanner","7":"product_brand-protos","8":"product_cat-attrezzature","9":"product_cat-attrezzatura-da-lavoro","10":"product_cat-caschi","11":"sws-gruppo-no-gruppo-de","12":"sws-conto-ricavi-merci-rivendita-abbigliamento-de","13":"sws-gruppo-iva-iva81-de","15":"first","16":"instock","17":"shipping-taxable","18":"purchasable","19":"product-type-variable","20":"has-default-attributes"},"_links":{"self":[{"href":"https:\/\/lucacastelli.com\/de\/wp-json\/wp\/v2\/product\/609749","targetHints":{"allow":["GET"]}}],"collection":[{"href":"https:\/\/lucacastelli.com\/de\/wp-json\/wp\/v2\/product"}],"about":[{"href":"https:\/\/lucacastelli.com\/de\/wp-json\/wp\/v2\/types\/product"}],"wp:featuredmedia":[{"embeddable":true,"href":"https:\/\/lucacastelli.com\/de\/wp-json\/wp\/v2\/media\/609048"}],"wp:attachment":[{"href":"https:\/\/lucacastelli.com\/de\/wp-json\/wp\/v2\/media?parent=609749"}],"wp:term":[{"taxonomy":"product_brand","embeddable":true,"href":"https:\/\/lucacastelli.com\/de\/wp-json\/wp\/v2\/product_brand?post=609749"},{"taxonomy":"product_cat","embeddable":true,"href":"https:\/\/lucacastelli.com\/de\/wp-json\/wp\/v2\/product_cat?post=609749"},{"taxonomy":"product_tag","embeddable":true,"href":"https:\/\/lucacastelli.com\/de\/wp-json\/wp\/v2\/product_tag?post=609749"}],"curies":[{"name":"wp","href":"https:\/\/api.w.org\/{rel}","templated":true}]}}