{"id":609728,"date":"2025-08-14T09:50:09","date_gmt":"2025-08-14T07:50:09","guid":{"rendered":"https:\/\/lucacastelli.com\/prodotto\/protos-bt-com-3\/"},"modified":"2026-04-15T09:50:51","modified_gmt":"2026-04-15T07:50:51","slug":"protos-bt-com-3","status":"publish","type":"product","link":"https:\/\/lucacastelli.com\/de\/produkt\/protos-bt-com-3\/","title":{"rendered":"Protos\u00ae BT-Com"},"content":{"rendered":"<p>Das Protos\u00ae Integral BT-COM garantiert st\u00f6rungsfreie Kommunikation. Dank Bluetooth\u00ae-Technologie wird die Verbindung nicht durch Funkfernsteuerungen oder \u00c4hnliches gest\u00f6rt, mit einer Reichweite von bis zu mehreren hundert Metern. Das Mikrofon d\u00e4mpft Umgebungsger\u00e4usche und erm\u00f6glicht perfekte Kommunikation.<br \/>\nDank einer einzigen Multifunktionstaste und 2 Lautst\u00e4rkereglern ist das Bluetooth\u00ae-Kommunikationssystem mit nur einem Finger kinderleicht zu bedienen. Die gesamte Technik ist in den Geh\u00f6rschutz integriert, daher gibt es keine Kabel und die Bewegungsfreiheit ist garantiert. Das BT-COM kann \u00fcber die mitgelieferte USB-Ladehalterung an jedem USB-Anschluss einfach aufgeladen werden. Das BT-Com kann auf dem originalen Geh\u00f6rschutzb\u00fcgel montiert werden.<br \/>\n-Bis zu 4 Teilnehmer<br \/>\n-Reichweite bis zu mehreren hundert Metern<br \/>\n-Klare und st\u00f6rungsfreie Kommunikation<br \/>\n-Nur 42 g Zusatzgewicht, Batterie inklusive<br \/>\n-Keine Kabel oder Steckverbinder<br \/>\n-Verbindungsm\u00f6glichkeit mit dem Mobiltelefon<br \/>\n-Mikrofon mit Umgebungsger\u00e4uschunterdr\u00fcckung<br \/>\n-Kinderleicht zu bedienen<br \/>\n-Unbegrenzte Parkposition<br \/>\n-10 Farben zur Auswahl<br \/>\n-USB-Ladehalterung im Lieferumfang<br \/>\n-SNR=27 dB (H=34 dB, M=24 dB, L=17 dB)     <\/p>\n<p>&nbsp;<\/p>\n<p>Material: 50% ABS 50% Polyamid<br \/>\nGewicht: 120 g<br \/>\nSchalld\u00e4mmwert: SNR=27 dB (H=34 dB, M=24 dB, L=17 dB)<\/p>\n","protected":false},"excerpt":{"rendered":"<p>Das Protos\u00ae Integral BT-COM garantiert st\u00f6rungsfreie Kommunikation. Dank Bluetooth\u00ae-Technologie wird die Verbindung nicht durch Funkfernsteuerungen oder \u00c4hnliches gest\u00f6rt, mit einer<\/p>\n","protected":false},"featured_media":608897,"template":"","meta":{"_seopress_robots_primary_cat":"none","_seopress_titles_title":"","_seopress_titles_desc":"","_seopress_robots_index":""},"product_brand":[3458,4381],"product_cat":[33,537,815],"product_tag":[],"class_list":{"0":"post-609728","1":"product","2":"type-product","3":"status-publish","4":"has-post-thumbnail","6":"product_brand-pfanner","7":"product_brand-protos","8":"product_cat-attrezzature","9":"product_cat-attrezzatura-da-lavoro","10":"product_cat-caschi","11":"sws-gruppo-no-gruppo-de","12":"sws-conto-ricavi-merci-rivendita-abbigliamento-de","13":"sws-gruppo-iva-iva81-de","15":"first","16":"instock","17":"shipping-taxable","18":"purchasable","19":"product-type-variable","20":"has-default-attributes"},"_links":{"self":[{"href":"https:\/\/lucacastelli.com\/de\/wp-json\/wp\/v2\/product\/609728","targetHints":{"allow":["GET"]}}],"collection":[{"href":"https:\/\/lucacastelli.com\/de\/wp-json\/wp\/v2\/product"}],"about":[{"href":"https:\/\/lucacastelli.com\/de\/wp-json\/wp\/v2\/types\/product"}],"wp:featuredmedia":[{"embeddable":true,"href":"https:\/\/lucacastelli.com\/de\/wp-json\/wp\/v2\/media\/608897"}],"wp:attachment":[{"href":"https:\/\/lucacastelli.com\/de\/wp-json\/wp\/v2\/media?parent=609728"}],"wp:term":[{"taxonomy":"product_brand","embeddable":true,"href":"https:\/\/lucacastelli.com\/de\/wp-json\/wp\/v2\/product_brand?post=609728"},{"taxonomy":"product_cat","embeddable":true,"href":"https:\/\/lucacastelli.com\/de\/wp-json\/wp\/v2\/product_cat?post=609728"},{"taxonomy":"product_tag","embeddable":true,"href":"https:\/\/lucacastelli.com\/de\/wp-json\/wp\/v2\/product_tag?post=609728"}],"curies":[{"name":"wp","href":"https:\/\/api.w.org\/{rel}","templated":true}]}}