{"id":609670,"date":"2025-08-14T11:28:58","date_gmt":"2025-08-14T09:28:58","guid":{"rendered":"https:\/\/lucacastelli.com\/prodotto\/protos-faellkeil-5\/"},"modified":"2026-03-23T13:41:49","modified_gmt":"2026-03-23T12:41:49","slug":"protos-faellkeil-5","status":"publish","type":"product","link":"https:\/\/lucacastelli.com\/de\/produkt\/protos-faellkeil-5\/","title":{"rendered":"Protos\u00ae F\u00e4llkeil"},"content":{"rendered":"<p>Hochwertiges ABS\/Polyamid-Granulat wird aus ausrangierten PROTOS-Au\u00dfenschalen und L\u00fcftungsventilen hergestellt. Dieses Granulat ist ideal, um die hohen Anforderungen an Schneidkeile zu erf\u00fcllen. Es bietet extreme Schlagfestigkeit und deckt Temperaturbereiche von -30 bis +50 Grad ab.<br \/>\n-Einseitige Verzahnung (75 Z\u00e4hne in Wabenstruktur) f\u00fcr optimalen Biss<br \/>\n-Grobstruktur auf einer Seite f\u00fcr einfaches Einsetzen eines weiteren Keils<br \/>\n-Gro\u00dfz\u00fcgig abgerundete Schlagfl\u00e4chen<br \/>\n-Erh\u00e4ltlich in f\u00fcnf gut sichtbaren Farben<br \/>\n-Hergestellt in \u00d6sterreich  <\/p>\n<p>Material: 75% recyceltes ABS, 25% ABS<br \/>\nMa\u00dfe: 23,7 cm x 8 cm x 3,2 cm<br \/>\nGewicht: 350 g<\/p>\n","protected":false},"excerpt":{"rendered":"<p>Hochwertiges ABS\/Polyamid-Granulat wird aus ausrangierten PROTOS-Au\u00dfenschalen und L\u00fcftungsventilen hergestellt. Dieses Granulat ist ideal, um die hohen Anforderungen an Schneidkeile zu<\/p>\n","protected":false},"featured_media":609643,"template":"","meta":{"_seopress_robots_primary_cat":"none","_seopress_titles_title":"","_seopress_titles_desc":"","_seopress_robots_index":""},"product_brand":[3458,4381],"product_cat":[29,484],"product_tag":[],"class_list":{"0":"post-609670","1":"product","2":"type-product","3":"status-publish","4":"has-post-thumbnail","6":"product_brand-pfanner","7":"product_brand-protos","8":"product_cat-macchinari","9":"product_cat-utensili-e-accessori-forestali","10":"sws-gruppo-no-gruppo","11":"sws-categoria-sito","12":"sws-conto-ricavi-merci-rivendita-abbigliamento","13":"sws-gruppo-iva-iva81","15":"first","16":"instock","17":"shipping-taxable","18":"purchasable","19":"product-type-variable","20":"has-default-attributes"},"_links":{"self":[{"href":"https:\/\/lucacastelli.com\/de\/wp-json\/wp\/v2\/product\/609670","targetHints":{"allow":["GET"]}}],"collection":[{"href":"https:\/\/lucacastelli.com\/de\/wp-json\/wp\/v2\/product"}],"about":[{"href":"https:\/\/lucacastelli.com\/de\/wp-json\/wp\/v2\/types\/product"}],"wp:featuredmedia":[{"embeddable":true,"href":"https:\/\/lucacastelli.com\/de\/wp-json\/wp\/v2\/media\/609643"}],"wp:attachment":[{"href":"https:\/\/lucacastelli.com\/de\/wp-json\/wp\/v2\/media?parent=609670"}],"wp:term":[{"taxonomy":"product_brand","embeddable":true,"href":"https:\/\/lucacastelli.com\/de\/wp-json\/wp\/v2\/product_brand?post=609670"},{"taxonomy":"product_cat","embeddable":true,"href":"https:\/\/lucacastelli.com\/de\/wp-json\/wp\/v2\/product_cat?post=609670"},{"taxonomy":"product_tag","embeddable":true,"href":"https:\/\/lucacastelli.com\/de\/wp-json\/wp\/v2\/product_tag?post=609670"}],"curies":[{"name":"wp","href":"https:\/\/api.w.org\/{rel}","templated":true}]}}