{"id":609662,"date":"2025-08-14T11:31:15","date_gmt":"2025-08-14T09:31:15","guid":{"rendered":"https:\/\/lucacastelli.com\/prodotto\/protos-faellkeil-4\/"},"modified":"2026-04-15T09:53:46","modified_gmt":"2026-04-15T07:53:46","slug":"protos-faellkeil-4","status":"publish","type":"product","link":"https:\/\/lucacastelli.com\/de\/produkt\/protos-faellkeil-4\/","title":{"rendered":"Protos\u00ae F\u00e4llkeil"},"content":{"rendered":"<p>Aus ausgemusterten PROTOS Au\u00dfenschalen und L\u00fcftungsschiebern wird hochwertiges ABS\/Polyamid-Granulat gewonnen. Dieses Granulat ist ideal f\u00fcr die hohen Anforderungen an F\u00e4llkeile. Es bietet extreme Schlagfestigkeit und deckt Temperaturbereiche von -30 bis +50 Grad ab.<br \/>\n-Einseitige Verzahnung (75 Z\u00e4hne in Wabenstruktur) f\u00fcr optimalen Halt<br \/>\n-Grobe Struktur auf einer Seite erleichtert das Einsetzen eines weiteren Keils<br \/>\n-Gro\u00dfz\u00fcgig abgerundete Schlagfl\u00e4chen<br \/>\n-In f\u00fcnf gut sichtbaren Farben erh\u00e4ltlich<br \/>\n-Hergestellt in \u00d6sterreich  <\/p>\n<p>Material: 75 % recyceltes ABS, 25 % ABS<br \/>\nAbmessungen: 23,7 cm x 8 cm x 3,2 cm<br \/>\nGewicht: 350 g<\/p>\n","protected":false},"excerpt":{"rendered":"<p>Aus ausgemusterten PROTOS Au\u00dfenschalen und L\u00fcftungsschiebern wird hochwertiges ABS\/Polyamid-Granulat gewonnen. Dieses Granulat ist ideal f\u00fcr die hohen Anforderungen an F\u00e4llkeile.<\/p>\n","protected":false},"featured_media":609631,"template":"","meta":{"_seopress_robots_primary_cat":"none","_seopress_titles_title":"","_seopress_titles_desc":"","_seopress_robots_index":""},"product_brand":[3670,4720],"product_cat":[169,1700],"product_tag":[],"class_list":{"0":"post-609662","1":"product","2":"type-product","3":"status-publish","4":"has-post-thumbnail","6":"product_brand-pfanner-de","7":"product_brand-protos-de","8":"product_cat-maschinen","9":"product_cat-forstwirtschaftliche-werkzeuge-und-zubehor","10":"sws-gruppo-no-gruppo-de","11":"sws-categoria-sito-de","12":"sws-conto-ricavi-merci-rivendita-abbigliamento-de","13":"sws-gruppo-iva-iva81-de","15":"first","16":"instock","17":"shipping-taxable","18":"purchasable","19":"product-type-variable","20":"has-default-attributes"},"_links":{"self":[{"href":"https:\/\/lucacastelli.com\/de\/wp-json\/wp\/v2\/product\/609662","targetHints":{"allow":["GET"]}}],"collection":[{"href":"https:\/\/lucacastelli.com\/de\/wp-json\/wp\/v2\/product"}],"about":[{"href":"https:\/\/lucacastelli.com\/de\/wp-json\/wp\/v2\/types\/product"}],"wp:featuredmedia":[{"embeddable":true,"href":"https:\/\/lucacastelli.com\/de\/wp-json\/wp\/v2\/media\/609631"}],"wp:attachment":[{"href":"https:\/\/lucacastelli.com\/de\/wp-json\/wp\/v2\/media?parent=609662"}],"wp:term":[{"taxonomy":"product_brand","embeddable":true,"href":"https:\/\/lucacastelli.com\/de\/wp-json\/wp\/v2\/product_brand?post=609662"},{"taxonomy":"product_cat","embeddable":true,"href":"https:\/\/lucacastelli.com\/de\/wp-json\/wp\/v2\/product_cat?post=609662"},{"taxonomy":"product_tag","embeddable":true,"href":"https:\/\/lucacastelli.com\/de\/wp-json\/wp\/v2\/product_tag?post=609662"}],"curies":[{"name":"wp","href":"https:\/\/api.w.org\/{rel}","templated":true}]}}