{"id":609644,"date":"2025-08-14T11:31:11","date_gmt":"2025-08-14T09:31:11","guid":{"rendered":"https:\/\/lucacastelli.com\/prodotto\/protos-faellkeil\/"},"modified":"2026-04-15T09:54:03","modified_gmt":"2026-04-15T07:54:03","slug":"protos-faellkeil","status":"publish","type":"product","link":"https:\/\/lucacastelli.com\/de\/produkt\/protos-faellkeil\/","title":{"rendered":"Protos\u00ae F\u00e4llkeil"},"content":{"rendered":"<p>Aus ausgemusterten PROTOS-Au\u00dfenschalen und Bel\u00fcftungsventilen wird ABS\/Polyamid-Granulat h\u00f6chster Qualit\u00e4t hergestellt. Dieses Granulat ist ideal, um die hohen Anforderungen an F\u00e4llkeile zu erf\u00fcllen. Es bietet extreme Schlagfestigkeit und deckt Temperaturbereiche von -30 bis +50 Grad ab.<br \/>\n-Einseitige Verzahnung (75 Z\u00e4hne in Wabenstruktur) f\u00fcr optimalen Biss<br \/>\n-Einseitige Grobstruktur zum erleichterten Einsetzen eines weiteren Keils<br \/>\n-Gro\u00dfz\u00fcgig abgerundete Schlagfl\u00e4chen<br \/>\n-In f\u00fcnf gut sichtbaren Farben erh\u00e4ltlich<br \/>\n-Hergestellt in \u00d6sterreich  <\/p>\n<p>Material: 75 % recyceltes ABS, 25 % ABS<br \/>\nAbmessungen: 23,7 cm x 8 cm x 3,2 cm<br \/>\nGewicht: 350 g<\/p>\n","protected":false},"excerpt":{"rendered":"<p>Aus ausgemusterten PROTOS-Au\u00dfenschalen und Bel\u00fcftungsventilen wird ABS\/Polyamid-Granulat h\u00f6chster Qualit\u00e4t hergestellt. Dieses Granulat ist ideal, um die hohen Anforderungen an F\u00e4llkeile<\/p>\n","protected":false},"featured_media":609627,"template":"","meta":{"_seopress_robots_primary_cat":"none","_seopress_titles_title":"","_seopress_titles_desc":"","_seopress_robots_index":""},"product_brand":[3458,4381],"product_cat":[29,484],"product_tag":[],"class_list":{"0":"post-609644","1":"product","2":"type-product","3":"status-publish","4":"has-post-thumbnail","6":"product_brand-pfanner","7":"product_brand-protos","8":"product_cat-macchinari","9":"product_cat-utensili-e-accessori-forestali","10":"sws-gruppo-no-gruppo-de","11":"sws-categoria-sito-de","12":"sws-conto-ricavi-merci-rivendita-abbigliamento-de","13":"sws-gruppo-iva-iva81-de","15":"first","16":"instock","17":"shipping-taxable","18":"purchasable","19":"product-type-variable","20":"has-default-attributes"},"_links":{"self":[{"href":"https:\/\/lucacastelli.com\/de\/wp-json\/wp\/v2\/product\/609644","targetHints":{"allow":["GET"]}}],"collection":[{"href":"https:\/\/lucacastelli.com\/de\/wp-json\/wp\/v2\/product"}],"about":[{"href":"https:\/\/lucacastelli.com\/de\/wp-json\/wp\/v2\/types\/product"}],"wp:featuredmedia":[{"embeddable":true,"href":"https:\/\/lucacastelli.com\/de\/wp-json\/wp\/v2\/media\/609627"}],"wp:attachment":[{"href":"https:\/\/lucacastelli.com\/de\/wp-json\/wp\/v2\/media?parent=609644"}],"wp:term":[{"taxonomy":"product_brand","embeddable":true,"href":"https:\/\/lucacastelli.com\/de\/wp-json\/wp\/v2\/product_brand?post=609644"},{"taxonomy":"product_cat","embeddable":true,"href":"https:\/\/lucacastelli.com\/de\/wp-json\/wp\/v2\/product_cat?post=609644"},{"taxonomy":"product_tag","embeddable":true,"href":"https:\/\/lucacastelli.com\/de\/wp-json\/wp\/v2\/product_tag?post=609644"}],"curies":[{"name":"wp","href":"https:\/\/api.w.org\/{rel}","templated":true}]}}