{"id":609623,"date":"2025-08-10T14:28:26","date_gmt":"2025-08-10T12:28:26","guid":{"rendered":"https:\/\/lucacastelli.com\/prodotto\/milwaukee-saegebank-30-m\/"},"modified":"2025-08-10T14:28:26","modified_gmt":"2025-08-10T12:28:26","slug":"milwaukee-saegebank-30-m","status":"publish","type":"product","link":"https:\/\/lucacastelli.com\/de\/produkt\/milwaukee-saegebank-30-m\/","title":{"rendered":"Milwaukee S\u00e4gebank 3,0 m"},"content":{"rendered":"<p>MSL 3000 \/BANKS PORTA Trennschleifer<br \/>\nAusgestattet mit R\u00e4dern f\u00fcr den einfachen Transport \u00fcber unebenes Gel\u00e4nde;L\u00e4nge 1,2 m;Maximale Ausladung bis zu 3,00 m;Maximale Tragf\u00e4higkeit 250 kg;Verstellbare Beine f\u00fcr mehr Stabilit\u00e4t;Arbeitsh\u00f6he 81 cm;Einfache Einstellung;Schnelle Montage;Gleitrollen f\u00fcr die leichtere Handhabung von gr\u00f6\u00dferen Materialien<\/p>\n<p>4933411565<br \/>\n4002395236213<\/p>\n","protected":false},"excerpt":{"rendered":"<p>MSL 3000 \/ TRENNSCHLEIFER<\/p>\n","protected":false},"featured_media":568948,"template":"","meta":{"_seopress_robots_primary_cat":"","_seopress_titles_title":"","_seopress_titles_desc":"","_seopress_robots_index":""},"product_brand":[3407],"product_cat":[29,495,496],"product_tag":[3270],"class_list":{"0":"post-609623","1":"product","2":"type-product","3":"status-publish","4":"has-post-thumbnail","6":"product_brand-milwaukee","7":"product_cat-macchinari","8":"product_cat-troncatrici-e-mototroncatrici","9":"product_cat-troncatrici","10":"product_tag-import-milwau","11":"sws-conto-ricavi-merci-rivendita-macchinari-de","12":"sws-gruppo-iva-iva81-de","14":"first","15":"onbackorder","16":"sale","17":"shipping-taxable","18":"purchasable","19":"product-type-simple"},"_links":{"self":[{"href":"https:\/\/lucacastelli.com\/de\/wp-json\/wp\/v2\/product\/609623","targetHints":{"allow":["GET"]}}],"collection":[{"href":"https:\/\/lucacastelli.com\/de\/wp-json\/wp\/v2\/product"}],"about":[{"href":"https:\/\/lucacastelli.com\/de\/wp-json\/wp\/v2\/types\/product"}],"wp:featuredmedia":[{"embeddable":true,"href":"https:\/\/lucacastelli.com\/de\/wp-json\/wp\/v2\/media\/568948"}],"wp:attachment":[{"href":"https:\/\/lucacastelli.com\/de\/wp-json\/wp\/v2\/media?parent=609623"}],"wp:term":[{"taxonomy":"product_brand","embeddable":true,"href":"https:\/\/lucacastelli.com\/de\/wp-json\/wp\/v2\/product_brand?post=609623"},{"taxonomy":"product_cat","embeddable":true,"href":"https:\/\/lucacastelli.com\/de\/wp-json\/wp\/v2\/product_cat?post=609623"},{"taxonomy":"product_tag","embeddable":true,"href":"https:\/\/lucacastelli.com\/de\/wp-json\/wp\/v2\/product_tag?post=609623"}],"curies":[{"name":"wp","href":"https:\/\/api.w.org\/{rel}","templated":true}]}}