{"id":609620,"date":"2025-08-10T14:28:25","date_gmt":"2025-08-10T12:28:25","guid":{"rendered":"https:\/\/lucacastelli.com\/prodotto\/milwaukee-saegebank-28-m\/"},"modified":"2025-08-10T14:28:25","modified_gmt":"2025-08-10T12:28:25","slug":"milwaukee-saegebank-28-m","status":"publish","type":"product","link":"https:\/\/lucacastelli.com\/de\/produkt\/milwaukee-saegebank-28-m\/","title":{"rendered":"Milwaukee S\u00e4gebank 2,8 m"},"content":{"rendered":"<p>MSUV280 LEGSTAND<br \/>\nFaltbares Design f\u00fcr bequemen Transport und Lagerung;Fu\u00dfpedalverschluss f\u00fcr schnelle Montage mit einer montierten Trennschleifer;Geeignet f\u00fcr alle Milwaukee\u00ae Trennschleifer, ausgestattet mit universellen Schnellspannern;Rollen f\u00fcr leichtere Handhabung gr\u00f6\u00dferer Materialien;Maximale Verl\u00e4ngerung bis zu 2,8 m;Maximale Tragf\u00e4higkeit 136 kg;Integrierte Ablagefl\u00e4che;Ausgestattet mit R\u00e4dern f\u00fcr einfachen Transport auf unebenem Gel\u00e4nde<\/p>\n<p>4933478992<\/p>\n","protected":false},"excerpt":{"rendered":"<p>MSUV280 LEGSTAND<\/p>\n","protected":false},"featured_media":579653,"template":"","meta":{"_seopress_robots_primary_cat":"","_seopress_titles_title":"","_seopress_titles_desc":"","_seopress_robots_index":""},"product_brand":[3407],"product_cat":[29,495,496],"product_tag":[3270],"class_list":{"0":"post-609620","1":"product","2":"type-product","3":"status-publish","4":"has-post-thumbnail","6":"product_brand-milwaukee","7":"product_cat-macchinari","8":"product_cat-troncatrici-e-mototroncatrici","9":"product_cat-troncatrici","10":"product_tag-import-milwau","11":"sws-conto-ricavi-merci-rivendita-macchinari-de","12":"sws-gruppo-iva-iva81-de","14":"first","15":"onbackorder","16":"sale","17":"shipping-taxable","18":"purchasable","19":"product-type-simple"},"_links":{"self":[{"href":"https:\/\/lucacastelli.com\/de\/wp-json\/wp\/v2\/product\/609620","targetHints":{"allow":["GET"]}}],"collection":[{"href":"https:\/\/lucacastelli.com\/de\/wp-json\/wp\/v2\/product"}],"about":[{"href":"https:\/\/lucacastelli.com\/de\/wp-json\/wp\/v2\/types\/product"}],"wp:featuredmedia":[{"embeddable":true,"href":"https:\/\/lucacastelli.com\/de\/wp-json\/wp\/v2\/media\/579653"}],"wp:attachment":[{"href":"https:\/\/lucacastelli.com\/de\/wp-json\/wp\/v2\/media?parent=609620"}],"wp:term":[{"taxonomy":"product_brand","embeddable":true,"href":"https:\/\/lucacastelli.com\/de\/wp-json\/wp\/v2\/product_brand?post=609620"},{"taxonomy":"product_cat","embeddable":true,"href":"https:\/\/lucacastelli.com\/de\/wp-json\/wp\/v2\/product_cat?post=609620"},{"taxonomy":"product_tag","embeddable":true,"href":"https:\/\/lucacastelli.com\/de\/wp-json\/wp\/v2\/product_tag?post=609620"}],"curies":[{"name":"wp","href":"https:\/\/api.w.org\/{rel}","templated":true}]}}