{"id":609611,"date":"2025-08-10T14:28:23","date_gmt":"2025-08-10T12:28:23","guid":{"rendered":"https:\/\/lucacastelli.com\/prodotto\/milwaukee-saegebank-20-m\/"},"modified":"2025-08-10T14:28:23","modified_gmt":"2025-08-10T12:28:23","slug":"milwaukee-saegebank-20-m","status":"publish","type":"product","link":"https:\/\/lucacastelli.com\/de\/produkt\/milwaukee-saegebank-20-m\/","title":{"rendered":"Milwaukee S\u00e4gebank 2,0 m"},"content":{"rendered":"<p>MSL 1000 \/TRONCATRACK BENCHES<br \/>\nAluminiumrahmen, leicht zu transportieren;L\u00e4nge 1,08 m;Maximale Ausladung bis zu 2,08 m;Maximale Tragf\u00e4higkeit 180 kg;Verstellbare Beine f\u00fcr mehr Stabilit\u00e4t;Schnell l\u00f6sbare Universalhalterungen;Klappbare Ausf\u00fchrung<\/p>\n<p>4933428970<br \/>\n4002395241729<\/p>\n","protected":false},"excerpt":{"rendered":"<p>MSL 1000 \/ TRENNSCHLEIFER<\/p>\n","protected":false},"featured_media":569528,"template":"","meta":{"_seopress_robots_primary_cat":"","_seopress_titles_title":"","_seopress_titles_desc":"","_seopress_robots_index":""},"product_brand":[3407],"product_cat":[29,495,496],"product_tag":[3270],"class_list":{"0":"post-609611","1":"product","2":"type-product","3":"status-publish","4":"has-post-thumbnail","6":"product_brand-milwaukee","7":"product_cat-macchinari","8":"product_cat-troncatrici-e-mototroncatrici","9":"product_cat-troncatrici","10":"product_tag-import-milwau","11":"sws-conto-ricavi-merci-rivendita-macchinari-de","12":"sws-gruppo-iva-iva81-de","14":"first","15":"onbackorder","16":"sale","17":"shipping-taxable","18":"purchasable","19":"product-type-simple"},"_links":{"self":[{"href":"https:\/\/lucacastelli.com\/de\/wp-json\/wp\/v2\/product\/609611","targetHints":{"allow":["GET"]}}],"collection":[{"href":"https:\/\/lucacastelli.com\/de\/wp-json\/wp\/v2\/product"}],"about":[{"href":"https:\/\/lucacastelli.com\/de\/wp-json\/wp\/v2\/types\/product"}],"wp:featuredmedia":[{"embeddable":true,"href":"https:\/\/lucacastelli.com\/de\/wp-json\/wp\/v2\/media\/569528"}],"wp:attachment":[{"href":"https:\/\/lucacastelli.com\/de\/wp-json\/wp\/v2\/media?parent=609611"}],"wp:term":[{"taxonomy":"product_brand","embeddable":true,"href":"https:\/\/lucacastelli.com\/de\/wp-json\/wp\/v2\/product_brand?post=609611"},{"taxonomy":"product_cat","embeddable":true,"href":"https:\/\/lucacastelli.com\/de\/wp-json\/wp\/v2\/product_cat?post=609611"},{"taxonomy":"product_tag","embeddable":true,"href":"https:\/\/lucacastelli.com\/de\/wp-json\/wp\/v2\/product_tag?post=609611"}],"curies":[{"name":"wp","href":"https:\/\/api.w.org\/{rel}","templated":true}]}}