{"id":609609,"date":"2025-08-08T17:41:34","date_gmt":"2025-08-08T15:41:34","guid":{"rendered":"https:\/\/lucacastelli.com\/prodotto\/milwaukee-trennschleifer\/"},"modified":"2025-08-08T17:41:34","modified_gmt":"2025-08-08T15:41:34","slug":"milwaukee-trennschleifer","status":"publish","type":"product","link":"https:\/\/lucacastelli.com\/de\/produkt\/milwaukee-trennschleifer\/","title":{"rendered":"Milwaukee Trennschleifer"},"content":{"rendered":"<p>M18 FCOS230-121 \/ TRENNSCHLEIFER<br \/>\nDer weltweit erste kabellose 18-V-Trennschleifer mit 230-mm-S\u00e4geblatt, der die Kraft zum Trennen von Beton mit der Flexibilit\u00e4t der kabellosen M18-Plattform verbindet und dabei 50 % leichter ist als vergleichbare benzinbetriebene Werkzeuge;Startet sofort, macht das Mischen von Kraftstoffen \u00fcberfl\u00fcssig und erfordert keine Motorwartung;Keine Emissionen, ideal f\u00fcr Arbeiten in geschlossenen R\u00e4umen;RAPIDSTOP\u2122-S\u00e4geblattbremssystem, \u00dcberlastungsanzeige, niedrigste Vibrationen in Kategorie 1.81 m\/s\u00b2;Schnitttiefe 85 mm f\u00fcr klassenbeste Leistung;Geeignet f\u00fcr Nassschnitte dank beidseitiger Wasserversorgung;HIGH OUTPUT\u2122 System, erh\u00f6ht die Leistung und Reichweite der M18 FUEL Technologie;ONE-KEY\u2122 Tracking &amp; Security System bietet kostenlose cloudbasierte Bestandsverfolgung und -verwaltung, verf\u00fcgt au\u00dferdem \u00fcber eine Fernsperrfunktion;Kompatibel mit M18\u2122 SWITCH TANK\u2122 Spr\u00fchpumpe;Funktioniert mit allen M18\u2122 Milwaukee\u00ae Batterien<\/p>\n<p>4933499175<br \/>\n4058546563394<\/p>\n","protected":false},"excerpt":{"rendered":"<p>M18 FCOS230-121 \/ TRENNSCHLEIFER<\/p>\n","protected":false},"featured_media":434945,"template":"","meta":{"_seopress_robots_primary_cat":"","_seopress_titles_title":"","_seopress_titles_desc":"","_seopress_robots_index":""},"product_brand":[3407],"product_cat":[29,495,496],"product_tag":[3270],"class_list":{"0":"post-609609","1":"product","2":"type-product","3":"status-publish","4":"has-post-thumbnail","6":"product_brand-milwaukee","7":"product_cat-macchinari","8":"product_cat-troncatrici-e-mototroncatrici","9":"product_cat-troncatrici","10":"product_tag-import-milwau","11":"sws-conto-ricavi-merci-rivendita-macchinari-de","12":"sws-gruppo-iva-iva81-de","14":"first","15":"onbackorder","16":"sale","17":"shipping-taxable","18":"purchasable","19":"product-type-simple"},"_links":{"self":[{"href":"https:\/\/lucacastelli.com\/de\/wp-json\/wp\/v2\/product\/609609","targetHints":{"allow":["GET"]}}],"collection":[{"href":"https:\/\/lucacastelli.com\/de\/wp-json\/wp\/v2\/product"}],"about":[{"href":"https:\/\/lucacastelli.com\/de\/wp-json\/wp\/v2\/types\/product"}],"wp:featuredmedia":[{"embeddable":true,"href":"https:\/\/lucacastelli.com\/de\/wp-json\/wp\/v2\/media\/434945"}],"wp:attachment":[{"href":"https:\/\/lucacastelli.com\/de\/wp-json\/wp\/v2\/media?parent=609609"}],"wp:term":[{"taxonomy":"product_brand","embeddable":true,"href":"https:\/\/lucacastelli.com\/de\/wp-json\/wp\/v2\/product_brand?post=609609"},{"taxonomy":"product_cat","embeddable":true,"href":"https:\/\/lucacastelli.com\/de\/wp-json\/wp\/v2\/product_cat?post=609609"},{"taxonomy":"product_tag","embeddable":true,"href":"https:\/\/lucacastelli.com\/de\/wp-json\/wp\/v2\/product_tag?post=609609"}],"curies":[{"name":"wp","href":"https:\/\/api.w.org\/{rel}","templated":true}]}}