{"id":609606,"date":"2025-08-08T17:41:32","date_gmt":"2025-08-08T15:41:32","guid":{"rendered":"https:\/\/lucacastelli.com\/prodotto\/milwaukee-mx-fuel-350-mm-trennschleifer-der-2-2\/"},"modified":"2025-08-08T17:41:32","modified_gmt":"2025-08-08T15:41:32","slug":"milwaukee-mx-fuel-350-mm-trennschleifer-der-2-2","status":"publish","type":"product","link":"https:\/\/lucacastelli.com\/de\/produkt\/milwaukee-mx-fuel-350-mm-trennschleifer-der-2-2\/","title":{"rendered":"Milwaukee MX FUEL 350 mm Trennschleifer der 2."},"content":{"rendered":"<p>MXFCOS350G2-0\/MX FUEL<br \/>\nAkkubetriebener Trennschleifer, der aufgrund seiner Emissionsfreiheit in Innenr\u00e4umen eingesetzt werden kann;Eingebautes Wasserversorgungssystem f\u00fcr Nassschnitte (kompatibel mit der M18 SWITCH TANK\u2122 Spr\u00fchpumpe);Separat erh\u00e4ltlicher Wagen f\u00fcr lange, pr\u00e4zise Schnitte;350-mm-Akku-Trennschleifer mit der Kraft, Stahlbeton mit einer maximalen Schnitttiefe von 125 mm und einer Geschwindigkeit von 5.370 U\/min;Schnellere Schnitte: Einfach den Startknopf 3 Sekunden lang gedr\u00fcckt halten, um das Ger\u00e4t zu starten, wodurch das Mischen von Benzin und \u00d6l und die Wartung des Benzinmotors \u00fcberfl\u00fcssig werden;RAPIDSTOP\u2122: Das S\u00e4geblatt stoppt in weniger als 3 Sekunden;Anti-R\u00fcckschlag-System: Verhindert Verletzungen des Benutzers;Wird mit 1 HUDD 350 mm Diamanttrennscheibe und einer Tasche f\u00fcr Akku und Ladeger\u00e4t geliefert;Empfohlene S\u00e4gebl\u00e4tter: DUH \/ DU zum Schneiden von Metallrohren, Abfl\u00fcssen, Leitungen, XHUDD \/ HUDD \/ Steelhead zum Schneiden von hartem Stahlbeton, HUDD \/ DUH zum Schneiden von Armierungseisen, Steelhead \/ XHUDD \/ HUDD zum Schneiden von dickem Metall, Steelhead \/ Abrasivscheibe zum Schneiden von Gusseisen, ADD \/ AUDD zum Schneiden von Asphalt, Multimaterialscheibe zum Schneiden von duktilem Eisen;Mit dem MX FUEL System kannst du neue Horizonte in Sachen Akkuleistung erreichen: Leistung von benzinbetriebenen, kabellosen oder pneumatischen L\u00f6sungen und eliminiert die Gefahren, die mit Emissionen, L\u00e4rm, Vibrationen, Stolperfallen und komplexer Wartung verbunden sind;Das ONE-KEY\u2122 Tracking &amp; Security System bietet eine kostenlose, cloudbasierte Bestandsverfolgung und -verwaltung und verf\u00fcgt \u00fcber eine Fernsperrfunktion<\/p>\n<p>4933480478<br \/>\n4058546407636<\/p>\n","protected":false},"excerpt":{"rendered":"<p>MXFCOS350G2-0\/MX FUEL<\/p>\n","protected":false},"featured_media":582624,"template":"","meta":{"_seopress_robots_primary_cat":"","_seopress_titles_title":"","_seopress_titles_desc":"","_seopress_robots_index":""},"product_brand":[3656],"product_cat":[1699,1696,169],"product_tag":[3272],"class_list":{"0":"post-609606","1":"product","2":"type-product","3":"status-publish","4":"has-post-thumbnail","6":"product_brand-milwaukee-de","7":"product_cat-mahmaschinen-de","8":"product_cat-mahmaschinen-und-trimmer","9":"product_cat-maschinen","10":"product_tag-import-milwau-de","11":"sws-conto-ricavi-merci-rivendita-macchinari-de","12":"sws-gruppo-iva-iva81-de","14":"first","15":"onbackorder","16":"sale","17":"shipping-taxable","18":"purchasable","19":"product-type-simple"},"_links":{"self":[{"href":"https:\/\/lucacastelli.com\/de\/wp-json\/wp\/v2\/product\/609606","targetHints":{"allow":["GET"]}}],"collection":[{"href":"https:\/\/lucacastelli.com\/de\/wp-json\/wp\/v2\/product"}],"about":[{"href":"https:\/\/lucacastelli.com\/de\/wp-json\/wp\/v2\/types\/product"}],"wp:featuredmedia":[{"embeddable":true,"href":"https:\/\/lucacastelli.com\/de\/wp-json\/wp\/v2\/media\/582624"}],"wp:attachment":[{"href":"https:\/\/lucacastelli.com\/de\/wp-json\/wp\/v2\/media?parent=609606"}],"wp:term":[{"taxonomy":"product_brand","embeddable":true,"href":"https:\/\/lucacastelli.com\/de\/wp-json\/wp\/v2\/product_brand?post=609606"},{"taxonomy":"product_cat","embeddable":true,"href":"https:\/\/lucacastelli.com\/de\/wp-json\/wp\/v2\/product_cat?post=609606"},{"taxonomy":"product_tag","embeddable":true,"href":"https:\/\/lucacastelli.com\/de\/wp-json\/wp\/v2\/product_tag?post=609606"}],"curies":[{"name":"wp","href":"https:\/\/api.w.org\/{rel}","templated":true}]}}