{"id":609600,"date":"2025-08-08T17:41:31","date_gmt":"2025-08-08T15:41:31","guid":{"rendered":"https:\/\/lucacastelli.com\/prodotto\/milwaukee-radialer-trennschleifer\/"},"modified":"2026-04-15T22:56:47","modified_gmt":"2026-04-15T20:56:47","slug":"milwaukee-radialer-trennschleifer","status":"publish","type":"product","link":"https:\/\/lucacastelli.com\/de\/produkt\/milwaukee-radialer-trennschleifer\/","title":{"rendered":"MILWAUKEE Kapp- und Gehrungss\u00e4ge"},"content":{"rendered":"<p>M18 FMS305-121 \/ KAPP- UND GEHRUNGSS\u00c4GEN<br \/>\nBietet die Schneidleistung einer kabelgebundenen 305-mm-S\u00e4ge, mit der M\u00f6glichkeit, bis zu 500 Kiefernbretter mit 78 mm pro Ladung (12,0 Ah) zu schneiden; HIGH OUTPUT\u2122-System erh\u00f6ht Leistung und Laufzeit der M18 FUEL\u2122-Technologie; Kompatibel mit allen Milwaukee-Untergestellen (MSL 1000, MSL 2000, MSL 3000); M\u00f6glichkeit, wiederholte Schnitte auf derselben Tiefe einzustellen; Das ONE-KEY\u2122 Tracking &amp; Security-System bietet kostenlos einen cloudbasierten Tracking- und Inventarverwaltungsservice mit Fernverriegelungsfunktion; Seitliche Auflagefl\u00e4chen f\u00fcr Stabilit\u00e4t und Schnittgenauigkeit; Stahlplatte mit Neigungswinkelanzeige; Integrierte LED-Beleuchtung zur Ausleuchtung des Arbeitsbereichs; Funktioniert mit allen M18\u2122 MILWAUKEE\u00ae-Akkus; Integrierter Tragegriff<\/p>\n<p>4933499181<br \/>\n4058546563455<\/p>\n","protected":false},"excerpt":{"rendered":"<p>M18 FMS305-121 \/ KAPP- UND GEHRUNGSS\u00c4GEN<\/p>\n","protected":false},"featured_media":441451,"template":"","meta":{"_seopress_robots_primary_cat":"","_seopress_titles_title":"","_seopress_titles_desc":"","_seopress_robots_index":""},"product_brand":[3407],"product_cat":[29,495,496],"product_tag":[3270],"class_list":{"0":"post-609600","1":"product","2":"type-product","3":"status-publish","4":"has-post-thumbnail","6":"product_brand-milwaukee","7":"product_cat-macchinari","8":"product_cat-troncatrici-e-mototroncatrici","9":"product_cat-troncatrici","10":"product_tag-import-milwau","11":"sws-conto-ricavi-merci-rivendita-macchinari-de","12":"sws-gruppo-iva-iva81-de","14":"first","15":"onbackorder","16":"sale","17":"shipping-taxable","18":"purchasable","19":"product-type-simple"},"_links":{"self":[{"href":"https:\/\/lucacastelli.com\/de\/wp-json\/wp\/v2\/product\/609600","targetHints":{"allow":["GET"]}}],"collection":[{"href":"https:\/\/lucacastelli.com\/de\/wp-json\/wp\/v2\/product"}],"about":[{"href":"https:\/\/lucacastelli.com\/de\/wp-json\/wp\/v2\/types\/product"}],"wp:featuredmedia":[{"embeddable":true,"href":"https:\/\/lucacastelli.com\/de\/wp-json\/wp\/v2\/media\/441451"}],"wp:attachment":[{"href":"https:\/\/lucacastelli.com\/de\/wp-json\/wp\/v2\/media?parent=609600"}],"wp:term":[{"taxonomy":"product_brand","embeddable":true,"href":"https:\/\/lucacastelli.com\/de\/wp-json\/wp\/v2\/product_brand?post=609600"},{"taxonomy":"product_cat","embeddable":true,"href":"https:\/\/lucacastelli.com\/de\/wp-json\/wp\/v2\/product_cat?post=609600"},{"taxonomy":"product_tag","embeddable":true,"href":"https:\/\/lucacastelli.com\/de\/wp-json\/wp\/v2\/product_tag?post=609600"}],"curies":[{"name":"wp","href":"https:\/\/api.w.org\/{rel}","templated":true}]}}