{"id":609599,"date":"2025-08-08T17:41:28","date_gmt":"2025-08-08T15:41:28","guid":{"rendered":"https:\/\/lucacastelli.com\/prodotto\/milwaukee-2300-w-schneller-metalltrennschleifer\/"},"modified":"2025-08-08T17:41:28","modified_gmt":"2025-08-08T15:41:28","slug":"milwaukee-2300-w-schneller-metalltrennschleifer","status":"publish","type":"product","link":"https:\/\/lucacastelli.com\/de\/produkt\/milwaukee-2300-w-schneller-metalltrennschleifer\/","title":{"rendered":"Milwaukee 2300 W Schneller Metalltrennschleifer"},"content":{"rendered":"<p>CHS 355\/TRENNSCHLEIFER F\u00dcR METALL<br \/>\nKraftvoller Motor mit 2300 W und 3800 U\/min f\u00fcr hohe Leistung; Arretierung f\u00fcr sicheren und bequemen Transport; Schnittwinkel von -45\u00b0 bis +45\u00b0 mit einfacher Klemmung; Schnellspannvorrichtung f\u00fcr schnellen Werkst\u00fcckwechsel;Wellenverriegelung f\u00fcr schnellen Scheibenwechsel;Schneller B\u00fcrstenwechsel dank speziellem Zugang;Metalll\u00fcfter f\u00fcr l\u00e4ngere Lebensdauer;Robuste Stahlbasis mit spezieller Verst\u00e4rkung gegen Verformung<\/p>\n<p>4933411760<br \/>\n4002395236220<\/p>\n","protected":false},"excerpt":{"rendered":"<p>CHS 355\/TRENNSCHLEIFER<\/p>\n","protected":false},"featured_media":568965,"template":"","meta":{"_seopress_robots_primary_cat":"","_seopress_titles_title":"","_seopress_titles_desc":"","_seopress_robots_index":""},"product_brand":[3407],"product_cat":[29,495,496],"product_tag":[3270],"class_list":{"0":"post-609599","1":"product","2":"type-product","3":"status-publish","4":"has-post-thumbnail","6":"product_brand-milwaukee","7":"product_cat-macchinari","8":"product_cat-troncatrici-e-mototroncatrici","9":"product_cat-troncatrici","10":"product_tag-import-milwau","11":"sws-conto-ricavi-merci-rivendita-macchinari-de","12":"sws-gruppo-iva-iva81-de","14":"first","15":"onbackorder","16":"sale","17":"shipping-taxable","18":"purchasable","19":"product-type-simple"},"_links":{"self":[{"href":"https:\/\/lucacastelli.com\/de\/wp-json\/wp\/v2\/product\/609599","targetHints":{"allow":["GET"]}}],"collection":[{"href":"https:\/\/lucacastelli.com\/de\/wp-json\/wp\/v2\/product"}],"about":[{"href":"https:\/\/lucacastelli.com\/de\/wp-json\/wp\/v2\/types\/product"}],"wp:featuredmedia":[{"embeddable":true,"href":"https:\/\/lucacastelli.com\/de\/wp-json\/wp\/v2\/media\/568965"}],"wp:attachment":[{"href":"https:\/\/lucacastelli.com\/de\/wp-json\/wp\/v2\/media?parent=609599"}],"wp:term":[{"taxonomy":"product_brand","embeddable":true,"href":"https:\/\/lucacastelli.com\/de\/wp-json\/wp\/v2\/product_brand?post=609599"},{"taxonomy":"product_cat","embeddable":true,"href":"https:\/\/lucacastelli.com\/de\/wp-json\/wp\/v2\/product_cat?post=609599"},{"taxonomy":"product_tag","embeddable":true,"href":"https:\/\/lucacastelli.com\/de\/wp-json\/wp\/v2\/product_tag?post=609599"}],"curies":[{"name":"wp","href":"https:\/\/api.w.org\/{rel}","templated":true}]}}