{"id":609596,"date":"2025-08-07T06:27:47","date_gmt":"2025-08-07T04:27:47","guid":{"rendered":"https:\/\/lucacastelli.com\/prodotto\/milwaukee-mx-fuel-trennschleifer-350-mm\/"},"modified":"2026-04-16T02:18:31","modified_gmt":"2026-04-16T00:18:31","slug":"milwaukee-mx-fuel-trennschleifer-350-mm","status":"publish","type":"product","link":"https:\/\/lucacastelli.com\/de\/produkt\/milwaukee-mx-fuel-trennschleifer-350-mm\/","title":{"rendered":"MILWAUKEE MX FUEL\u2122 Trennschleifer 350 mm"},"content":{"rendered":"<p>MXFCOS350-602 MX FUEL Trennschleifer<br \/>\nDer weltweit erste Akku-Trennschleifer mit 350 mm Trennscheibe, der gen\u00fcgend Leistung liefert, um Stahlbeton zu schneiden;Schnellere Schnitte: Dr\u00fccken Sie einfach den Startknopf f\u00fcr 3 Sekunden, um das Werkzeug in Betrieb zu nehmen, wodurch das Mischen von Benzin und \u00d6l sowie die Wartung des Verbrennungsmotors entfallen;Keine Emissionen: Kann auch in schlecht bel\u00fcfteten Innenr\u00e4umen verwendet werden;Leistung wie bei benzinbetriebenen Werkzeugen, Leerlaufdrehzahl der Scheibe von 5370 min\u207b\u00b9 und eine Schnitttiefe von bis zu 125 mm;Leiser als Benzinmodelle, mit weniger Vibrationen und ausgewogenem Geh\u00e4use;Werkzeuglos verstellbare Schutzhaube und integrierte Wasserzufuhr f\u00fcr Nassschnitte (kompatibel mit M18\u2122 SWITCH TANK\u2122 Spr\u00fchsystem);F\u00fchrungswagen f\u00fcr Trennschleifer separat erh\u00e4ltlich;Das MX FUEL\u2122 System erreicht neue Dimensionen im Akkubereich: Leistung von Benzin-, Kabel- oder Druckluftl\u00f6sungen, ohne die Gefahren von Emissionen, L\u00e4rm, Vibrationen, Stolperfallen sowie komplexer Wartung;Das ONE-KEY\u2122 Tracking &amp; Security System bietet einen kostenlosen cloudbasierten Bestandsverwaltungs- und Ortungsservice, inklusive Fernsperrfunktion;Geliefert mit 350 mm HUDD-Diamanttrennscheibe, Tasche f\u00fcr Akkus und Ladeger\u00e4t<\/p>\n<p>4933464881<br \/>\n4058546228262<\/p>\n","protected":false},"excerpt":{"rendered":"<p>MXFCOS350-602 MX FUEL Trennschleifer<\/p>\n","protected":false},"featured_media":573962,"template":"","meta":{"_seopress_robots_primary_cat":"","_seopress_titles_title":"","_seopress_titles_desc":"","_seopress_robots_index":""},"product_brand":[3656],"product_cat":[1699,1696,169],"product_tag":[3272],"class_list":{"0":"post-609596","1":"product","2":"type-product","3":"status-publish","4":"has-post-thumbnail","6":"product_brand-milwaukee-de","7":"product_cat-mahmaschinen-de","8":"product_cat-mahmaschinen-und-trimmer","9":"product_cat-maschinen","10":"product_tag-import-milwau-de","11":"sws-conto-ricavi-merci-rivendita-macchinari-de","12":"sws-gruppo-iva-iva81-de","14":"first","15":"onbackorder","16":"sale","17":"shipping-taxable","18":"purchasable","19":"product-type-simple"},"_links":{"self":[{"href":"https:\/\/lucacastelli.com\/de\/wp-json\/wp\/v2\/product\/609596","targetHints":{"allow":["GET"]}}],"collection":[{"href":"https:\/\/lucacastelli.com\/de\/wp-json\/wp\/v2\/product"}],"about":[{"href":"https:\/\/lucacastelli.com\/de\/wp-json\/wp\/v2\/types\/product"}],"wp:featuredmedia":[{"embeddable":true,"href":"https:\/\/lucacastelli.com\/de\/wp-json\/wp\/v2\/media\/573962"}],"wp:attachment":[{"href":"https:\/\/lucacastelli.com\/de\/wp-json\/wp\/v2\/media?parent=609596"}],"wp:term":[{"taxonomy":"product_brand","embeddable":true,"href":"https:\/\/lucacastelli.com\/de\/wp-json\/wp\/v2\/product_brand?post=609596"},{"taxonomy":"product_cat","embeddable":true,"href":"https:\/\/lucacastelli.com\/de\/wp-json\/wp\/v2\/product_cat?post=609596"},{"taxonomy":"product_tag","embeddable":true,"href":"https:\/\/lucacastelli.com\/de\/wp-json\/wp\/v2\/product_tag?post=609596"}],"curies":[{"name":"wp","href":"https:\/\/api.w.org\/{rel}","templated":true}]}}