{"id":609574,"date":"2025-08-10T18:24:10","date_gmt":"2025-08-10T16:24:10","guid":{"rendered":"https:\/\/lucacastelli.com\/prodotto\/milwaukee-mehrzweck-schraubendreher-9-in-1\/"},"modified":"2025-08-10T18:24:10","modified_gmt":"2025-08-10T16:24:10","slug":"milwaukee-mehrzweck-schraubendreher-9-in-1","status":"publish","type":"product","link":"https:\/\/lucacastelli.com\/de\/produkt\/milwaukee-mehrzweck-schraubendreher-9-in-1\/","title":{"rendered":"Milwaukee Mehrzweck-Schraubendreher 9 in 1"},"content":{"rendered":"<p>MULT.V1 SWIVEL &#8211; PH\/PZ<br \/>\nErgonomisch, 152 mm lang mit Innensechskant mit Bohrung zum Erstellen von Schlitzen;Ratsche mit hohem Drehmoment;Bitl\u00e4nge 88 mm;Geh\u00e4rteter Bitkopf f\u00fcr maximale Pr\u00e4zision und Haltbarkeit;Magazingriff zur Aufbewahrung unbenutzter Bits;Verchromt f\u00fcr hohe Schutzart<\/p>\n<p>4932471598<br \/>\n4058546294977<\/p>\n","protected":false},"excerpt":{"rendered":"<p>MULT.V1 SCHRAUBENDREHER &#8211; PH\/PZ<\/p>\n","protected":false},"featured_media":537110,"template":"","meta":{"_seopress_robots_primary_cat":"","_seopress_titles_title":"","_seopress_titles_desc":"","_seopress_robots_index":""},"product_brand":[3407],"product_cat":[5416,33],"product_tag":[3270],"class_list":{"0":"post-609574","1":"product","2":"type-product","3":"status-publish","4":"has-post-thumbnail","6":"product_brand-milwaukee","7":"product_cat-utensili-per-officina","8":"product_cat-attrezzature","9":"product_tag-import-milwau","10":"sws-conto-ricavi-merci-rivendita-macchinari-de","11":"sws-gruppo-iva-iva81-de","13":"first","14":"onbackorder","15":"sale","16":"shipping-taxable","17":"purchasable","18":"product-type-simple"},"_links":{"self":[{"href":"https:\/\/lucacastelli.com\/de\/wp-json\/wp\/v2\/product\/609574","targetHints":{"allow":["GET"]}}],"collection":[{"href":"https:\/\/lucacastelli.com\/de\/wp-json\/wp\/v2\/product"}],"about":[{"href":"https:\/\/lucacastelli.com\/de\/wp-json\/wp\/v2\/types\/product"}],"wp:featuredmedia":[{"embeddable":true,"href":"https:\/\/lucacastelli.com\/de\/wp-json\/wp\/v2\/media\/537110"}],"wp:attachment":[{"href":"https:\/\/lucacastelli.com\/de\/wp-json\/wp\/v2\/media?parent=609574"}],"wp:term":[{"taxonomy":"product_brand","embeddable":true,"href":"https:\/\/lucacastelli.com\/de\/wp-json\/wp\/v2\/product_brand?post=609574"},{"taxonomy":"product_cat","embeddable":true,"href":"https:\/\/lucacastelli.com\/de\/wp-json\/wp\/v2\/product_cat?post=609574"},{"taxonomy":"product_tag","embeddable":true,"href":"https:\/\/lucacastelli.com\/de\/wp-json\/wp\/v2\/product_tag?post=609574"}],"curies":[{"name":"wp","href":"https:\/\/api.w.org\/{rel}","templated":true}]}}