{"id":609572,"date":"2025-08-10T18:24:11","date_gmt":"2025-08-10T16:24:11","guid":{"rendered":"https:\/\/lucacastelli.com\/prodotto\/milwaukee-kompakter-8-in-1-mehrzweckschraubendreher\/"},"modified":"2025-08-10T18:24:11","modified_gmt":"2025-08-10T16:24:11","slug":"milwaukee-kompakter-8-in-1-mehrzweckschraubendreher","status":"publish","type":"product","link":"https:\/\/lucacastelli.com\/de\/produkt\/milwaukee-kompakter-8-in-1-mehrzweckschraubendreher\/","title":{"rendered":"Milwaukee Kompakter 8-in-1-Mehrzweckschraubendreher"},"content":{"rendered":"<p>SHORT MULTI-FUNCTION SCREW 8 IN 1 -1pcs<br \/>\nMit Ratsche f\u00fcr maximale Geschwindigkeit und Kontrolle;Geh\u00e4rtete, pr\u00e4zisionsgeschliffene Eins\u00e4tze f\u00fcr sichere Montage und lange Lebensdauer;Aufbewahrung der Schraubendreherbits am Griff;Verchromung f\u00fcr maximalen Rostschutz<\/p>\n<p>4932471868<br \/>\n4058546297671<\/p>\n","protected":false},"excerpt":{"rendered":"<p>KURZE MULTI-FUNKTIONSSCHRAUBE 8 IN 1 -1St.<\/p>\n","protected":false},"featured_media":538089,"template":"","meta":{"_seopress_robots_primary_cat":"","_seopress_titles_title":"","_seopress_titles_desc":"","_seopress_robots_index":""},"product_brand":[3407],"product_cat":[5416,33],"product_tag":[3270],"class_list":{"0":"post-609572","1":"product","2":"type-product","3":"status-publish","4":"has-post-thumbnail","6":"product_brand-milwaukee","7":"product_cat-utensili-per-officina","8":"product_cat-attrezzature","9":"product_tag-import-milwau","10":"sws-conto-ricavi-merci-rivendita-macchinari-de","11":"sws-gruppo-iva-iva81-de","13":"first","14":"onbackorder","15":"sale","16":"shipping-taxable","17":"purchasable","18":"product-type-simple"},"_links":{"self":[{"href":"https:\/\/lucacastelli.com\/de\/wp-json\/wp\/v2\/product\/609572","targetHints":{"allow":["GET"]}}],"collection":[{"href":"https:\/\/lucacastelli.com\/de\/wp-json\/wp\/v2\/product"}],"about":[{"href":"https:\/\/lucacastelli.com\/de\/wp-json\/wp\/v2\/types\/product"}],"wp:featuredmedia":[{"embeddable":true,"href":"https:\/\/lucacastelli.com\/de\/wp-json\/wp\/v2\/media\/538089"}],"wp:attachment":[{"href":"https:\/\/lucacastelli.com\/de\/wp-json\/wp\/v2\/media?parent=609572"}],"wp:term":[{"taxonomy":"product_brand","embeddable":true,"href":"https:\/\/lucacastelli.com\/de\/wp-json\/wp\/v2\/product_brand?post=609572"},{"taxonomy":"product_cat","embeddable":true,"href":"https:\/\/lucacastelli.com\/de\/wp-json\/wp\/v2\/product_cat?post=609572"},{"taxonomy":"product_tag","embeddable":true,"href":"https:\/\/lucacastelli.com\/de\/wp-json\/wp\/v2\/product_tag?post=609572"}],"curies":[{"name":"wp","href":"https:\/\/api.w.org\/{rel}","templated":true}]}}