{"id":609543,"date":"2025-08-10T17:45:32","date_gmt":"2025-08-10T15:45:32","guid":{"rendered":"https:\/\/lucacastelli.com\/prodotto\/milwaukee-kreissaegeblaetter-fuer-handwerkzeuge-20\/"},"modified":"2025-11-21T17:10:54","modified_gmt":"2025-11-21T16:10:54","slug":"milwaukee-kreissaegeblaetter-fuer-handwerkzeuge-20","status":"publish","type":"product","link":"https:\/\/lucacastelli.com\/de\/produkt\/milwaukee-kreissaegeblaetter-fuer-handwerkzeuge-20\/","title":{"rendered":"Milwaukee Klingen f\u00fcr Kreiss\u00e4gen f\u00fcr Handwerkzeuge"},"content":{"rendered":"<p>CIRC BLADE Diam\/Hole mm165\/15,87 Z40 -1pcs<br \/>\nPTFE-Beschichtung: Kaltschnitt, Antihaft f\u00fcr schnellere Schnitte. Sch\u00fctzt vor Korrosion und Harzablagerungen;Exapnsionsschlitze: Geringe Vibrationen und h\u00f6here Pr\u00e4zision. Die Schlitze sind mit Polyurethan gef\u00fcllt und wirken wie Sto\u00dfd\u00e4mpfer, die die Z\u00e4hne von Vibrationen isolieren;Hochwertiger lasergeschnittener Stahl: garantierte Pr\u00e4zision;Kobalt-Hartmetall-Z\u00e4hne: saubere, saubere Schnitte  <\/p>\n<p>4932471312<br \/>\n4058546289409<\/p>\n","protected":false},"excerpt":{"rendered":"<p>CIRC BLADE Durchm.\/ Bohrung mm165\/15,87 Z40 -1St.<\/p>\n","protected":false},"featured_media":531357,"template":"","meta":{"_seopress_robots_primary_cat":"","_seopress_titles_title":"","_seopress_titles_desc":"","_seopress_robots_index":""},"product_brand":[3407],"product_cat":[29,558,535],"product_tag":[3270],"class_list":{"0":"post-609543","1":"product","2":"type-product","3":"status-publish","4":"has-post-thumbnail","6":"product_brand-milwaukee","7":"product_cat-macchinari","8":"product_cat-seghe-accessori-vari","9":"product_cat-spaccalegna-e-circolari","10":"product_tag-import-milwau","11":"sws-conto-ricavi-merci-rivendita-macchinari-de","12":"sws-gruppo-iva-iva81-de","14":"first","15":"onbackorder","16":"sale","17":"shipping-taxable","18":"purchasable","19":"product-type-simple"},"_links":{"self":[{"href":"https:\/\/lucacastelli.com\/de\/wp-json\/wp\/v2\/product\/609543","targetHints":{"allow":["GET"]}}],"collection":[{"href":"https:\/\/lucacastelli.com\/de\/wp-json\/wp\/v2\/product"}],"about":[{"href":"https:\/\/lucacastelli.com\/de\/wp-json\/wp\/v2\/types\/product"}],"wp:featuredmedia":[{"embeddable":true,"href":"https:\/\/lucacastelli.com\/de\/wp-json\/wp\/v2\/media\/531357"}],"wp:attachment":[{"href":"https:\/\/lucacastelli.com\/de\/wp-json\/wp\/v2\/media?parent=609543"}],"wp:term":[{"taxonomy":"product_brand","embeddable":true,"href":"https:\/\/lucacastelli.com\/de\/wp-json\/wp\/v2\/product_brand?post=609543"},{"taxonomy":"product_cat","embeddable":true,"href":"https:\/\/lucacastelli.com\/de\/wp-json\/wp\/v2\/product_cat?post=609543"},{"taxonomy":"product_tag","embeddable":true,"href":"https:\/\/lucacastelli.com\/de\/wp-json\/wp\/v2\/product_tag?post=609543"}],"curies":[{"name":"wp","href":"https:\/\/api.w.org\/{rel}","templated":true}]}}