{"id":609467,"date":"2025-08-10T17:45:10","date_gmt":"2025-08-10T15:45:10","guid":{"rendered":"https:\/\/lucacastelli.com\/prodotto\/milwaukee-radiale-gehrungssaegeblaetter-5\/"},"modified":"2025-08-14T12:53:31","modified_gmt":"2025-08-14T10:53:31","slug":"milwaukee-radiale-gehrungssaegeblaetter-5","status":"publish","type":"product","link":"https:\/\/lucacastelli.com\/de\/produkt\/milwaukee-radiale-gehrungssaegeblaetter-5\/","title":{"rendered":"Milwaukee Radiale Trennschleifer"},"content":{"rendered":"<p>CIRC. 305\/30 Z100 neg. 1 Stk.<br \/>\nPTFE-Beschichtung: kalter Schnitt, Antihaftbeschichtung f\u00fcr schnellere Schnitte. Sch\u00fctzt vor Korrosion und Harzablagerungen; Exapnsionsschlitze: geringe Vibration und erh\u00f6hte Pr\u00e4zision. Die Schlitze sind mit Polyurethan gef\u00fcllt und wirken als Sto\u00dfd\u00e4mpfer, die die Z\u00e4hne von Vibrationen isolieren;Hochwertiger lasergeschnittener Stahl: garantierte Pr\u00e4zision;Kobalt-Hartmetall-Z\u00e4hne: saubere Schnitte<\/p>\n<p>4932471322<br \/>\n4058546289508<\/p>\n","protected":false},"excerpt":{"rendered":"<p>CIRC. 305\/30 Z100 neg. -1St.  <\/p>\n","protected":false},"featured_media":531366,"template":"","meta":{"_seopress_robots_primary_cat":"","_seopress_titles_title":"","_seopress_titles_desc":"","_seopress_robots_index":""},"product_brand":[3656],"product_cat":[169,1535,1542],"product_tag":[3272],"class_list":{"0":"post-609467","1":"product","2":"type-product","3":"status-publish","4":"has-post-thumbnail","6":"product_brand-milwaukee-de","7":"product_cat-maschinen","8":"product_cat-sagen","9":"product_cat-holzspalter-und-kreissagen","10":"product_tag-import-milwau-de","11":"sws-conto-ricavi-merci-rivendita-macchinari-de","12":"sws-gruppo-iva-iva81-de","14":"first","15":"onbackorder","16":"sale","17":"shipping-taxable","18":"purchasable","19":"product-type-simple"},"_links":{"self":[{"href":"https:\/\/lucacastelli.com\/de\/wp-json\/wp\/v2\/product\/609467","targetHints":{"allow":["GET"]}}],"collection":[{"href":"https:\/\/lucacastelli.com\/de\/wp-json\/wp\/v2\/product"}],"about":[{"href":"https:\/\/lucacastelli.com\/de\/wp-json\/wp\/v2\/types\/product"}],"wp:featuredmedia":[{"embeddable":true,"href":"https:\/\/lucacastelli.com\/de\/wp-json\/wp\/v2\/media\/531366"}],"wp:attachment":[{"href":"https:\/\/lucacastelli.com\/de\/wp-json\/wp\/v2\/media?parent=609467"}],"wp:term":[{"taxonomy":"product_brand","embeddable":true,"href":"https:\/\/lucacastelli.com\/de\/wp-json\/wp\/v2\/product_brand?post=609467"},{"taxonomy":"product_cat","embeddable":true,"href":"https:\/\/lucacastelli.com\/de\/wp-json\/wp\/v2\/product_cat?post=609467"},{"taxonomy":"product_tag","embeddable":true,"href":"https:\/\/lucacastelli.com\/de\/wp-json\/wp\/v2\/product_tag?post=609467"}],"curies":[{"name":"wp","href":"https:\/\/api.w.org\/{rel}","templated":true}]}}