{"id":609431,"date":"2025-08-10T17:46:21","date_gmt":"2025-08-10T15:46:21","guid":{"rendered":"https:\/\/lucacastelli.com\/prodotto\/milwaukee-klinge-fuer-kreissaege-235-mm-2\/"},"modified":"2025-08-10T17:46:21","modified_gmt":"2025-08-10T15:46:21","slug":"milwaukee-klinge-fuer-kreissaege-235-mm-2","status":"publish","type":"product","link":"https:\/\/lucacastelli.com\/de\/produkt\/milwaukee-klinge-fuer-kreissaege-235-mm-2\/","title":{"rendered":"Milwaukee Klinge f\u00fcr Kreiss\u00e4ge 235 mm"},"content":{"rendered":"<p>KREIS. Durchm.\/Loch mm 235\/30 Z36 -1St.<br \/>\nPTFE-Beschichtung: Kaltschnitt, Antihaft f\u00fcr schnellere Schnitte. Sch\u00fctzt vor Korrosion und Harzablagerungen; Exapnsionsschlitze: geringere Vibrationen und h\u00f6here Pr\u00e4zision. Die Schlitze sind mit Polyurethan gef\u00fcllt und wirken wie Sto\u00dfd\u00e4mpfer, die die Z\u00e4hne von Vibrationen isolieren;Hochwertiger lasergeschnittener Stahl: garantierte Pr\u00e4zision;Kobalt-Hartmetall-Z\u00e4hne: saubere, saubere Schnitte  <\/p>\n<p>4932471306<br \/>\n4058546289348<\/p>\n","protected":false},"excerpt":{"rendered":"<p>KREIS. Durchm.\/Loch mm 235\/30 Z36 -1St.<\/p>\n","protected":false},"featured_media":531303,"template":"","meta":{"_seopress_robots_primary_cat":"","_seopress_titles_title":"","_seopress_titles_desc":"","_seopress_robots_index":""},"product_brand":[3656],"product_cat":[1542,169,1535],"product_tag":[3272],"class_list":{"0":"post-609431","1":"product","2":"type-product","3":"status-publish","4":"has-post-thumbnail","6":"product_brand-milwaukee-de","7":"product_cat-holzspalter-und-kreissagen","8":"product_cat-maschinen","9":"product_cat-sagen","10":"product_tag-import-milwau-de","11":"sws-conto-ricavi-merci-rivendita-macchinari-de","12":"sws-gruppo-iva-iva81-de","14":"first","15":"onbackorder","16":"sale","17":"shipping-taxable","18":"purchasable","19":"product-type-simple"},"_links":{"self":[{"href":"https:\/\/lucacastelli.com\/de\/wp-json\/wp\/v2\/product\/609431","targetHints":{"allow":["GET"]}}],"collection":[{"href":"https:\/\/lucacastelli.com\/de\/wp-json\/wp\/v2\/product"}],"about":[{"href":"https:\/\/lucacastelli.com\/de\/wp-json\/wp\/v2\/types\/product"}],"wp:featuredmedia":[{"embeddable":true,"href":"https:\/\/lucacastelli.com\/de\/wp-json\/wp\/v2\/media\/531303"}],"wp:attachment":[{"href":"https:\/\/lucacastelli.com\/de\/wp-json\/wp\/v2\/media?parent=609431"}],"wp:term":[{"taxonomy":"product_brand","embeddable":true,"href":"https:\/\/lucacastelli.com\/de\/wp-json\/wp\/v2\/product_brand?post=609431"},{"taxonomy":"product_cat","embeddable":true,"href":"https:\/\/lucacastelli.com\/de\/wp-json\/wp\/v2\/product_cat?post=609431"},{"taxonomy":"product_tag","embeddable":true,"href":"https:\/\/lucacastelli.com\/de\/wp-json\/wp\/v2\/product_tag?post=609431"}],"curies":[{"name":"wp","href":"https:\/\/api.w.org\/{rel}","templated":true}]}}