{"id":609415,"date":"2025-08-08T17:50:15","date_gmt":"2025-08-08T15:50:15","guid":{"rendered":"https:\/\/lucacastelli.com\/prodotto\/milwaukee-m18-fuel-heckenschere-45-cm-doppelseitiges-messer\/"},"modified":"2025-08-08T17:50:15","modified_gmt":"2025-08-08T15:50:15","slug":"milwaukee-m18-fuel-heckenschere-45-cm-doppelseitiges-messer","status":"publish","type":"product","link":"https:\/\/lucacastelli.com\/de\/produkt\/milwaukee-m18-fuel-heckenschere-45-cm-doppelseitiges-messer\/","title":{"rendered":"Milwaukee M18 FUEL Heckenschere 45 cm doppelseitiges Messer"},"content":{"rendered":"<p>M18 FHET45-802 \/HIGH OUTPUT\u2122 Akku<br \/>\nDoppelseitige Klinge f\u00fcr saubere Schnitte und das Entfernen von dickem Bewuchs;450 mm Klingenl\u00e4nge, die \u00c4ste mit einem Durchmesser von bis zu 19 mm schneiden kann;H\u00e4lt die Leistung unter Last, ohne zu verlangsamen;Bis zu 2 Stunden Laufzeit mit einer 8.0 Ah;Vollmetallgetriebe;Schutz der Klingenspitze f\u00fcr maximale Sicherheit und zur Vermeidung von Sch\u00e4den an Gegenst\u00e4nden;Ausgewogenes ergonomisches Design f\u00fcr maximale Kontrolle;Funktioniert mit allen M18 Milwaukee\u00ae Akkus<\/p>\n<p>4933493294<br \/>\n4058546481650<\/p>\n","protected":false},"excerpt":{"rendered":"<p>M18 FHET45-802 \/ HECKENSCHERE<\/p>\n","protected":false},"featured_media":585316,"template":"","meta":{"_seopress_robots_primary_cat":"","_seopress_titles_title":"","_seopress_titles_desc":"","_seopress_robots_index":""},"product_brand":[3656],"product_cat":[1629,1695,169],"product_tag":[3272],"class_list":{"0":"post-609415","1":"product","2":"type-product","3":"status-publish","4":"has-post-thumbnail","6":"product_brand-milwaukee-de","7":"product_cat-akku-heckenscheren-und-astscheren","8":"product_cat-heckenscheren-und-astscheren","9":"product_cat-maschinen","10":"product_tag-import-milwau-de","11":"sws-conto-ricavi-merci-rivendita-macchinari-de","12":"sws-gruppo-iva-iva81-de","14":"first","15":"onbackorder","16":"sale","17":"shipping-taxable","18":"purchasable","19":"product-type-simple"},"_links":{"self":[{"href":"https:\/\/lucacastelli.com\/de\/wp-json\/wp\/v2\/product\/609415","targetHints":{"allow":["GET"]}}],"collection":[{"href":"https:\/\/lucacastelli.com\/de\/wp-json\/wp\/v2\/product"}],"about":[{"href":"https:\/\/lucacastelli.com\/de\/wp-json\/wp\/v2\/types\/product"}],"wp:featuredmedia":[{"embeddable":true,"href":"https:\/\/lucacastelli.com\/de\/wp-json\/wp\/v2\/media\/585316"}],"wp:attachment":[{"href":"https:\/\/lucacastelli.com\/de\/wp-json\/wp\/v2\/media?parent=609415"}],"wp:term":[{"taxonomy":"product_brand","embeddable":true,"href":"https:\/\/lucacastelli.com\/de\/wp-json\/wp\/v2\/product_brand?post=609415"},{"taxonomy":"product_cat","embeddable":true,"href":"https:\/\/lucacastelli.com\/de\/wp-json\/wp\/v2\/product_cat?post=609415"},{"taxonomy":"product_tag","embeddable":true,"href":"https:\/\/lucacastelli.com\/de\/wp-json\/wp\/v2\/product_tag?post=609415"}],"curies":[{"name":"wp","href":"https:\/\/api.w.org\/{rel}","templated":true}]}}