{"id":609413,"date":"2025-08-07T20:29:43","date_gmt":"2025-08-07T18:29:43","guid":{"rendered":"https:\/\/lucacastelli.com\/prodotto\/milwaukee-feststehendes-messer-2\/"},"modified":"2025-08-07T20:29:43","modified_gmt":"2025-08-07T18:29:43","slug":"milwaukee-feststehendes-messer-2","status":"publish","type":"product","link":"https:\/\/lucacastelli.com\/de\/produkt\/milwaukee-feststehendes-messer-2\/","title":{"rendered":"Milwaukee Feststehendes Messer"},"content":{"rendered":"<p>MESSER MIT FESTER KLINGE 1 St\u00fcck<br \/>\nMesser mit feststehender Klinge, damit die Klinge lange scharf bleibt; die 101 cm (4&#8221;) lange Klinge aus rostfreiem Stahl sorgt daf\u00fcr, dass die Klinge l\u00e4nger scharf bleibt und der Benutzer sie seltener nachsch\u00e4rfen muss;Die Ganzmetallkonstruktion bietet maximale St\u00e4rke bei den h\u00e4rtesten Eins\u00e4tzen; der ergonomische Griff bietet mehr Grip und Komfort; Lanyard-Halterung; robuste Tragetasche f\u00fcr einfachen Transport und schnellen Zugriff<\/p>\n<p>4932464828<br \/>\n4058546227739<\/p>\n","protected":false},"excerpt":{"rendered":"<p>MESSER MIT FESTER KLINGE 1 St\u00fcck<\/p>\n","protected":false},"featured_media":529850,"template":"","meta":{"_seopress_robots_primary_cat":"","_seopress_titles_title":"","_seopress_titles_desc":"","_seopress_robots_index":""},"product_brand":[3407],"product_cat":[5416,33],"product_tag":[3270],"class_list":{"0":"post-609413","1":"product","2":"type-product","3":"status-publish","4":"has-post-thumbnail","6":"product_brand-milwaukee","7":"product_cat-utensili-per-officina","8":"product_cat-attrezzature","9":"product_tag-import-milwau","10":"sws-conto-ricavi-merci-rivendita-macchinari-de","11":"sws-gruppo-iva-iva81-de","13":"first","14":"onbackorder","15":"sale","16":"shipping-taxable","17":"purchasable","18":"product-type-simple"},"_links":{"self":[{"href":"https:\/\/lucacastelli.com\/de\/wp-json\/wp\/v2\/product\/609413","targetHints":{"allow":["GET"]}}],"collection":[{"href":"https:\/\/lucacastelli.com\/de\/wp-json\/wp\/v2\/product"}],"about":[{"href":"https:\/\/lucacastelli.com\/de\/wp-json\/wp\/v2\/types\/product"}],"wp:featuredmedia":[{"embeddable":true,"href":"https:\/\/lucacastelli.com\/de\/wp-json\/wp\/v2\/media\/529850"}],"wp:attachment":[{"href":"https:\/\/lucacastelli.com\/de\/wp-json\/wp\/v2\/media?parent=609413"}],"wp:term":[{"taxonomy":"product_brand","embeddable":true,"href":"https:\/\/lucacastelli.com\/de\/wp-json\/wp\/v2\/product_brand?post=609413"},{"taxonomy":"product_cat","embeddable":true,"href":"https:\/\/lucacastelli.com\/de\/wp-json\/wp\/v2\/product_cat?post=609413"},{"taxonomy":"product_tag","embeddable":true,"href":"https:\/\/lucacastelli.com\/de\/wp-json\/wp\/v2\/product_tag?post=609413"}],"curies":[{"name":"wp","href":"https:\/\/api.w.org\/{rel}","templated":true}]}}