{"id":609410,"date":"2025-08-07T20:29:40","date_gmt":"2025-08-07T18:29:40","guid":{"rendered":"https:\/\/lucacastelli.com\/prodotto\/milwaukee-feststehendes-messer\/"},"modified":"2025-08-07T20:29:40","modified_gmt":"2025-08-07T18:29:40","slug":"milwaukee-feststehendes-messer","status":"publish","type":"product","link":"https:\/\/lucacastelli.com\/de\/produkt\/milwaukee-feststehendes-messer\/","title":{"rendered":"Milwaukee Feststehendes Messer"},"content":{"rendered":"<p>FIXED BLADE KNIFE<br \/>\nGebrauchsfertige feststehende Klinge f\u00fcr einen einfacheren und schnelleren Zugriff auf das Messer; Werkzeugloser Klingenwechsel: spart Zeit. Der R\u00e4ndelkopf-Schraubmechanismus erm\u00f6glicht einen schnellen Klingenwechsel ohne zus\u00e4tzliches Werkzeug;Aufbewahrungsm\u00f6glichkeit f\u00fcr bis zu 5 Klingen im Griff;Vorrichtung f\u00fcr ein Schl\u00fcsselband;Ganzmetallgeh\u00e4use <\/p>\n<p>4932471361<br \/>\n4058546289898<\/p>\n","protected":false},"excerpt":{"rendered":"<p>MESSER MIT FESTSTEHENDER KLINGE<\/p>\n","protected":false},"featured_media":536482,"template":"","meta":{"_seopress_robots_primary_cat":"","_seopress_titles_title":"","_seopress_titles_desc":"","_seopress_robots_index":""},"product_brand":[3407],"product_cat":[5416,33],"product_tag":[3270],"class_list":{"0":"post-609410","1":"product","2":"type-product","3":"status-publish","4":"has-post-thumbnail","6":"product_brand-milwaukee","7":"product_cat-utensili-per-officina","8":"product_cat-attrezzature","9":"product_tag-import-milwau","10":"sws-conto-ricavi-merci-rivendita-macchinari-de","11":"sws-gruppo-iva-iva81-de","13":"first","14":"onbackorder","15":"sale","16":"shipping-taxable","17":"purchasable","18":"product-type-simple"},"_links":{"self":[{"href":"https:\/\/lucacastelli.com\/de\/wp-json\/wp\/v2\/product\/609410","targetHints":{"allow":["GET"]}}],"collection":[{"href":"https:\/\/lucacastelli.com\/de\/wp-json\/wp\/v2\/product"}],"about":[{"href":"https:\/\/lucacastelli.com\/de\/wp-json\/wp\/v2\/types\/product"}],"wp:featuredmedia":[{"embeddable":true,"href":"https:\/\/lucacastelli.com\/de\/wp-json\/wp\/v2\/media\/536482"}],"wp:attachment":[{"href":"https:\/\/lucacastelli.com\/de\/wp-json\/wp\/v2\/media?parent=609410"}],"wp:term":[{"taxonomy":"product_brand","embeddable":true,"href":"https:\/\/lucacastelli.com\/de\/wp-json\/wp\/v2\/product_brand?post=609410"},{"taxonomy":"product_cat","embeddable":true,"href":"https:\/\/lucacastelli.com\/de\/wp-json\/wp\/v2\/product_cat?post=609410"},{"taxonomy":"product_tag","embeddable":true,"href":"https:\/\/lucacastelli.com\/de\/wp-json\/wp\/v2\/product_tag?post=609410"}],"curies":[{"name":"wp","href":"https:\/\/api.w.org\/{rel}","templated":true}]}}