{"id":609387,"date":"2025-08-07T20:29:49","date_gmt":"2025-08-07T18:29:49","guid":{"rendered":"https:\/\/lucacastelli.com\/prodotto\/milwaukee-extrastarkes-sportmesser-mit-feststehender-klinge\/"},"modified":"2025-08-07T20:29:49","modified_gmt":"2025-08-07T18:29:49","slug":"milwaukee-extrastarkes-sportmesser-mit-feststehender-klinge","status":"publish","type":"product","link":"https:\/\/lucacastelli.com\/de\/produkt\/milwaukee-extrastarkes-sportmesser-mit-feststehender-klinge\/","title":{"rendered":"Milwaukee Extrastarkes Sportmesser mit feststehender Klinge"},"content":{"rendered":"<p>HARDLINE FIXED BLADE KNIFE 1 St\u00fcck<br \/>\n127 cm (5&#8221;) Stahlklinge (AUS-8 Stahl) sorgt daf\u00fcr, dass die Klinge ihre Sch\u00e4rfe l\u00e4nger beh\u00e4lt, wodurch der Benutzer weniger nachsch\u00e4rfen muss;Ganzmetallkonstruktion bietet maximale Festigkeit bei den h\u00e4rtesten Anwendungen;Gummierter Griff f\u00fcr einen sicheren Halt und Vorbereitung f\u00fcr ein Schl\u00fcsselband;Stabiles Etui f\u00fcr einfachen Transport und schnellen Zugriff<\/p>\n<p>4932464830<br \/>\n4058546227753<\/p>\n","protected":false},"excerpt":{"rendered":"<p>MESSER MIT FESTER KLINGE HARDLINE 1 St\u00fcck<\/p>\n","protected":false},"featured_media":535388,"template":"","meta":{"_seopress_robots_primary_cat":"","_seopress_titles_title":"","_seopress_titles_desc":"","_seopress_robots_index":""},"product_brand":[3407],"product_cat":[5416,33],"product_tag":[3270],"class_list":{"0":"post-609387","1":"product","2":"type-product","3":"status-publish","4":"has-post-thumbnail","6":"product_brand-milwaukee","7":"product_cat-utensili-per-officina","8":"product_cat-attrezzature","9":"product_tag-import-milwau","10":"sws-conto-ricavi-merci-rivendita-macchinari-de","11":"sws-gruppo-iva-iva81-de","13":"first","14":"onbackorder","15":"sale","16":"shipping-taxable","17":"purchasable","18":"product-type-simple"},"_links":{"self":[{"href":"https:\/\/lucacastelli.com\/de\/wp-json\/wp\/v2\/product\/609387","targetHints":{"allow":["GET"]}}],"collection":[{"href":"https:\/\/lucacastelli.com\/de\/wp-json\/wp\/v2\/product"}],"about":[{"href":"https:\/\/lucacastelli.com\/de\/wp-json\/wp\/v2\/types\/product"}],"wp:featuredmedia":[{"embeddable":true,"href":"https:\/\/lucacastelli.com\/de\/wp-json\/wp\/v2\/media\/535388"}],"wp:attachment":[{"href":"https:\/\/lucacastelli.com\/de\/wp-json\/wp\/v2\/media?parent=609387"}],"wp:term":[{"taxonomy":"product_brand","embeddable":true,"href":"https:\/\/lucacastelli.com\/de\/wp-json\/wp\/v2\/product_brand?post=609387"},{"taxonomy":"product_cat","embeddable":true,"href":"https:\/\/lucacastelli.com\/de\/wp-json\/wp\/v2\/product_cat?post=609387"},{"taxonomy":"product_tag","embeddable":true,"href":"https:\/\/lucacastelli.com\/de\/wp-json\/wp\/v2\/product_tag?post=609387"}],"curies":[{"name":"wp","href":"https:\/\/api.w.org\/{rel}","templated":true}]}}