{"id":609384,"date":"2025-08-07T15:20:22","date_gmt":"2025-08-07T13:20:22","guid":{"rendered":"https:\/\/lucacastelli.com\/prodotto\/milwaukee-kreissaegeblatt-durchm-loch-mm-190-30-z24\/"},"modified":"2025-08-07T15:20:22","modified_gmt":"2025-08-07T13:20:22","slug":"milwaukee-kreissaegeblatt-durchm-loch-mm-190-30-z24","status":"publish","type":"product","link":"https:\/\/lucacastelli.com\/de\/produkt\/milwaukee-kreissaegeblatt-durchm-loch-mm-190-30-z24\/","title":{"rendered":"MILWAUKEE KREISS\u00c4GEBLATT Durchm.\/Loch mm 190\/30 Z24"},"content":{"rendered":"<p>KREIS. Durchm.\/Loch mm 190\/30 Z24<br \/>\nPTFE (Teflon)-Beschichtung: reduziert die Reibung, f\u00fcr schnellere, k\u00fchlere Schnitte. Sch\u00fctzt vor Korrosion und Verharzung;Lasergeschnittene vibrierende Eins\u00e4tze: f\u00fcr reduzierte Vibrationen und pr\u00e4zisere Schnitte;Eins\u00e4tze sind mit Polyurethan gef\u00fcllt und wirken als Sto\u00dfd\u00e4mpfer, die verhindern, dass Vibrationen die Hartmetallz\u00e4hne erreichen;Hochwertiger lasergeschnittener Stahl: garantiert pr\u00e4zise Schnitte;Kobaltbeschichtete Hartmetallz\u00e4hne: bleiben l\u00e4nger scharf und garantieren Qualit\u00e4tsschnitte <\/p>\n<p>4932498976<br \/>\n4058546528454<\/p>\n","protected":false},"excerpt":{"rendered":"<p>KREIS BLADEN Durchm.\/Loch mm 190\/30 Z24<\/p>\n","protected":false},"featured_media":592127,"template":"","meta":{"_seopress_robots_primary_cat":"","_seopress_titles_title":"","_seopress_titles_desc":"","_seopress_robots_index":""},"product_brand":[3407],"product_cat":[5416,33],"product_tag":[3270],"class_list":{"0":"post-609384","1":"product","2":"type-product","3":"status-publish","4":"has-post-thumbnail","6":"product_brand-milwaukee","7":"product_cat-utensili-per-officina","8":"product_cat-attrezzature","9":"product_tag-import-milwau","10":"sws-conto-ricavi-merci-rivendita-macchinari-de","11":"sws-gruppo-iva-iva81-de","13":"first","14":"onbackorder","15":"sale","16":"shipping-taxable","17":"purchasable","18":"product-type-simple"},"_links":{"self":[{"href":"https:\/\/lucacastelli.com\/de\/wp-json\/wp\/v2\/product\/609384","targetHints":{"allow":["GET"]}}],"collection":[{"href":"https:\/\/lucacastelli.com\/de\/wp-json\/wp\/v2\/product"}],"about":[{"href":"https:\/\/lucacastelli.com\/de\/wp-json\/wp\/v2\/types\/product"}],"wp:featuredmedia":[{"embeddable":true,"href":"https:\/\/lucacastelli.com\/de\/wp-json\/wp\/v2\/media\/592127"}],"wp:attachment":[{"href":"https:\/\/lucacastelli.com\/de\/wp-json\/wp\/v2\/media?parent=609384"}],"wp:term":[{"taxonomy":"product_brand","embeddable":true,"href":"https:\/\/lucacastelli.com\/de\/wp-json\/wp\/v2\/product_brand?post=609384"},{"taxonomy":"product_cat","embeddable":true,"href":"https:\/\/lucacastelli.com\/de\/wp-json\/wp\/v2\/product_cat?post=609384"},{"taxonomy":"product_tag","embeddable":true,"href":"https:\/\/lucacastelli.com\/de\/wp-json\/wp\/v2\/product_tag?post=609384"}],"curies":[{"name":"wp","href":"https:\/\/api.w.org\/{rel}","templated":true}]}}