{"id":609370,"date":"2025-07-12T17:54:25","date_gmt":"2025-07-12T15:54:25","guid":{"rendered":"https:\/\/lucacastelli.com\/prodotto\/milwaukee-segmentierte-klinge-4\/"},"modified":"2026-04-16T02:20:46","modified_gmt":"2026-04-16T00:20:46","slug":"milwaukee-segmentierte-klinge-4","status":"publish","type":"product","link":"https:\/\/lucacastelli.com\/de\/produkt\/milwaukee-segmentierte-klinge-4\/","title":{"rendered":"MILWAUKEE Segments\u00e4geblatt"},"content":{"rendered":"<p>DIAM-SEGMENT-S\u00c4GEBLATT SL 90&#215;2,2 mm \u2013 FUGEN 1 Stk.<br \/>\nDiamant-Segments\u00e4geblatt 90&#215;2,2 mm \u2013 Fugen. Zur Entfernung von besch\u00e4digtem Fugenm\u00f6rtel an Wand oder Boden. 5-fache Lebensdauer im Vergleich zu Standard-S\u00e4gebl\u00e4ttern; Die universelle STARLOCK-Aufnahme macht MILWAUKEE\u00ae Multitool-Zubeh\u00f6r mit den g\u00e4ngigsten oszillierenden Werkzeugen kompatibel.  <\/p>\n<p>S\u00e4gebl\u00e4tter zum Entfernen und Schaben<br \/>\n045242600489<\/p>\n","protected":false},"excerpt":{"rendered":"<p>DIAM-SEGMENT-S\u00c4GEBLATT SL 90&#215;2,2 mm \u2013 FUGEN 1 Stk. Diamant-Segments\u00e4geblatt 90&#215;2,2 mm \u2013 Fugen. Zur Entfernung von besch\u00e4digtem Fugenm\u00f6rtel an Wand<\/p>\n","protected":false},"featured_media":485293,"template":"","meta":{"_seopress_robots_primary_cat":"","_seopress_titles_title":"","_seopress_titles_desc":"","_seopress_robots_index":""},"product_brand":[3407],"product_cat":[29,558],"product_tag":[6834],"class_list":{"0":"post-609370","1":"product","2":"type-product","3":"status-publish","4":"has-post-thumbnail","6":"product_brand-milwaukee","7":"product_cat-macchinari","8":"product_cat-seghe-accessori-vari","9":"product_tag-imp-26-mw_update","10":"sws-gruppo-macchinari-de","11":"sws-conto-ricavi-merci-rivendita-macchinari-de","12":"sws-gruppo-iva-iva81-de","14":"first","15":"instock","16":"sale","17":"shipping-taxable","18":"purchasable","19":"product-type-simple"},"_links":{"self":[{"href":"https:\/\/lucacastelli.com\/de\/wp-json\/wp\/v2\/product\/609370","targetHints":{"allow":["GET"]}}],"collection":[{"href":"https:\/\/lucacastelli.com\/de\/wp-json\/wp\/v2\/product"}],"about":[{"href":"https:\/\/lucacastelli.com\/de\/wp-json\/wp\/v2\/types\/product"}],"wp:featuredmedia":[{"embeddable":true,"href":"https:\/\/lucacastelli.com\/de\/wp-json\/wp\/v2\/media\/485293"}],"wp:attachment":[{"href":"https:\/\/lucacastelli.com\/de\/wp-json\/wp\/v2\/media?parent=609370"}],"wp:term":[{"taxonomy":"product_brand","embeddable":true,"href":"https:\/\/lucacastelli.com\/de\/wp-json\/wp\/v2\/product_brand?post=609370"},{"taxonomy":"product_cat","embeddable":true,"href":"https:\/\/lucacastelli.com\/de\/wp-json\/wp\/v2\/product_cat?post=609370"},{"taxonomy":"product_tag","embeddable":true,"href":"https:\/\/lucacastelli.com\/de\/wp-json\/wp\/v2\/product_tag?post=609370"}],"curies":[{"name":"wp","href":"https:\/\/api.w.org\/{rel}","templated":true}]}}