{"id":609363,"date":"2025-07-12T17:54:09","date_gmt":"2025-07-12T15:54:09","guid":{"rendered":"https:\/\/lucacastelli.com\/prodotto\/milwaukee-vollschnittklinge-17\/"},"modified":"2025-07-12T17:54:09","modified_gmt":"2025-07-12T15:54:09","slug":"milwaukee-vollschnittklinge-17","status":"publish","type":"product","link":"https:\/\/lucacastelli.com\/de\/produkt\/milwaukee-vollschnittklinge-17\/","title":{"rendered":"Milwaukee Vollschnittklinge"},"content":{"rendered":"<p>35 mm Multimaterial-S\u00e4geblatt mit Hartmetallz\u00e4hnen. L\u00e4ngere Lebensdauer (bis zu 30-mal l\u00e4nger als Standardbl\u00e4tter); der universelle STARLOCK-Aufsatz macht Milwaukee\u00ae Multitool-Zubeh\u00f6r mit den meisten g\u00e4ngigen oszillierenden Werkzeugen kompatibel. <\/p>\n","protected":false},"excerpt":{"rendered":"<p>35 mm Multimaterial-S\u00e4geblatt mit Hartmetallz\u00e4hnen. L\u00e4ngere Lebensdauer (bis zu 30-mal l\u00e4nger als Standardbl\u00e4tter); der universelle STARLOCK-Aufsatz macht Milwaukee\u00ae Multitool-Zubeh\u00f6r mit<\/p>\n","protected":false},"featured_media":485132,"template":"","meta":{"_seopress_robots_primary_cat":"","_seopress_titles_title":"","_seopress_titles_desc":"","_seopress_robots_index":""},"product_brand":[3407],"product_cat":[29,558],"product_tag":[3270],"class_list":{"0":"post-609363","1":"product","2":"type-product","3":"status-publish","4":"has-post-thumbnail","6":"product_brand-milwaukee","7":"product_cat-macchinari","8":"product_cat-seghe-accessori-vari","9":"product_tag-import-milwau","10":"sws-gruppo-macchinari-de","11":"sws-conto-ricavi-merci-rivendita-macchinari-de","12":"sws-gruppo-iva-iva81-de","14":"first","15":"instock","16":"sale","17":"shipping-taxable","18":"purchasable","19":"product-type-simple"},"_links":{"self":[{"href":"https:\/\/lucacastelli.com\/de\/wp-json\/wp\/v2\/product\/609363","targetHints":{"allow":["GET"]}}],"collection":[{"href":"https:\/\/lucacastelli.com\/de\/wp-json\/wp\/v2\/product"}],"about":[{"href":"https:\/\/lucacastelli.com\/de\/wp-json\/wp\/v2\/types\/product"}],"wp:featuredmedia":[{"embeddable":true,"href":"https:\/\/lucacastelli.com\/de\/wp-json\/wp\/v2\/media\/485132"}],"wp:attachment":[{"href":"https:\/\/lucacastelli.com\/de\/wp-json\/wp\/v2\/media?parent=609363"}],"wp:term":[{"taxonomy":"product_brand","embeddable":true,"href":"https:\/\/lucacastelli.com\/de\/wp-json\/wp\/v2\/product_brand?post=609363"},{"taxonomy":"product_cat","embeddable":true,"href":"https:\/\/lucacastelli.com\/de\/wp-json\/wp\/v2\/product_cat?post=609363"},{"taxonomy":"product_tag","embeddable":true,"href":"https:\/\/lucacastelli.com\/de\/wp-json\/wp\/v2\/product_tag?post=609363"}],"curies":[{"name":"wp","href":"https:\/\/api.w.org\/{rel}","templated":true}]}}